{"id":58174,"date":"2024-05-15T15:47:27","date_gmt":"2024-05-15T08:47:27","guid":{"rendered":"https:\/\/mouldking.store\/shop\/zhegao-01047-truck-classic-with-810-pieces\/"},"modified":"2024-05-15T15:47:39","modified_gmt":"2024-05-15T08:47:39","slug":"zhegao-01047-truck-classic-with-810-pieces","status":"publish","type":"product","link":"https:\/\/mouldking.store\/fr\/shop\/zhegao-01047-truck-classic-with-810-pieces\/","title":{"rendered":"ZHEGAO 01047 Camion Classique avec 810 Pi\u00e8ces"},"content":{"rendered":"<div>\u2705ZHEGAO 01047 Camion Classique<\/p>\n<p>\u2705Les camions classiques font g\u00e9n\u00e9ralement r\u00e9f\u00e9rence \u00e0 des camions qui ont \u00e9t\u00e9 fabriqu\u00e9s il y a plusieurs d\u00e9cennies et qui ont depuis acquis un statut nostalgique ou vintage. Ces camions sont souvent admir\u00e9s pour leur design, leur durabilit\u00e9 et leur importance historique. Les camions classiques peuvent varier consid\u00e9rablement en termes de marque, de mod\u00e8le et de style, mais ils incluent souvent des v\u00e9hicules embl\u00e9matiques de fabricants tels que Ford, Chevrolet, Dodge, GMC et International Harvester.<\/p>\n<p>\ud83d\udeabIMPORTANT !<\/p>\n<p>Nom du produit : Camion classique<\/p>\n<p>Cat\u00e9gorie : Technique<\/p>\n<p>Ce kit contient : ZHEGAO 01047<\/p>\n<p>810 briques de bonne qualit\u00e9<\/p>\n<p>Taille : 25,9 \u00d7 7,8 \u00d7 10,6 cm<\/p>\n<p>Instructions manuelles<\/p>\n<p>\ud83d\udcccNature du protagoniste<\/p>\n<p>Nous vous pr\u00e9sentons notre fi\u00e8re collection nomm\u00e9e \u00ab Truck Classic \u00bb \u00e0 ne pas manquer.<\/p>\n<p>La restauration et la personnalisation de camions classiques sont un passe-temps populaire aupr\u00e8s des passionn\u00e9s du monde entier. Ces v\u00e9hicules participent souvent \u00e0 des salons automobiles, \u00e0 des rallyes de camions et \u00e0 d&#039;autres \u00e9v\u00e9nements d\u00e9di\u00e9s aux automobiles classiques. De plus, il existe un march\u00e9 florissant pour les pi\u00e8ces d\u00e9tach\u00e9es, les accessoires et les souvenirs de camions classiques.<\/p><\/div>","protected":false},"excerpt":{"rendered":"<p>Marque : ZHEGAO<br \/>\nGenre: Unisexe<br \/>\nTranche d&#039;\u00e2ge : &gt; 6 ans<br \/>\nNum\u00e9ro de mod\u00e8le : 01047<br \/>\nClassement : Assemblage<br \/>\nForme de bloc en plastique\u00a0: briques autobloquantes<br \/>\nMat\u00e9riel: Plastique<br \/>\nType de plastique : ABS<br \/>\nBlocs de briques : 810 +<br \/>\nPas de boite d&#039;origine<\/p>","protected":false},"featured_media":58173,"comment_status":"open","ping_status":"closed","template":"","meta":{"_acf_changed":false},"product_cat":[1357,364],"product_tag":[11528,389,11080,466],"class_list":["product","first","instock","shipping-taxable","purchasable","product-type-simple"],"acf":[],"_links":{"self":[{"href":"https:\/\/mouldking.store\/fr\/wp-json\/wp\/v2\/product\/58174","targetHints":{"allow":["GET"]}}],"collection":[{"href":"https:\/\/mouldking.store\/fr\/wp-json\/wp\/v2\/product"}],"about":[{"href":"https:\/\/mouldking.store\/fr\/wp-json\/wp\/v2\/types\/product"}],"replies":[{"embeddable":true,"href":"https:\/\/mouldking.store\/fr\/wp-json\/wp\/v2\/comments?post=58174"}],"wp:featuredmedia":[{"embeddable":true,"href":"https:\/\/mouldking.store\/fr\/wp-json\/wp\/v2\/media\/58173"}],"wp:attachment":[{"href":"https:\/\/mouldking.store\/fr\/wp-json\/wp\/v2\/media?parent=58174"}],"wp:term":[{"taxonomy":"product_cat","embeddable":true,"href":"https:\/\/mouldking.store\/fr\/wp-json\/wp\/v2\/product_cat?post=58174"},{"taxonomy":"product_tag","embeddable":true,"href":"https:\/\/mouldking.store\/fr\/wp-json\/wp\/v2\/product_tag?post=58174"}],"curies":[{"name":"wp","href":"https:\/\/api.w.org\/{rel}","templated":true}]}}