{"id":58231,"date":"2024-05-15T16:55:43","date_gmt":"2024-05-15T09:55:43","guid":{"rendered":"https:\/\/mouldking.store\/shop\/cada-c62005-citroen-c4-wrc-with-1569-pieces\/"},"modified":"2024-05-15T16:55:58","modified_gmt":"2024-05-15T09:55:58","slug":"cada-c62005-citroen-c4-wrc-with-1569-pieces","status":"publish","type":"product","link":"https:\/\/mouldking.store\/fr\/shop\/cada-c62005-citroen-c4-wrc-with-1569-pieces\/","title":{"rendered":"CaDa C62005 Citroen C4 WRC with 1569 Pieces"},"content":{"rendered":"<div>\u2705CaDA C62005 Citroen C4 WRC<\/p>\n<p>\u2705The Citro\u00ebn C4 WRC (World Rally Car) is a high-performance rally car developed by the French manufacturer Citro\u00ebn for competing in the World Rally Championship (WRC).&nbsp; The Citro\u00ebn C4 WRC made its competitive debut in the 2007 World Rally Championship season. It replaced the successful Citro\u00ebn Xsara WRC, which had achieved multiple championship titles.<\/p>\n<p>\ud83d\udeabIMPORTANT !<\/p>\n<p>Product Name: Citroen C4 WRC<\/p>\n<p>Cat\u00e9gorie : Technique<\/p>\n<p>This Kit Contains: CaDA C62005<\/p>\n<p>1569 pcs Good Quality Bricks<\/p>\n<p>Size: 32.1 \u00d7 13.8 \u00d7 11.4 cm<\/p>\n<p>Instructions manuelles<\/p>\n<p>\ud83d\udcccNature du protagoniste<\/p>\n<p>Introducing our proud collection named \u201cCitroen C4 WRC\u201d you should not miss.<\/p>\n<p>The C4 WRC is based on the road-going Citro\u00ebn C4, but it is extensively modified for rallying. It features a lightweight chassis, advanced aerodynamics, and a powerful turbocharged engine. The C4 WRC is powered by a 2.0-liter turbocharged inline-four engine, producing around 300 horsepower and 600 Nm of torque. The engine is paired with a sequential gearbox for rapid gear changes. The Citro\u00ebn C4 WRC enjoyed considerable success in the World Rally Championship. It won the manufacturers&#8217; championship in 2008, 2009, and 2010, with drivers such as S\u00e9bastien Loeb and Dani Sordo achieving numerous victories behind the wheel of the car.<\/p><\/div>","protected":false},"excerpt":{"rendered":"<p>Marque : CaDa<br \/>\nGenre: Unisexe<br \/>\nTranche d&#039;\u00e2ge : &gt; 8 ans<br \/>\nModel Number: C62005<br \/>\nClassement : Assemblage<br \/>\nForme de bloc en plastique\u00a0: briques autobloquantes<br \/>\nMat\u00e9riel: Plastique<br \/>\nType de plastique : ABS<br \/>\nBricks Blocks: 1569 +<br \/>\nPas de boite d&#039;origine<\/p>","protected":false},"featured_media":58230,"comment_status":"open","ping_status":"closed","template":"","meta":{"_acf_changed":false},"product_cat":[1360,1357,364,1875],"product_tag":[13270,457,9108,389,11080,13271],"class_list":["product","first","instock","shipping-taxable","purchasable","product-type-simple"],"acf":[],"_links":{"self":[{"href":"https:\/\/mouldking.store\/fr\/wp-json\/wp\/v2\/product\/58231","targetHints":{"allow":["GET"]}}],"collection":[{"href":"https:\/\/mouldking.store\/fr\/wp-json\/wp\/v2\/product"}],"about":[{"href":"https:\/\/mouldking.store\/fr\/wp-json\/wp\/v2\/types\/product"}],"replies":[{"embeddable":true,"href":"https:\/\/mouldking.store\/fr\/wp-json\/wp\/v2\/comments?post=58231"}],"wp:featuredmedia":[{"embeddable":true,"href":"https:\/\/mouldking.store\/fr\/wp-json\/wp\/v2\/media\/58230"}],"wp:attachment":[{"href":"https:\/\/mouldking.store\/fr\/wp-json\/wp\/v2\/media?parent=58231"}],"wp:term":[{"taxonomy":"product_cat","embeddable":true,"href":"https:\/\/mouldking.store\/fr\/wp-json\/wp\/v2\/product_cat?post=58231"},{"taxonomy":"product_tag","embeddable":true,"href":"https:\/\/mouldking.store\/fr\/wp-json\/wp\/v2\/product_tag?post=58231"}],"curies":[{"name":"wp","href":"https:\/\/api.w.org\/{rel}","templated":true}]}}