{"id":58377,"date":"2024-05-17T16:54:41","date_gmt":"2024-05-17T09:54:41","guid":{"rendered":"https:\/\/mouldking.store\/shop\/custom-92192-succulent-plants-with-680-pieces\/"},"modified":"2024-05-17T16:55:01","modified_gmt":"2024-05-17T09:55:01","slug":"custom-92192-succulent-plants-with-680-pieces","status":"publish","type":"product","link":"https:\/\/mouldking.store\/fr\/shop\/custom-92192-succulent-plants-with-680-pieces\/","title":{"rendered":"Custom 92192 Succulent Plants with 680 Pieces"},"content":{"rendered":"<div>\u2705Custom 92192 Succulent Plants<\/p>\n<p>\u2705Succulent plants are a diverse group of plants known for their thick, fleshy leaves, stems, or roots that store water, allowing them to thrive in arid or drought-prone environments.&nbsp;<\/p>\n<p>\ud83d\udeabIMPORTANT !<\/p>\n<p>Product Name: Succulent Plants<\/p>\n<p>Cat\u00e9gorie\u00a0: Cr\u00e9ateur<\/p>\n<p>This Kit Contains: Custom 92192&nbsp;<\/p>\n<p>680 pcs Good Quality Bricks<\/p>\n<p>Instructions manuelles<\/p>\n<p>\ud83d\udcccNature du protagoniste<\/p>\n<p>Introducing our proud collection named \u201cSucculent Plants\u201d you should not miss.<\/p>\n<p>Succulents are characterized by their fleshy, swollen leaves or stems, which have adapted to store water during periods of drought. Succulents come in a wide range of shapes, sizes, and colors, with some species forming rosettes, others having trailing or upright growth habits, and still others resembling geometric shapes.<\/p><\/div>","protected":false},"excerpt":{"rendered":"<p>Marque : Custom<br \/>\nGenre: Unisexe<br \/>\nTranche d&#039;\u00e2ge : &gt; 6 ans<br \/>\nModel Number: 92192<br \/>\nClassement : Assemblage<br \/>\nForme de bloc en plastique\u00a0: briques autobloquantes<br \/>\nMat\u00e9riel: Plastique<br \/>\nType de plastique : ABS<br \/>\nBricks Blocks: 680 +<br \/>\nPas de boite d&#039;origine<br \/>\nLe produit n&#039;inclut pas l&#039;autocollant et les pi\u00e8ces imprim\u00e9es. Toutes les pi\u00e8ces imprim\u00e9es seront remplac\u00e9es par des pi\u00e8ces standard et ne seront pas livr\u00e9es avec des accessoires tiers.<\/p>","protected":false},"featured_media":58376,"comment_status":"open","ping_status":"closed","template":"","meta":{"_acf_changed":false},"product_cat":[1365,371],"product_tag":[11072,8452,10000,11875],"class_list":["product","first","instock","shipping-taxable","purchasable","product-type-simple"],"acf":[],"_links":{"self":[{"href":"https:\/\/mouldking.store\/fr\/wp-json\/wp\/v2\/product\/58377","targetHints":{"allow":["GET"]}}],"collection":[{"href":"https:\/\/mouldking.store\/fr\/wp-json\/wp\/v2\/product"}],"about":[{"href":"https:\/\/mouldking.store\/fr\/wp-json\/wp\/v2\/types\/product"}],"replies":[{"embeddable":true,"href":"https:\/\/mouldking.store\/fr\/wp-json\/wp\/v2\/comments?post=58377"}],"wp:featuredmedia":[{"embeddable":true,"href":"https:\/\/mouldking.store\/fr\/wp-json\/wp\/v2\/media\/58376"}],"wp:attachment":[{"href":"https:\/\/mouldking.store\/fr\/wp-json\/wp\/v2\/media?parent=58377"}],"wp:term":[{"taxonomy":"product_cat","embeddable":true,"href":"https:\/\/mouldking.store\/fr\/wp-json\/wp\/v2\/product_cat?post=58377"},{"taxonomy":"product_tag","embeddable":true,"href":"https:\/\/mouldking.store\/fr\/wp-json\/wp\/v2\/product_tag?post=58377"}],"curies":[{"name":"wp","href":"https:\/\/api.w.org\/{rel}","templated":true}]}}