{"id":58386,"date":"2024-05-17T17:03:34","date_gmt":"2024-05-17T10:03:34","guid":{"rendered":"https:\/\/mouldking.store\/shop\/custom-92199-ship-in-a-bottle-the-flying-dutchman-with-1100-pieces\/"},"modified":"2024-05-17T17:03:40","modified_gmt":"2024-05-17T10:03:40","slug":"custom-92199-ship-in-a-bottle-the-flying-dutchman-with-1100-pieces","status":"publish","type":"product","link":"https:\/\/mouldking.store\/fr\/shop\/custom-92199-ship-in-a-bottle-the-flying-dutchman-with-1100-pieces\/","title":{"rendered":"Custom 92199 Ship in a Bottle The Flying Dutchman with 1100 Pieces"},"content":{"rendered":"<div>\u2705Custom 92199 Ship in a Bottle The Flying Dutchman<\/p>\n<p>\u2705The Flying Dutchman is a legendary ghost ship said to be doomed to sail the oceans forever, never able to make port.&nbsp;<\/p>\n<p>\ud83d\udeabIMPORTANT !<\/p>\n<p>Product Name: Ship in a Bottle The Flying Dutchman<\/p>\n<p>Cat\u00e9gorie\u00a0: Cr\u00e9ateur<\/p>\n<p>This Kit Contains: Custom 92199<\/p>\n<p>1100 pcs Good Quality Bricks<\/p>\n<p>Instructions manuelles<\/p>\n<p>\ud83d\udcccNature du protagoniste<\/p>\n<p>Introducing our proud collection named \u201cShip in a Bottle The Flying Dutchman\u201d you should not miss.<\/p>\n<p>The legend of the Flying Dutchman has its roots in nautical folklore and has been passed down through generations of sailors and seafarers. The earliest written references to the Flying Dutchman appear in 18th-century maritime literature, with sightings reported by sailors who claimed to have encountered the phantom ship.<\/p><\/div>","protected":false},"excerpt":{"rendered":"<p>Marque : Custom<br \/>\nGenre: Unisexe<br \/>\nTranche d&#039;\u00e2ge : &gt; 6 ans<br \/>\nModel Number: 92199<br \/>\nClassement : Assemblage<br \/>\nForme de bloc en plastique\u00a0: briques autobloquantes<br \/>\nMat\u00e9riel: Plastique<br \/>\nType de plastique : ABS<br \/>\nBricks Blocks: 1100 +<br \/>\nPas de boite d&#039;origine<br \/>\nLe produit n&#039;inclut pas l&#039;autocollant et les pi\u00e8ces imprim\u00e9es. Toutes les pi\u00e8ces imprim\u00e9es seront remplac\u00e9es par des pi\u00e8ces standard et ne seront pas livr\u00e9es avec des accessoires tiers.<\/p>","protected":false},"featured_media":58385,"comment_status":"open","ping_status":"closed","template":"","meta":{"_acf_changed":false},"product_cat":[1365,371],"product_tag":[12378,11072,8452,12303,12302,12725,8704,304],"class_list":["product","first","instock","shipping-taxable","purchasable","product-type-simple"],"acf":[],"_links":{"self":[{"href":"https:\/\/mouldking.store\/fr\/wp-json\/wp\/v2\/product\/58386","targetHints":{"allow":["GET"]}}],"collection":[{"href":"https:\/\/mouldking.store\/fr\/wp-json\/wp\/v2\/product"}],"about":[{"href":"https:\/\/mouldking.store\/fr\/wp-json\/wp\/v2\/types\/product"}],"replies":[{"embeddable":true,"href":"https:\/\/mouldking.store\/fr\/wp-json\/wp\/v2\/comments?post=58386"}],"wp:featuredmedia":[{"embeddable":true,"href":"https:\/\/mouldking.store\/fr\/wp-json\/wp\/v2\/media\/58385"}],"wp:attachment":[{"href":"https:\/\/mouldking.store\/fr\/wp-json\/wp\/v2\/media?parent=58386"}],"wp:term":[{"taxonomy":"product_cat","embeddable":true,"href":"https:\/\/mouldking.store\/fr\/wp-json\/wp\/v2\/product_cat?post=58386"},{"taxonomy":"product_tag","embeddable":true,"href":"https:\/\/mouldking.store\/fr\/wp-json\/wp\/v2\/product_tag?post=58386"}],"curies":[{"name":"wp","href":"https:\/\/api.w.org\/{rel}","templated":true}]}}