{"id":58390,"date":"2024-05-17T17:07:23","date_gmt":"2024-05-17T10:07:23","guid":{"rendered":"https:\/\/mouldking.store\/shop\/custom-92208-skeleton-ship-with-1592-pieces\/"},"modified":"2024-05-17T17:07:37","modified_gmt":"2024-05-17T10:07:37","slug":"custom-92208-skeleton-ship-with-1592-pieces","status":"publish","type":"product","link":"https:\/\/mouldking.store\/fr\/shop\/custom-92208-skeleton-ship-with-1592-pieces\/","title":{"rendered":"Custom 92208 Skeleton Ship with 1592 Pieces"},"content":{"rendered":"<div>\u2705Custom 92208 Skeleton Ship<\/p>\n<p>\u2705One famous example of this concept is the &#8220;Flying Dutchman&#8221; from various tales and adaptations, including the &#8220;Pirates of the Caribbean&#8221; film series. In those movies, the crew of the Flying Dutchman are cursed to live as part of the ship, appearing as skeletal or aquatic creatures.<\/p>\n<p>\ud83d\udeabIMPORTANT !<\/p>\n<p>Product Name: Skeleton Ship<\/p>\n<p>Cat\u00e9gorie : Technique<\/p>\n<p>This Kit Contains: Custom 92208<\/p>\n<p>1592 pcs Good Quality Bricks<\/p>\n<p>Size:&nbsp; 66 \u00d7 23 \u00d7 56 cm<\/p>\n<p>Instructions manuelles<\/p>\n<p>\ud83d\udcccNature du protagoniste<\/p>\n<p>Introducing our proud collection named \u201cSkeleton Ship\u201d you should not miss.<\/p>\n<p>These skeletal pirates often add an eerie and fantastical element to pirate stories, blending elements of horror and adventure. They may be depicted as relentless and fearsome adversaries, continuing to pursue their goals even in death.<\/p><\/div>","protected":false},"excerpt":{"rendered":"<p>Marque : Custom<br \/>\nGenre: Unisexe<br \/>\nTranche d&#039;\u00e2ge : &gt; 12 ans<br \/>\nModel Number: 92208<br \/>\nClassement : Assemblage<br \/>\nForme de bloc en plastique\u00a0: briques autobloquantes<br \/>\nMat\u00e9riel: Plastique<br \/>\nType de plastique : ABS<br \/>\nBricks Blocks: 1592 +<br \/>\nPas de boite d&#039;origine<br \/>\nLe produit n&#039;inclut pas l&#039;autocollant et les pi\u00e8ces imprim\u00e9es. Toutes les pi\u00e8ces imprim\u00e9es seront remplac\u00e9es par des pi\u00e8ces standard et ne seront pas livr\u00e9es avec des accessoires tiers.<\/p>","protected":false},"featured_media":58389,"comment_status":"open","ping_status":"closed","template":"","meta":{"_acf_changed":false},"product_cat":[1357,364],"product_tag":[8704,304,9924,389,11080],"class_list":["product","first","instock","shipping-taxable","purchasable","product-type-simple"],"acf":[],"_links":{"self":[{"href":"https:\/\/mouldking.store\/fr\/wp-json\/wp\/v2\/product\/58390","targetHints":{"allow":["GET"]}}],"collection":[{"href":"https:\/\/mouldking.store\/fr\/wp-json\/wp\/v2\/product"}],"about":[{"href":"https:\/\/mouldking.store\/fr\/wp-json\/wp\/v2\/types\/product"}],"replies":[{"embeddable":true,"href":"https:\/\/mouldking.store\/fr\/wp-json\/wp\/v2\/comments?post=58390"}],"wp:featuredmedia":[{"embeddable":true,"href":"https:\/\/mouldking.store\/fr\/wp-json\/wp\/v2\/media\/58389"}],"wp:attachment":[{"href":"https:\/\/mouldking.store\/fr\/wp-json\/wp\/v2\/media?parent=58390"}],"wp:term":[{"taxonomy":"product_cat","embeddable":true,"href":"https:\/\/mouldking.store\/fr\/wp-json\/wp\/v2\/product_cat?post=58390"},{"taxonomy":"product_tag","embeddable":true,"href":"https:\/\/mouldking.store\/fr\/wp-json\/wp\/v2\/product_tag?post=58390"}],"curies":[{"name":"wp","href":"https:\/\/api.w.org\/{rel}","templated":true}]}}