{"id":58573,"date":"2024-05-29T12:28:56","date_gmt":"2024-05-29T05:28:56","guid":{"rendered":"https:\/\/mouldking.store\/shop\/moc-factory-123926-the-a-team-gma-van-gmc-g-series-with-1521-pieces\/"},"modified":"2025-12-16T20:59:10","modified_gmt":"2025-12-16T13:59:10","slug":"moc-factory-123926-the-a-team-gma-van-gmc-g-series-with-1521-pieces","status":"publish","type":"product","link":"https:\/\/mouldking.store\/fr\/shop\/moc-factory-123926-the-a-team-gma-van-gmc-g-series-with-1521-pieces\/","title":{"rendered":"MOC Factory 123926 L&#039;Agence tous risques GMA Van GMC S\u00e9rie G avec 1521 pi\u00e8ces"},"content":{"rendered":"<div>\u2705 MOC-123926 L&#039;Agence tous risques GMA Van GMC S\u00e9rie G<\/p>\n<p>Dans la s\u00e9rie t\u00e9l\u00e9vis\u00e9e des ann\u00e9es 1980 \u00ab\u00a0L&#039;Agence tous risques\u00a0\u00bb, le van embl\u00e9matique utilis\u00e9 par les protagonistes \u00e9tait un GMC Vandura S\u00e9rie G noir et gris m\u00e9tallis\u00e9 de 1983. L&#039;Agence tous risques, compos\u00e9e du colonel John \u00ab\u00a0Hannibal\u00a0\u00bb Smith, du lieutenant Templeton \u00ab\u00a0Faceman\u00a0\u00bb Peck, du capitaine HM \u00ab\u00a0Howling Mad\u00a0\u00bb Murdock et du sergent Bosco Albert \u00ab\u00a0BA\u00a0\u00bb Baracus, utilisait ce van comme principal moyen de transport pour traverser le pays et \u00e9chapper \u00e0 la justice pour des crimes qu&#039;ils n&#039;avaient pas commis.<\/p>\n<p>\ud83d\udeabIMPORTANT !<\/p>\n<p>Nom du produit : Fourgonnette GMA de l&#039;Agence tous risques GMC S\u00e9rie G<\/p>\n<p>Cat\u00e9gorie : Technique<\/p>\n<p>Ce kit contient : C9944<\/p>\n<p>1521 briques de bonne qualit\u00e9<\/p>\n<p>Dimensions : 157 x 67 x 37 cm<\/p>\n<p>Poids : 1,22 kg<\/p>\n<p>Instructions PDF<\/p>\n<p>\ud83d\udcccNature du protagoniste<\/p>\n<p>Nous vous pr\u00e9sentons notre fi\u00e8re collection nomm\u00e9e \u00ab The A-Team GMA Van GMC G-Series \u00bb \u00e0 ne pas manquer.<\/p>\n<p>Le van \u00e9tait fortement personnalis\u00e9 avec divers \u00e9l\u00e9ments, dont une bande rouge distinctive, un aileron de toit, des jantes en alliage et un toit ouvrant. \u00c0 l&#039;int\u00e9rieur, il \u00e9tait \u00e9quip\u00e9 d&#039;une large gamme d&#039;outils et de gadgets n\u00e9cessaires aux missions de l&#039;Agence tous risques, les aidant souvent \u00e0 d\u00e9jouer leurs adversaires et \u00e0 atteindre leurs objectifs.<\/p><\/div>","protected":false},"excerpt":{"rendered":"<p>Marque : MOC Factory<br \/>\nGenre: Unisexe<br \/>\nTranche d&#039;\u00e2ge : &gt; 6 ans<br \/>\nNum\u00e9ro de mod\u00e8le : 123926<br \/>\nClassement : Assemblage<br \/>\nForme de bloc en plastique\u00a0: briques autobloquantes<br \/>\nMat\u00e9riel: Plastique<br \/>\nType de plastique : ABS<br \/>\nBlocs de briques : 1521 +<br \/>\nPas de boite d&#039;origine<\/p>","protected":false},"featured_media":58572,"comment_status":"open","ping_status":"closed","template":"","meta":{"_acf_changed":false},"product_cat":[1360,1357,364,1875],"product_tag":[457,13317,13318,389,11080,11571],"class_list":["product","first","instock","shipping-taxable","purchasable","product-type-simple"],"acf":[],"_links":{"self":[{"href":"https:\/\/mouldking.store\/fr\/wp-json\/wp\/v2\/product\/58573","targetHints":{"allow":["GET"]}}],"collection":[{"href":"https:\/\/mouldking.store\/fr\/wp-json\/wp\/v2\/product"}],"about":[{"href":"https:\/\/mouldking.store\/fr\/wp-json\/wp\/v2\/types\/product"}],"replies":[{"embeddable":true,"href":"https:\/\/mouldking.store\/fr\/wp-json\/wp\/v2\/comments?post=58573"}],"wp:featuredmedia":[{"embeddable":true,"href":"https:\/\/mouldking.store\/fr\/wp-json\/wp\/v2\/media\/58572"}],"wp:attachment":[{"href":"https:\/\/mouldking.store\/fr\/wp-json\/wp\/v2\/media?parent=58573"}],"wp:term":[{"taxonomy":"product_cat","embeddable":true,"href":"https:\/\/mouldking.store\/fr\/wp-json\/wp\/v2\/product_cat?post=58573"},{"taxonomy":"product_tag","embeddable":true,"href":"https:\/\/mouldking.store\/fr\/wp-json\/wp\/v2\/product_tag?post=58573"}],"curies":[{"name":"wp","href":"https:\/\/api.w.org\/{rel}","templated":true}]}}