{"id":58611,"date":"2024-05-29T12:32:09","date_gmt":"2024-05-29T05:32:09","guid":{"rendered":"https:\/\/mouldking.store\/shop\/moc-factory-113558-the-hobbit-and-lord-of-the-rings-dark-lord-sauron-with-982-pieces\/"},"modified":"2025-12-16T20:59:09","modified_gmt":"2025-12-16T13:59:09","slug":"moc-factory-113558-the-hobbit-and-lord-of-the-rings-dark-lord-sauron-with-982-pieces","status":"publish","type":"product","link":"https:\/\/mouldking.store\/fr\/shop\/moc-factory-113558-the-hobbit-and-lord-of-the-rings-dark-lord-sauron-with-982-pieces\/","title":{"rendered":"MOC Factory 113558 Le Hobbit et le Seigneur des Anneaux Seigneur des T\u00e9n\u00e8bres Sauron avec 982 pi\u00e8ces"},"content":{"rendered":"<div>\u2705 MOC-113558 The Hobbit and Lord of the Rings Dark Lord Sauron<\/p>\n<p>\u2705In both &#8220;The Hobbit&#8221; and &#8220;The Lord of the Rings&#8221; by J.R.R. Tolkien, Sauron is the primary antagonist and the Dark Lord of Middle-earth. He is a powerful Maia, a divine being of the same order as Gandalf and Saruman, who was originally a servant of the greater Valar, or angelic beings, named Morgoth.<\/p>\n<p>\ud83d\udeabIMPORTANT !<\/p>\n<p>Product Name: The Hobbit and Lord of the Rings Dark Lord Sauron<\/p>\n<p>Cat\u00e9gorie : Film<\/p>\n<p>This Kit Contains: C9600<\/p>\n<p>982 pcs Good Quality Bricks<\/p>\n<p>Weight: 0.68 kg<\/p>\n<p>Instructions PDF<\/p>\n<p>\ud83d\udcccNature du protagoniste<\/p>\n<p>Introducing our proud collection named \u201cThe Hobbit and Lord of the Rings Dark Lord Sauron\u201d you should not miss.<\/p>\n<p>Sauron&#8217;s desire for power and dominion led him to serve Morgoth during the First Age of Middle-earth. After Morgoth&#8217;s defeat, Sauron rose to become Morgoth&#8217;s chief lieutenant and continued his master&#8217;s work, seeking to conquer Middle-earth and bend its inhabitants to his will. Sauron is most famously known for forging the One Ring, a powerful artifact imbued with his own essence and the ability to control the other Rings of Power. He created the One Ring in the fires of Mount Doom to rule over the other Rings and their bearers, but it was eventually lost and became the focal point of the events in both &#8220;The Hobbit&#8221; and &#8220;The Lord of the Rings.&#8221;<\/p><\/div>","protected":false},"excerpt":{"rendered":"<p>Marque : MOC Factory<br \/>\nGenre: Unisexe<br \/>\nTranche d&#039;\u00e2ge : &gt; 6 ans<br \/>\nModel Number: 113558<br \/>\nClassement : Assemblage<br \/>\nForme de bloc en plastique\u00a0: briques autobloquantes<br \/>\nMat\u00e9riel: Plastique<br \/>\nType de plastique : ABS<br \/>\nBricks Blocks: 982 +<br \/>\nPas de boite d&#039;origine<\/p>","protected":false},"featured_media":58610,"comment_status":"open","ping_status":"closed","template":"","meta":{"_acf_changed":false},"product_cat":[1365,371,581,1408],"product_tag":[11072,8452,13327,13325,13326,434,3519,11495,13194,6169],"class_list":["product","first","instock","shipping-taxable","purchasable","product-type-simple"],"acf":[],"_links":{"self":[{"href":"https:\/\/mouldking.store\/fr\/wp-json\/wp\/v2\/product\/58611","targetHints":{"allow":["GET"]}}],"collection":[{"href":"https:\/\/mouldking.store\/fr\/wp-json\/wp\/v2\/product"}],"about":[{"href":"https:\/\/mouldking.store\/fr\/wp-json\/wp\/v2\/types\/product"}],"replies":[{"embeddable":true,"href":"https:\/\/mouldking.store\/fr\/wp-json\/wp\/v2\/comments?post=58611"}],"wp:featuredmedia":[{"embeddable":true,"href":"https:\/\/mouldking.store\/fr\/wp-json\/wp\/v2\/media\/58610"}],"wp:attachment":[{"href":"https:\/\/mouldking.store\/fr\/wp-json\/wp\/v2\/media?parent=58611"}],"wp:term":[{"taxonomy":"product_cat","embeddable":true,"href":"https:\/\/mouldking.store\/fr\/wp-json\/wp\/v2\/product_cat?post=58611"},{"taxonomy":"product_tag","embeddable":true,"href":"https:\/\/mouldking.store\/fr\/wp-json\/wp\/v2\/product_tag?post=58611"}],"curies":[{"name":"wp","href":"https:\/\/api.w.org\/{rel}","templated":true}]}}