{"id":59050,"date":"2024-05-29T18:24:05","date_gmt":"2024-05-29T11:24:05","guid":{"rendered":"https:\/\/mouldking.store\/shop\/sembo-714028-714031-mini-racing-cars-with-874-pieces\/"},"modified":"2024-05-29T18:24:12","modified_gmt":"2024-05-29T11:24:12","slug":"sembo-714028-714031-mini-racing-cars-with-874-pieces","status":"publish","type":"product","link":"https:\/\/mouldking.store\/fr\/shop\/sembo-714028-714031-mini-racing-cars-with-874-pieces\/","title":{"rendered":"SEMBO 714028-714031 Mini voitures de course avec 874 pi\u00e8ces"},"content":{"rendered":"<div>\u2705SEMBO 714028-714031 Mini voitures de course<\/p>\n<p>\u2705Les mini-voitures de course, aussi appel\u00e9es micro-voitures de course ou voitures de poche, sont des versions r\u00e9duites de voitures de course grandeur nature, con\u00e7ues pour les courses sur petits circuits. Ces v\u00e9hicules miniatures pr\u00e9sentent souvent des \u00e9l\u00e9ments de design similaires \u00e0 leurs homologues plus grands, notamment une carrosserie a\u00e9rodynamique \u00e9l\u00e9gante, des moteurs hautes performances et des syst\u00e8mes de suspension avanc\u00e9s.<\/p>\n<p>\ud83d\udeabIMPORTANT !<\/p>\n<p>Nom du produit : Mini voitures de course<\/p>\n<p>Cat\u00e9gorie : Technique<\/p>\n<p>Ce kit contient : SEMBO 714028-714031<\/p>\n<p>874 briques de bonne qualit\u00e9<\/p>\n<p>Taille : 13,5 \u00d7 6 \u00d7 4,7 cm<\/p>\n<p>Instructions manuelles<\/p>\n<p>\ud83d\udcccNature du protagoniste<\/p>\n<p>Nous vous pr\u00e9sentons notre fi\u00e8re collection nomm\u00e9e \u00ab Mini Racing Cars \u00bb \u00e0 ne pas manquer.<\/p>\n<p>Il s&#039;agit de versions \u00e0 \u00e9chelle r\u00e9duite de voitures de course traditionnelles, comme les Formule 1 ou les voitures de tourisme, con\u00e7ues pour courir sur des circuits miniatures. Les micro-voitures de course pr\u00e9sentent souvent une ing\u00e9nierie sophistiqu\u00e9e et sont tr\u00e8s appr\u00e9ci\u00e9es des amateurs qui aiment construire et personnaliser leurs v\u00e9hicules.<\/p><\/div>","protected":false},"excerpt":{"rendered":"<p>Marque : SEMBO<br \/>\nGenre: Unisexe<br \/>\nTranche d&#039;\u00e2ge : &gt; 6 ans<br \/>\nNum\u00e9ro de mod\u00e8le : 714028-714031<br \/>\nClassement : Assemblage<br \/>\nForme de bloc en plastique\u00a0: briques autobloquantes<br \/>\nMat\u00e9riel: Plastique<br \/>\nType de plastique : ABS<br \/>\nBlocs de briques : 874 +<br \/>\nPas de boite d&#039;origine<\/p>","protected":false},"featured_media":59049,"comment_status":"open","ping_status":"closed","template":"","meta":{"_acf_changed":false},"product_cat":[1360,1357,364],"product_tag":[10385,479,710,12888,389,11080],"class_list":["product","first","instock","shipping-taxable","purchasable","product-type-simple"],"acf":[],"_links":{"self":[{"href":"https:\/\/mouldking.store\/fr\/wp-json\/wp\/v2\/product\/59050","targetHints":{"allow":["GET"]}}],"collection":[{"href":"https:\/\/mouldking.store\/fr\/wp-json\/wp\/v2\/product"}],"about":[{"href":"https:\/\/mouldking.store\/fr\/wp-json\/wp\/v2\/types\/product"}],"replies":[{"embeddable":true,"href":"https:\/\/mouldking.store\/fr\/wp-json\/wp\/v2\/comments?post=59050"}],"wp:featuredmedia":[{"embeddable":true,"href":"https:\/\/mouldking.store\/fr\/wp-json\/wp\/v2\/media\/59049"}],"wp:attachment":[{"href":"https:\/\/mouldking.store\/fr\/wp-json\/wp\/v2\/media?parent=59050"}],"wp:term":[{"taxonomy":"product_cat","embeddable":true,"href":"https:\/\/mouldking.store\/fr\/wp-json\/wp\/v2\/product_cat?post=59050"},{"taxonomy":"product_tag","embeddable":true,"href":"https:\/\/mouldking.store\/fr\/wp-json\/wp\/v2\/product_tag?post=59050"}],"curies":[{"name":"wp","href":"https:\/\/api.w.org\/{rel}","templated":true}]}}