{"id":59242,"date":"2024-05-31T10:50:56","date_gmt":"2024-05-31T03:50:56","guid":{"rendered":"https:\/\/mouldking.store\/shop\/guly-10624-star-rambo-with-motor-with-4106-pieces\/"},"modified":"2024-05-31T10:51:10","modified_gmt":"2024-05-31T03:51:10","slug":"guly-10624-star-rambo-with-motor-with-4106-pieces","status":"publish","type":"product","link":"https:\/\/mouldking.store\/fr\/shop\/guly-10624-star-rambo-with-motor-with-4106-pieces\/","title":{"rendered":"GULY 10624 Star Rambo avec moteur avec 4106 pi\u00e8ces"},"content":{"rendered":"<div>\u2705GULY 10624 Star Rambo avec moteur<\/p>\n<p>\u2705L&#039;Aventador pr\u00e9sente un design \u00e9l\u00e9gant et agressif, avec un puissant moteur V12 atmosph\u00e9rique, une a\u00e9rodynamique avanc\u00e9e et une technologie de pointe. Son nom vient d&#039;un taureau qui est entr\u00e9 dans une ar\u00e8ne de tauromachie \u00e0 Saragosse, en Espagne, en octobre 1993, fid\u00e8le \u00e0 la tradition de Lamborghini de nommer ses voitures d&#039;apr\u00e8s des taureaux c\u00e9l\u00e8bres ou des termes li\u00e9s \u00e0 la tauromachie.<\/p>\n<p>\ud83d\udeabIMPORTANT !<\/p>\n<p>Nom du produit : Star Rambo avec moteur<\/p>\n<p>Cat\u00e9gorie : Technique<\/p>\n<p>Ce kit contient : GULY 10624<\/p>\n<p>4106 pi\u00e8ces de briques de bonne qualit\u00e9<\/p>\n<p>Taille: 62 \u00d7 29,3 \u00d7 15 cm<\/p>\n<p>Instructions manuelles<\/p>\n<p>\ud83d\udcccNature du protagoniste<\/p>\n<p>Nous vous pr\u00e9sentons notre fi\u00e8re collection nomm\u00e9e \u00ab Star Rambo With Motor \u00bb \u00e0 ne pas manquer.<\/p>\n<p>L&#039;Aventador est disponible dans diverses configurations, notamment en versions coup\u00e9 et cabriolet (roadster), et a vu plusieurs \u00e9ditions sp\u00e9ciales et variantes de performances lanc\u00e9es au fil des ans, telles que l&#039;Aventador S, l&#039;Aventador SVJ et des mod\u00e8les \u00e0 production limit\u00e9e comme l&#039;Aventador SV et l&#039;Aventador LP 750-4 Superveloce.<\/p><\/div>","protected":false},"excerpt":{"rendered":"<p>Marque: GULY<br \/>\nGenre: Unisexe<br \/>\nTranche d&#039;\u00e2ge : &gt; 8 ans<br \/>\nNum\u00e9ro de mod\u00e8le : 10624<br \/>\nClassement : Assemblage<br \/>\nForme de bloc en plastique\u00a0: briques autobloquantes<br \/>\nMat\u00e9riel: Plastique<br \/>\nType de plastique : ABS<br \/>\nBlocs de briques : 4106 +<br \/>\nPas de boite d&#039;origine<\/p>","protected":false},"featured_media":59241,"comment_status":"open","ping_status":"closed","template":"","meta":{"_acf_changed":false},"product_cat":[1360,1357,415,364,1875],"product_tag":[7253,457,12317,673,389,11080],"class_list":["product","first","instock","shipping-taxable","purchasable","product-type-simple"],"acf":[],"_links":{"self":[{"href":"https:\/\/mouldking.store\/fr\/wp-json\/wp\/v2\/product\/59242","targetHints":{"allow":["GET"]}}],"collection":[{"href":"https:\/\/mouldking.store\/fr\/wp-json\/wp\/v2\/product"}],"about":[{"href":"https:\/\/mouldking.store\/fr\/wp-json\/wp\/v2\/types\/product"}],"replies":[{"embeddable":true,"href":"https:\/\/mouldking.store\/fr\/wp-json\/wp\/v2\/comments?post=59242"}],"wp:featuredmedia":[{"embeddable":true,"href":"https:\/\/mouldking.store\/fr\/wp-json\/wp\/v2\/media\/59241"}],"wp:attachment":[{"href":"https:\/\/mouldking.store\/fr\/wp-json\/wp\/v2\/media?parent=59242"}],"wp:term":[{"taxonomy":"product_cat","embeddable":true,"href":"https:\/\/mouldking.store\/fr\/wp-json\/wp\/v2\/product_cat?post=59242"},{"taxonomy":"product_tag","embeddable":true,"href":"https:\/\/mouldking.store\/fr\/wp-json\/wp\/v2\/product_tag?post=59242"}],"curies":[{"name":"wp","href":"https:\/\/api.w.org\/{rel}","templated":true}]}}