{"id":59270,"date":"2024-05-31T12:37:45","date_gmt":"2024-05-31T05:37:45","guid":{"rendered":"https:\/\/mouldking.store\/shop\/pantasy-99119-dragon-ball-turtle-sage-with-300-pieces\/"},"modified":"2024-05-31T12:37:47","modified_gmt":"2024-05-31T05:37:47","slug":"pantasy-99119-dragon-ball-turtle-sage-with-300-pieces","status":"publish","type":"product","link":"https:\/\/mouldking.store\/fr\/shop\/pantasy-99119-dragon-ball-turtle-sage-with-300-pieces\/","title":{"rendered":"Pantasy 99119 Dragon Ball Turtle Sage with 300 Pieces"},"content":{"rendered":"<div>\u2705Pantasy 99119 Dragon Ball Turtle Sage<\/p>\n<p>\u2705Master Roshi is a pivotal character in the Dragon Ball series, serving as both a mentor to Goku and his friends and as one of Earth&#8217;s greatest martial arts masters.<\/p>\n<p>\ud83d\udeabIMPORTANT !<\/p>\n<p>Product Name: Dragon Ball Turtle Sage<\/p>\n<p>Cat\u00e9gorie : Film<\/p>\n<p>This Kit Contains: Pantasy 99119<\/p>\n<p>300 pcs Good Quality Bricks<\/p>\n<p>Instructions manuelles<\/p>\n<p>\ud83d\udcccNature du protagoniste<\/p>\n<p>Introducing our proud collection named \u201cDragon Ball Turtle Sage\u201d you should not miss.<\/p>\n<p>He earned the nickname &#8220;Turtle Hermit&#8221; because he is the lifelong best friend and training partner of a talking sea turtle named Umigame. Together, they live on a small island called Kame House, which is named after the turtle. Master Roshi is known for his eccentric personality, lecherous behavior, and love of women, but beneath his quirky exterior lies a wise and powerful martial artist. He is the one who taught Goku and Krillin the basics of martial arts, laying the foundation for their development into formidable fighters. Despite his old age, Master Roshi is incredibly strong, possessing vast knowledge of various martial arts techniques and techniques, including the famous Kamehameha wave. He has also been shown to be capable of great feats of strength, such as destroying the moon with a single energy blast.<\/p><\/div>","protected":false},"excerpt":{"rendered":"<p>Marque : Pantasy<br \/>\nGenre: Unisexe<br \/>\nTranche d&#039;\u00e2ge : &gt; 6 ans<br \/>\nModel Number: 99119<br \/>\nClassement : Assemblage<br \/>\nForme de bloc en plastique\u00a0: briques autobloquantes<br \/>\nMat\u00e9riel: Plastique<br \/>\nType de plastique : ABS<br \/>\nBricks Blocks: 300 +<br \/>\nPas de boite d&#039;origine<br \/>\nLe produit n&#039;inclut pas l&#039;autocollant et les pi\u00e8ces imprim\u00e9es. Toutes les pi\u00e8ces imprim\u00e9es seront remplac\u00e9es par des pi\u00e8ces standard et ne seront pas livr\u00e9es avec des accessoires tiers.<\/p>","protected":false},"featured_media":59269,"comment_status":"open","ping_status":"closed","template":"","meta":{"_acf_changed":false},"product_cat":[1365,371,581,1408],"product_tag":[11072,8452,12197,13406,7133,434,13407,6812],"class_list":["product","first","instock","shipping-taxable","purchasable","product-type-simple"],"acf":[],"_links":{"self":[{"href":"https:\/\/mouldking.store\/fr\/wp-json\/wp\/v2\/product\/59270","targetHints":{"allow":["GET"]}}],"collection":[{"href":"https:\/\/mouldking.store\/fr\/wp-json\/wp\/v2\/product"}],"about":[{"href":"https:\/\/mouldking.store\/fr\/wp-json\/wp\/v2\/types\/product"}],"replies":[{"embeddable":true,"href":"https:\/\/mouldking.store\/fr\/wp-json\/wp\/v2\/comments?post=59270"}],"wp:featuredmedia":[{"embeddable":true,"href":"https:\/\/mouldking.store\/fr\/wp-json\/wp\/v2\/media\/59269"}],"wp:attachment":[{"href":"https:\/\/mouldking.store\/fr\/wp-json\/wp\/v2\/media?parent=59270"}],"wp:term":[{"taxonomy":"product_cat","embeddable":true,"href":"https:\/\/mouldking.store\/fr\/wp-json\/wp\/v2\/product_cat?post=59270"},{"taxonomy":"product_tag","embeddable":true,"href":"https:\/\/mouldking.store\/fr\/wp-json\/wp\/v2\/product_tag?post=59270"}],"curies":[{"name":"wp","href":"https:\/\/api.w.org\/{rel}","templated":true}]}}