{"id":59273,"date":"2024-05-31T12:50:48","date_gmt":"2024-05-31T05:50:48","guid":{"rendered":"https:\/\/mouldking.store\/shop\/baka-33305-black-pearl-with-3839-pieces\/"},"modified":"2024-05-31T12:51:09","modified_gmt":"2024-05-31T05:51:09","slug":"baka-33305-black-pearl-with-3839-pieces","status":"publish","type":"product","link":"https:\/\/mouldking.store\/fr\/shop\/baka-33305-black-pearl-with-3839-pieces\/","title":{"rendered":"BAKA 33305 Black Pearl with 3839 Pieces"},"content":{"rendered":"<div>\u2705BAKA 33305 Black Pearl<\/p>\n<p>\u2705The Black Pearl is a legendary ship in the <em>pirates des Cara\u00efbes<\/em> film series. It serves as a central element in the storyline, appearing in multiple movies. The Black Pearl is a fictional pirate ship depicted as a menacing vessel with black sails. It has a sleek and ominous design, fitting for its reputation as one of the fastest ships on the seas.<\/p>\n<p>\ud83d\udeabIMPORTANT !<\/p>\n<p>Product Name:&nbsp; Black Pearl<\/p>\n<p>Cat\u00e9gorie : Technique<\/p>\n<p>This Kit Contains: BAKA 33305<\/p>\n<p>3839 pcs Good Quality Bricks<\/p>\n<p>Instructions manuelles<\/p>\n<p>\ud83d\udcccNature du protagoniste<\/p>\n<p>Introducing our proud collection named \u201cBlack Pearl\u201d you should not miss.<\/p>\n<p>The ship is initially captained by the notorious pirate Hector Barbossa, portrayed by Geoffrey Rush, in the first film, <em>The Curse of the Black Pearl<\/em>. However, in subsequent films, Captain Jack Sparrow, played by Johnny Depp, often takes command of the ship. The Black Pearl is known throughout the Caribbean as a fearsome and unstoppable pirate ship. It is said to be cursed due to its involvement in stealing cursed Aztec gold, leading to its crew being transformed into undead beings at night. The Black Pearl&#8217;s crew consists of a colorful cast of characters, including pirates, rogues, and misfits. Over the course of the films, various characters join and leave the crew, but the ship remains a symbol of freedom and adventure on the high seas.<\/div>","protected":false},"excerpt":{"rendered":"<p>Brand: BAKA<br \/>\nGenre: Unisexe<br \/>\nTranche d&#039;\u00e2ge : &gt; 6 ans<br \/>\nModel Number: 33305<br \/>\nClassement : Assemblage<br \/>\nForme de bloc en plastique\u00a0: briques autobloquantes<br \/>\nMat\u00e9riel: Plastique<br \/>\nType de plastique : ABS<br \/>\nBricks Blocks: 3839 +<br \/>\nPas de boite d&#039;origine<br \/>\nLe produit n&#039;inclut pas l&#039;autocollant et les pi\u00e8ces imprim\u00e9es. Toutes les pi\u00e8ces imprim\u00e9es seront remplac\u00e9es par des pi\u00e8ces standard et ne seront pas livr\u00e9es avec des accessoires tiers.<\/p>","protected":false},"featured_media":59272,"comment_status":"open","ping_status":"closed","template":"","meta":{"_acf_changed":false},"product_cat":[1357,581,364,1408],"product_tag":[6240,12062,434,389],"class_list":["product","first","instock","shipping-taxable","purchasable","product-type-simple"],"acf":[],"_links":{"self":[{"href":"https:\/\/mouldking.store\/fr\/wp-json\/wp\/v2\/product\/59273","targetHints":{"allow":["GET"]}}],"collection":[{"href":"https:\/\/mouldking.store\/fr\/wp-json\/wp\/v2\/product"}],"about":[{"href":"https:\/\/mouldking.store\/fr\/wp-json\/wp\/v2\/types\/product"}],"replies":[{"embeddable":true,"href":"https:\/\/mouldking.store\/fr\/wp-json\/wp\/v2\/comments?post=59273"}],"wp:featuredmedia":[{"embeddable":true,"href":"https:\/\/mouldking.store\/fr\/wp-json\/wp\/v2\/media\/59272"}],"wp:attachment":[{"href":"https:\/\/mouldking.store\/fr\/wp-json\/wp\/v2\/media?parent=59273"}],"wp:term":[{"taxonomy":"product_cat","embeddable":true,"href":"https:\/\/mouldking.store\/fr\/wp-json\/wp\/v2\/product_cat?post=59273"},{"taxonomy":"product_tag","embeddable":true,"href":"https:\/\/mouldking.store\/fr\/wp-json\/wp\/v2\/product_tag?post=59273"}],"curies":[{"name":"wp","href":"https:\/\/api.w.org\/{rel}","templated":true}]}}