{"id":59317,"date":"2024-05-31T16:44:37","date_gmt":"2024-05-31T09:44:37","guid":{"rendered":"https:\/\/mouldking.store\/shop\/jiestar-58128-mini-simulation-small-household-appliances-with-366-pieces\/"},"modified":"2024-05-31T16:44:40","modified_gmt":"2024-05-31T09:44:40","slug":"jiestar-58128-mini-simulation-small-household-appliances-with-366-pieces","status":"publish","type":"product","link":"https:\/\/mouldking.store\/fr\/shop\/jiestar-58128-mini-simulation-small-household-appliances-with-366-pieces\/","title":{"rendered":"JIESTAR 58128 Mini Simulation Small Household Appliances with 366 Pieces"},"content":{"rendered":"<div>\u2705JIESTAR 58128 Mini Simulation Small Household Appliances<\/p>\n<p>\u2705Creating a mini-simulation for small household appliances could involve modeling various aspects of appliance usage, such as energy consumption, user interaction, and maintenance.&nbsp;<\/p>\n<p>\ud83d\udeabIMPORTANT !<\/p>\n<p>Product Name: Mini Simulation Small Household Appliances<\/p>\n<p>Cat\u00e9gorie\u00a0: Cr\u00e9ateur<\/p>\n<p>This Kit Contains: JIESTAR 58128<\/p>\n<p>366 pcs Good Quality Bricks<\/p>\n<p>Instructions manuelles<\/p>\n<p>\ud83d\udcccNature du protagoniste<\/p>\n<p>Introducing our proud collection named \u201cMini Simulation Small Household Appliances\u201d you should not miss.<\/p>\n<p>Users can interact with each appliance by adjusting settings and cleaning. Each appliance consumes a certain amount of energy when in use. For instance, the refrigerator might consume more energy than the toaster. Appliances require maintenance tasks such as cleaning, defrosting (for the refrigerator), descaling (for the coffee maker), and replacing filters.<\/p><\/div>","protected":false},"excerpt":{"rendered":"<p>Marque : JIESTAR<br \/>\nGenre: Unisexe<br \/>\nTranche d&#039;\u00e2ge : &gt; 6 ans<br \/>\nModel Number: 58128<br \/>\nClassement : Assemblage<br \/>\nForme de bloc en plastique\u00a0: briques autobloquantes<br \/>\nMat\u00e9riel: Plastique<br \/>\nType de plastique : ABS<br \/>\nBricks Blocks: 366 +<br \/>\nPas de boite d&#039;origine<br \/>\nLe produit n&#039;inclut pas l&#039;autocollant et les pi\u00e8ces imprim\u00e9es. Toutes les pi\u00e8ces imprim\u00e9es seront remplac\u00e9es par des pi\u00e8ces standard et ne seront pas livr\u00e9es avec des accessoires tiers.<\/p>","protected":false},"author":83,"featured_media":59316,"comment_status":"open","ping_status":"closed","template":"","meta":{"_acf_changed":false},"product_cat":[1365,371],"product_tag":[11072,8452,13412,479,12777,12795],"class_list":["product","first","instock","shipping-taxable","purchasable","product-type-simple"],"acf":[],"_links":{"self":[{"href":"https:\/\/mouldking.store\/fr\/wp-json\/wp\/v2\/product\/59317","targetHints":{"allow":["GET"]}}],"collection":[{"href":"https:\/\/mouldking.store\/fr\/wp-json\/wp\/v2\/product"}],"about":[{"href":"https:\/\/mouldking.store\/fr\/wp-json\/wp\/v2\/types\/product"}],"author":[{"embeddable":true,"href":"https:\/\/mouldking.store\/fr\/wp-json\/wp\/v2\/users\/83"}],"replies":[{"embeddable":true,"href":"https:\/\/mouldking.store\/fr\/wp-json\/wp\/v2\/comments?post=59317"}],"wp:featuredmedia":[{"embeddable":true,"href":"https:\/\/mouldking.store\/fr\/wp-json\/wp\/v2\/media\/59316"}],"wp:attachment":[{"href":"https:\/\/mouldking.store\/fr\/wp-json\/wp\/v2\/media?parent=59317"}],"wp:term":[{"taxonomy":"product_cat","embeddable":true,"href":"https:\/\/mouldking.store\/fr\/wp-json\/wp\/v2\/product_cat?post=59317"},{"taxonomy":"product_tag","embeddable":true,"href":"https:\/\/mouldking.store\/fr\/wp-json\/wp\/v2\/product_tag?post=59317"}],"curies":[{"name":"wp","href":"https:\/\/api.w.org\/{rel}","templated":true}]}}