{"id":59368,"date":"2024-06-04T17:16:26","date_gmt":"2024-06-04T10:16:26","guid":{"rendered":"https:\/\/mouldking.store\/shop\/custom-92202-orchid-with-1001-pieces\/"},"modified":"2024-06-04T17:16:40","modified_gmt":"2024-06-04T10:16:40","slug":"custom-92202-orchid-with-1001-pieces","status":"publish","type":"product","link":"https:\/\/mouldking.store\/fr\/shop\/custom-92202-orchid-with-1001-pieces\/","title":{"rendered":"Custom 92202 Orchid with 1001 Pieces"},"content":{"rendered":"<div>\u2705Custom 92202 Orchid<\/p>\n<p>\u2705Orchids are a diverse and widespread family of flowering plants, known scientifically as Orchidaceae. They are one of the largest families of flowering plants, with over 25,000 species and more than 100,000 hybrids and cultivars. Orchids are found on every continent except Antarctica, thriving in a wide range of habitats, from tropical rainforests to temperate grasslands.<\/p>\n<p>\ud83d\udeabIMPORTANT !<\/p>\n<p>Product Name: Orchid<\/p>\n<p>Cat\u00e9gorie\u00a0: Cr\u00e9ateur<\/p>\n<p>This Kit Contains: Custom 92202<\/p>\n<p>1001 pcs Good Quality Bricks<\/p>\n<p>Instructions manuelles<\/p>\n<p>\ud83d\udcccNature du protagoniste<\/p>\n<p>Introducing our proud collection named \u201cOrchid\u201d you should not miss.<\/p>\n<p>Orchids are renowned for their exquisite flowers, which come in an incredible array of shapes, sizes, and colors. Their blooms can be single or clustered, and they often feature intricate patterns and structures. Orchid flowers are typically bilaterally symmetrical, with three petals and three sepals, though this can vary depending on the species.<\/p><\/div>","protected":false},"excerpt":{"rendered":"<p>Marque : Custom<br \/>\nGenre: Unisexe<br \/>\nTranche d&#039;\u00e2ge : &gt; 12 ans<br \/>\nModel Number: 92202<br \/>\nClassement : Assemblage<br \/>\nForme de bloc en plastique\u00a0: briques autobloquantes<br \/>\nMat\u00e9riel: Plastique<br \/>\nType de plastique : ABS<br \/>\nBricks Blocks: 1001 +<br \/>\nPas de boite d&#039;origine<br \/>\nLe produit n&#039;inclut pas l&#039;autocollant et les pi\u00e8ces imprim\u00e9es. Toutes les pi\u00e8ces imprim\u00e9es seront remplac\u00e9es par des pi\u00e8ces standard et ne seront pas livr\u00e9es avec des accessoires tiers.<\/p>","protected":false},"featured_media":59367,"comment_status":"open","ping_status":"closed","template":"","meta":{"_acf_changed":false},"product_cat":[1365,1395,371,390],"product_tag":[727,11072,8452,13237,6594],"class_list":["product","first","instock","shipping-taxable","purchasable","product-type-simple"],"acf":[],"_links":{"self":[{"href":"https:\/\/mouldking.store\/fr\/wp-json\/wp\/v2\/product\/59368","targetHints":{"allow":["GET"]}}],"collection":[{"href":"https:\/\/mouldking.store\/fr\/wp-json\/wp\/v2\/product"}],"about":[{"href":"https:\/\/mouldking.store\/fr\/wp-json\/wp\/v2\/types\/product"}],"replies":[{"embeddable":true,"href":"https:\/\/mouldking.store\/fr\/wp-json\/wp\/v2\/comments?post=59368"}],"wp:featuredmedia":[{"embeddable":true,"href":"https:\/\/mouldking.store\/fr\/wp-json\/wp\/v2\/media\/59367"}],"wp:attachment":[{"href":"https:\/\/mouldking.store\/fr\/wp-json\/wp\/v2\/media?parent=59368"}],"wp:term":[{"taxonomy":"product_cat","embeddable":true,"href":"https:\/\/mouldking.store\/fr\/wp-json\/wp\/v2\/product_cat?post=59368"},{"taxonomy":"product_tag","embeddable":true,"href":"https:\/\/mouldking.store\/fr\/wp-json\/wp\/v2\/product_tag?post=59368"}],"curies":[{"name":"wp","href":"https:\/\/api.w.org\/{rel}","templated":true}]}}