{"id":59375,"date":"2024-06-04T17:31:15","date_gmt":"2024-06-04T10:31:15","guid":{"rendered":"https:\/\/mouldking.store\/shop\/custom-92201-airship-with-1283-pieces\/"},"modified":"2024-06-04T17:31:27","modified_gmt":"2024-06-04T10:31:27","slug":"custom-92201-airship-with-1283-pieces","status":"publish","type":"product","link":"https:\/\/mouldking.store\/fr\/shop\/custom-92201-airship-with-1283-pieces\/","title":{"rendered":"Custom 92201 Airship with 1283 Pieces"},"content":{"rendered":"<div>\u2705Custom 92201 Airship<\/p>\n<p>\u2705The majestic airship\u2014a flying vessel that captures the imagination with its blend of nostalgia and futurism. An airship, also known as a dirigible or a zeppelin, is a lighter-than-air aircraft that uses large gas-filled bags to generate lift and propulsion. These graceful giants have a rich history and evoke images of adventure and exploration in the skies.<\/p>\n<p>\ud83d\udeabIMPORTANT !<\/p>\n<p>Product Name: Airship<\/p>\n<p>Cat\u00e9gorie : Technique<\/p>\n<p>This Kit Contains: Custom 92201&nbsp;<\/p>\n<p>1283 pcs Good Quality Bricks<\/p>\n<p>Instructions manuelles<\/p>\n<p>\ud83d\udcccNature du protagoniste<\/p>\n<p>Introducing our proud collection named \u201cAirship\u201d you should not miss.<\/p>\n<p>Airships typically consist of a rigid structure or a fabric envelope filled with a lighter-than-air gas, such as helium or hydrogen, which provides the buoyancy needed for flight. They often have a streamlined shape, with a gondola or cabin suspended beneath the gas bag for passengers and crew. Airships have been around for over a century, with some of the earliest designs dating back to the late 19th century. They gained popularity in the early 20th century as commercial passenger vehicles and military reconnaissance platforms. Famous examples include the German Zeppelins used during World War I and the Graf Zeppelin and Hindenburg, which operated transatlantic passenger services in the 1920s and 1930s.<\/p><\/div>","protected":false},"excerpt":{"rendered":"<p>Marque : Custom<br \/>\nGenre: Unisexe<br \/>\nAge Range: &gt; 10 years old<br \/>\nModel Number: 92201<br \/>\nClassement : Assemblage<br \/>\nForme de bloc en plastique\u00a0: briques autobloquantes<br \/>\nMat\u00e9riel: Plastique<br \/>\nType de plastique : ABS<br \/>\nBricks Blocks: 1283 +<br \/>\nPas de boite d&#039;origine<br \/>\nLe produit n&#039;inclut pas l&#039;autocollant et les pi\u00e8ces imprim\u00e9es. Toutes les pi\u00e8ces imprim\u00e9es seront remplac\u00e9es par des pi\u00e8ces standard et ne seront pas livr\u00e9es avec des accessoires tiers.<\/p>","protected":false},"featured_media":59374,"comment_status":"open","ping_status":"closed","template":"","meta":{"_acf_changed":false},"product_cat":[1357,364],"product_tag":[12408,389],"class_list":["product","first","instock","shipping-taxable","purchasable","product-type-simple"],"acf":[],"_links":{"self":[{"href":"https:\/\/mouldking.store\/fr\/wp-json\/wp\/v2\/product\/59375","targetHints":{"allow":["GET"]}}],"collection":[{"href":"https:\/\/mouldking.store\/fr\/wp-json\/wp\/v2\/product"}],"about":[{"href":"https:\/\/mouldking.store\/fr\/wp-json\/wp\/v2\/types\/product"}],"replies":[{"embeddable":true,"href":"https:\/\/mouldking.store\/fr\/wp-json\/wp\/v2\/comments?post=59375"}],"wp:featuredmedia":[{"embeddable":true,"href":"https:\/\/mouldking.store\/fr\/wp-json\/wp\/v2\/media\/59374"}],"wp:attachment":[{"href":"https:\/\/mouldking.store\/fr\/wp-json\/wp\/v2\/media?parent=59375"}],"wp:term":[{"taxonomy":"product_cat","embeddable":true,"href":"https:\/\/mouldking.store\/fr\/wp-json\/wp\/v2\/product_cat?post=59375"},{"taxonomy":"product_tag","embeddable":true,"href":"https:\/\/mouldking.store\/fr\/wp-json\/wp\/v2\/product_tag?post=59375"}],"curies":[{"name":"wp","href":"https:\/\/api.w.org\/{rel}","templated":true}]}}