{"id":59389,"date":"2024-06-04T17:55:00","date_gmt":"2024-06-04T10:55:00","guid":{"rendered":"https:\/\/mouldking.store\/shop\/jiqing-jq20002-magic-academy-bell-tower-with-1305-pieces\/"},"modified":"2024-06-04T17:55:15","modified_gmt":"2024-06-04T10:55:15","slug":"jiqing-jq20002-magic-academy-bell-tower-with-1305-pieces","status":"publish","type":"product","link":"https:\/\/mouldking.store\/fr\/shop\/jiqing-jq20002-magic-academy-bell-tower-with-1305-pieces\/","title":{"rendered":"JiQing JQ20002 Magic Academy Bell Tower with 1305 Pieces"},"content":{"rendered":"<div>\u2705JiQing JQ20002 Magic Academy Bell Tower<\/p>\n<p>\u2705A &#8220;Magic Academy Bell Tower&#8221; conjures vivid imagery of a fantastical setting where students learn the mystical arts amidst an atmosphere of enchantment and wonder. This concept is rich with storytelling potential and symbolic meaning.<\/p>\n<p>\ud83d\udeabIMPORTANT !<\/p>\n<p>Product Name: Magic Academy Bell Tower<\/p>\n<p>Cat\u00e9gorie : Construction Modulaire<\/p>\n<p>This Kit Contains: JiQing JQ20002<\/p>\n<p>1305 pcs Good Quality Bricks<\/p>\n<p>Size:&nbsp; 33 \u00d7 11 \u00d7 26 cm<\/p>\n<p>Instructions manuelles<\/p>\n<p>\ud83d\udcccNature du protagoniste<\/p>\n<p>Introducing our proud collection named \u201cMagic Academy Bell Tower\u201d you should not miss.<\/p>\n<p>In the world of Harry Potter, the Hogwarts Clock Tower and the Whomping Willow are two iconic and memorable features of the Hogwarts School of Witchcraft and Wizardry. Both play significant roles in the story and add to the rich tapestry of the magical world J.K. Rowling created. The Clock Tower is a tall, imposing structure that looms over the Hogwarts grounds. It is a part of the Hogwarts Castle and serves both a practical and symbolic purpose. The tower houses a large clock, with an intricate mechanism that keeps time for the entire school. The clock\u2019s face is large and visible from various parts of the castle grounds.The Clock Tower is equipped with bells that chime at regular intervals, marking the passage of time and signaling important moments, such as the start and end of classes.<\/p><\/div>","protected":false},"excerpt":{"rendered":"<p>Brand: JiQing<br \/>\nGenre: Unisexe<br \/>\nTranche d&#039;\u00e2ge : &gt; 8 ans<br \/>\nModel Number: JQ20002<br \/>\nClassement : Assemblage<br \/>\nForme de bloc en plastique\u00a0: briques autobloquantes<br \/>\nMat\u00e9riel: Plastique<br \/>\nType de plastique : ABS<br \/>\nBricks Blocks: 1305 +<br \/>\nPas de boite d&#039;origine<br \/>\nLe produit n&#039;inclut pas l&#039;autocollant et les pi\u00e8ces imprim\u00e9es. Toutes les pi\u00e8ces imprim\u00e9es seront remplac\u00e9es par des pi\u00e8ces standard et ne seront pas livr\u00e9es avec des accessoires tiers.<\/p>","protected":false},"featured_media":59388,"comment_status":"open","ping_status":"closed","template":"","meta":{"_acf_changed":false},"product_cat":[1395,1502,390,581,1408],"product_tag":[10033,4883,2838,2835,2846,13416,392,434,2302],"class_list":["product","first","instock","shipping-taxable","purchasable","product-type-simple"],"acf":[],"_links":{"self":[{"href":"https:\/\/mouldking.store\/fr\/wp-json\/wp\/v2\/product\/59389","targetHints":{"allow":["GET"]}}],"collection":[{"href":"https:\/\/mouldking.store\/fr\/wp-json\/wp\/v2\/product"}],"about":[{"href":"https:\/\/mouldking.store\/fr\/wp-json\/wp\/v2\/types\/product"}],"replies":[{"embeddable":true,"href":"https:\/\/mouldking.store\/fr\/wp-json\/wp\/v2\/comments?post=59389"}],"wp:featuredmedia":[{"embeddable":true,"href":"https:\/\/mouldking.store\/fr\/wp-json\/wp\/v2\/media\/59388"}],"wp:attachment":[{"href":"https:\/\/mouldking.store\/fr\/wp-json\/wp\/v2\/media?parent=59389"}],"wp:term":[{"taxonomy":"product_cat","embeddable":true,"href":"https:\/\/mouldking.store\/fr\/wp-json\/wp\/v2\/product_cat?post=59389"},{"taxonomy":"product_tag","embeddable":true,"href":"https:\/\/mouldking.store\/fr\/wp-json\/wp\/v2\/product_tag?post=59389"}],"curies":[{"name":"wp","href":"https:\/\/api.w.org\/{rel}","templated":true}]}}