{"id":59396,"date":"2024-06-04T18:01:38","date_gmt":"2024-06-04T11:01:38","guid":{"rendered":"https:\/\/mouldking.store\/shop\/jiqing-jq20001-magic-academy-auditorium-with-1318-pieces\/"},"modified":"2024-06-04T18:01:50","modified_gmt":"2024-06-04T11:01:50","slug":"jiqing-jq20001-magic-academy-auditorium-with-1318-pieces","status":"publish","type":"product","link":"https:\/\/mouldking.store\/fr\/shop\/jiqing-jq20001-magic-academy-auditorium-with-1318-pieces\/","title":{"rendered":"JiQing JQ20001 Magic Academy Auditorium with 1318 Pieces"},"content":{"rendered":"<div>\u2705JiQing JQ20001 Magic Academy Auditorium<\/p>\n<p>\u2705The Great Hall at Hogwarts School of Witchcraft and Wizardry is one of the most iconic and central locations within the Harry Potter series. It serves as the heart of the school, where students and faculty gather for meals, celebrations, and important announcements.<\/p>\n<p>\ud83d\udeabIMPORTANT !<\/p>\n<p>Product Name: Magic Academy Auditorium<\/p>\n<p>Cat\u00e9gorie : Construction Modulaire<\/p>\n<p>This Kit Contains: JiQing JQ20001<\/p>\n<p>1318 pcs Good Quality Bricks<\/p>\n<p>Size:&nbsp; 32 \u00d7 16 \u00d7 26 cm<\/p>\n<p>Instructions manuelles<\/p>\n<p>\ud83d\udcccNature du protagoniste<\/p>\n<p>Introducing our proud collection named \u201cMagic Academy Auditorium\u201d you should not miss.<\/p>\n<p>The Great Hall is a large, majestic structure with towering, ancient stone walls. It is part of the main Hogwarts Castle, accessible through large wooden doors that are grand and intricately carved. The hall is vast, with four long tables stretching from the entrance to the raised platform at the far end. These tables correspond to the four Hogwarts houses: Gryffindor, Hufflepuff, Ravenclaw, and Slytherin. At the front, on the raised platform, is the High Table where the professors and the headmaster sit. This area oversees the entire hall, symbolizing the faculty&#8217;s authority and presence.<\/p><\/div>","protected":false},"excerpt":{"rendered":"<p>Brand: JiQing<br \/>\nGenre: Unisexe<br \/>\nTranche d&#039;\u00e2ge : &gt; 8 ans<br \/>\nModel Number: JQ20001<br \/>\nClassement : Assemblage<br \/>\nForme de bloc en plastique\u00a0: briques autobloquantes<br \/>\nMat\u00e9riel: Plastique<br \/>\nType de plastique : ABS<br \/>\nBricks Blocks: 1318 +<br \/>\nPas de boite d&#039;origine<br \/>\nLe produit n&#039;inclut pas l&#039;autocollant et les pi\u00e8ces imprim\u00e9es. Toutes les pi\u00e8ces imprim\u00e9es seront remplac\u00e9es par des pi\u00e8ces standard et ne seront pas livr\u00e9es avec des accessoires tiers.<\/p>","protected":false},"featured_media":59395,"comment_status":"open","ping_status":"closed","template":"","meta":{"_acf_changed":false},"product_cat":[1395,1502,390,581,1408],"product_tag":[13417,4883,13418,2846,8858,392,434],"class_list":["product","first","instock","shipping-taxable","purchasable","product-type-simple"],"acf":[],"_links":{"self":[{"href":"https:\/\/mouldking.store\/fr\/wp-json\/wp\/v2\/product\/59396","targetHints":{"allow":["GET"]}}],"collection":[{"href":"https:\/\/mouldking.store\/fr\/wp-json\/wp\/v2\/product"}],"about":[{"href":"https:\/\/mouldking.store\/fr\/wp-json\/wp\/v2\/types\/product"}],"replies":[{"embeddable":true,"href":"https:\/\/mouldking.store\/fr\/wp-json\/wp\/v2\/comments?post=59396"}],"wp:featuredmedia":[{"embeddable":true,"href":"https:\/\/mouldking.store\/fr\/wp-json\/wp\/v2\/media\/59395"}],"wp:attachment":[{"href":"https:\/\/mouldking.store\/fr\/wp-json\/wp\/v2\/media?parent=59396"}],"wp:term":[{"taxonomy":"product_cat","embeddable":true,"href":"https:\/\/mouldking.store\/fr\/wp-json\/wp\/v2\/product_cat?post=59396"},{"taxonomy":"product_tag","embeddable":true,"href":"https:\/\/mouldking.store\/fr\/wp-json\/wp\/v2\/product_tag?post=59396"}],"curies":[{"name":"wp","href":"https:\/\/api.w.org\/{rel}","templated":true}]}}