{"id":59402,"date":"2024-06-04T18:06:53","date_gmt":"2024-06-04T11:06:53","guid":{"rendered":"https:\/\/mouldking.store\/shop\/cada-c55012-mazda-fc3s-with-282-pieces\/"},"modified":"2024-06-04T18:06:59","modified_gmt":"2024-06-04T11:06:59","slug":"cada-c55012-mazda-fc3s-with-282-pieces","status":"publish","type":"product","link":"https:\/\/mouldking.store\/fr\/shop\/cada-c55012-mazda-fc3s-with-282-pieces\/","title":{"rendered":"CaDa C55012 Mazda FC3S with 282 Pieces"},"content":{"rendered":"<div>\u2705CaDA C55012 Mazda FC3S<\/p>\n<p>\u2705The Mazda FC3S, more commonly known as the Mazda RX-7 FC, is a second-generation model of the Mazda RX-7 sports car. It was produced between 1985 and 1992 and is well-regarded for its performance, handling, and rotary engine.&nbsp;<\/p>\n<p>\ud83d\udeabIMPORTANT !<\/p>\n<p>Product Name: Mazda FC3S<\/p>\n<p>Cat\u00e9gorie : Technique<\/p>\n<p>This Kit Contains: CaDA C55012<\/p>\n<p>282 pcs Good Quality Bricks<\/p>\n<p>Size: 16.6 \u00d7 8.7 \u00d7 4.6 cm<\/p>\n<p>Instructions manuelles<\/p>\n<p>\ud83d\udcccNature du protagoniste<\/p>\n<p>Introducing our proud collection named \u201cMazda FC3S\u201d you should not miss.<\/p>\n<p>The RX-7 FC3S features a sleek, aerodynamic body with pop-up headlights, which were a distinctive feature of many sports cars from the 1980s and early 1990s. It has a low, wide stance, emphasizing its sporty character and enhancing stability and handling. The interior of the RX-7 FC3S is driver-focused, with a cockpit-like feel. It includes sports seats, a compact steering wheel, and well-placed control. The instrument cluster typically includes a tachometer prominently displayed, reflecting the car&#8217;s performance orientation<\/p><\/div>","protected":false},"excerpt":{"rendered":"<p>Marque : CaDa<br \/>\nGenre: Unisexe<br \/>\nTranche d&#039;\u00e2ge : &gt; 8 ans<br \/>\nModel Number: C55012<br \/>\nClassement : Assemblage<br \/>\nForme de bloc en plastique\u00a0: briques autobloquantes<br \/>\nMat\u00e9riel: Plastique<br \/>\nType de plastique : ABS<br \/>\nBricks Blocks: 282 +<br \/>\nPas de boite d&#039;origine<br \/>\nLe produit n&#039;inclut pas l&#039;autocollant et les pi\u00e8ces imprim\u00e9es. Toutes les pi\u00e8ces imprim\u00e9es seront remplac\u00e9es par des pi\u00e8ces standard et ne seront pas livr\u00e9es avec des accessoires tiers.<\/p>","protected":false},"featured_media":59401,"comment_status":"open","ping_status":"closed","template":"","meta":{"_acf_changed":false},"product_cat":[1360,1357,364,1875],"product_tag":[457,13419,2331,389,11080],"class_list":["product","first","instock","shipping-taxable","purchasable","product-type-simple"],"acf":[],"_links":{"self":[{"href":"https:\/\/mouldking.store\/fr\/wp-json\/wp\/v2\/product\/59402","targetHints":{"allow":["GET"]}}],"collection":[{"href":"https:\/\/mouldking.store\/fr\/wp-json\/wp\/v2\/product"}],"about":[{"href":"https:\/\/mouldking.store\/fr\/wp-json\/wp\/v2\/types\/product"}],"replies":[{"embeddable":true,"href":"https:\/\/mouldking.store\/fr\/wp-json\/wp\/v2\/comments?post=59402"}],"wp:featuredmedia":[{"embeddable":true,"href":"https:\/\/mouldking.store\/fr\/wp-json\/wp\/v2\/media\/59401"}],"wp:attachment":[{"href":"https:\/\/mouldking.store\/fr\/wp-json\/wp\/v2\/media?parent=59402"}],"wp:term":[{"taxonomy":"product_cat","embeddable":true,"href":"https:\/\/mouldking.store\/fr\/wp-json\/wp\/v2\/product_cat?post=59402"},{"taxonomy":"product_tag","embeddable":true,"href":"https:\/\/mouldking.store\/fr\/wp-json\/wp\/v2\/product_tag?post=59402"}],"curies":[{"name":"wp","href":"https:\/\/api.w.org\/{rel}","templated":true}]}}