{"id":59431,"date":"2024-06-04T18:31:11","date_gmt":"2024-06-04T11:31:11","guid":{"rendered":"https:\/\/mouldking.store\/shop\/cada-c61022-mazda-fc3s-rx-7-with-1552-pieces\/"},"modified":"2024-06-04T18:31:21","modified_gmt":"2024-06-04T11:31:21","slug":"cada-c61022-mazda-fc3s-rx-7-with-1552-pieces","status":"publish","type":"product","link":"https:\/\/mouldking.store\/fr\/shop\/cada-c61022-mazda-fc3s-rx-7-with-1552-pieces\/","title":{"rendered":"CaDa C61022 Mazda FC3S RX-7 avec 1552 pi\u00e8ces"},"content":{"rendered":"<div>\u2705CaDA C61022 Mazda FC3S RX-7<\/p>\n<p>\u2705The Mazda FC3S RX-7 is another iconic sports car from Mazda&#8217;s RX-7 lineup. Like its successor, the FD3S, the FC3S RX-7 is known for its sleek and aerodynamic design. It features a rotary engine, which delivers smooth and powerful performance.&nbsp;<\/p>\n<p>\ud83d\udeabIMPORTANT !<\/p>\n<p>Product Name: Mazda FC3S RX-7<\/p>\n<p>Cat\u00e9gorie : Technique<\/p>\n<p>This Kit Contains: CaDA C61022<\/p>\n<p>1552 pcs Good Quality Bricks<\/p>\n<p>Size: 34.2 \u00d7 14.7 \u00d7 10.7 cm<\/p>\n<p>Instructions manuelles<\/p>\n<p>\ud83d\udcccNature du protagoniste<\/p>\n<p>Introducing our proud collection named \u201cMazda FC3S RX-7\u201d you should not miss.<\/p>\n<p>The FC3S RX-7 offers a balanced driving experience with its responsive handling and nimble maneuverability. Its distinctive pop-up headlights and aggressive styling make it a standout on the road. Whether you&#8217;re a fan of its unique rotary engine or appreciate its timeless design, the Mazda FC3S RX-7 is sure to provide an exciting and enjoyable driving experience.<\/p><\/div>","protected":false},"excerpt":{"rendered":"<p>Marque : CaDa<br \/>\nGenre: Unisexe<br \/>\nTranche d&#039;\u00e2ge : &gt; 8 ans<br \/>\nModel Number: C61022<br \/>\nClassement : Assemblage<br \/>\nForme de bloc en plastique\u00a0: briques autobloquantes<br \/>\nMat\u00e9riel: Plastique<br \/>\nType de plastique : ABS<br \/>\nBricks Blocks: 1552 +<br \/>\nPas de boite d&#039;origine<br \/>\nLe produit n&#039;inclut pas l&#039;autocollant et les pi\u00e8ces imprim\u00e9es. Toutes les pi\u00e8ces imprim\u00e9es seront remplac\u00e9es par des pi\u00e8ces standard et ne seront pas livr\u00e9es avec des accessoires tiers.<\/p>","protected":false},"featured_media":59430,"comment_status":"open","ping_status":"closed","template":"","meta":{"_acf_changed":false},"product_cat":[1360,1357,364,1875],"product_tag":[457,13419,2331,12365,389],"class_list":["product","first","instock","shipping-taxable","purchasable","product-type-simple"],"acf":[],"_links":{"self":[{"href":"https:\/\/mouldking.store\/fr\/wp-json\/wp\/v2\/product\/59431","targetHints":{"allow":["GET"]}}],"collection":[{"href":"https:\/\/mouldking.store\/fr\/wp-json\/wp\/v2\/product"}],"about":[{"href":"https:\/\/mouldking.store\/fr\/wp-json\/wp\/v2\/types\/product"}],"replies":[{"embeddable":true,"href":"https:\/\/mouldking.store\/fr\/wp-json\/wp\/v2\/comments?post=59431"}],"wp:featuredmedia":[{"embeddable":true,"href":"https:\/\/mouldking.store\/fr\/wp-json\/wp\/v2\/media\/59430"}],"wp:attachment":[{"href":"https:\/\/mouldking.store\/fr\/wp-json\/wp\/v2\/media?parent=59431"}],"wp:term":[{"taxonomy":"product_cat","embeddable":true,"href":"https:\/\/mouldking.store\/fr\/wp-json\/wp\/v2\/product_cat?post=59431"},{"taxonomy":"product_tag","embeddable":true,"href":"https:\/\/mouldking.store\/fr\/wp-json\/wp\/v2\/product_tag?post=59431"}],"curies":[{"name":"wp","href":"https:\/\/api.w.org\/{rel}","templated":true}]}}