{"id":59444,"date":"2024-06-04T18:31:41","date_gmt":"2024-06-04T11:31:41","guid":{"rendered":"https:\/\/mouldking.store\/shop\/mould-king-20030-ev2-all-terrain-tracked-vehicle-with-1046-pieces\/"},"modified":"2024-06-04T18:31:57","modified_gmt":"2024-06-04T11:31:57","slug":"mould-king-20030-ev2-all-terrain-tracked-vehicle-with-1046-pieces","status":"publish","type":"product","link":"https:\/\/mouldking.store\/fr\/shop\/mould-king-20030-ev2-all-terrain-tracked-vehicle-with-1046-pieces\/","title":{"rendered":"V\u00e9hicule \u00e0 chenilles tout-terrain MOULD KING 20030 EV2 avec 1046 pi\u00e8ces"},"content":{"rendered":"<div>\u2705MouldKing 20030 EV2 All Terrain Tracked Vehicle&nbsp;<\/p>\n<p>\u2705The EV2 All Terrain Tracked Vehicle is designed to traverse a variety of rugged environments, providing superior mobility where wheeled vehicles cannot go. This makes it ideal for off-road adventures, search and rescue operations, military applications, and more.<\/p>\n<p>\ud83d\udeabIMPORTANT !<\/p>\n<p>Product Name: EV2 All Terrain Tracked Vehicle&nbsp;<\/p>\n<p>Cat\u00e9gorie : Militaire<\/p>\n<p>This Kit Contains: MouldKing 20030<\/p>\n<p>1046 pcs Good Quality Bricks<\/p>\n<p>Size: 30 \u00d7 14 \u00d7 15 cm<\/p>\n<p>Instructions manuelles<\/p>\n<p>\ud83d\udcccNature du protagoniste<\/p>\n<p>Introducing our proud collection named \u201cEV2 All Terrain Tracked Vehicle \u201d you should not miss.<\/p>\n<p>Material: Lightweight, high-strength materials like aluminum or carbon fiber to reduce weight while maintaining durability.<br \/>Design: Aerodynamic and compact design for maneuverability and storage.<br \/>Safety Features: Roll cage, seat belts, airbags, and emergency locator beacons.<br \/>Communication Systems: Long-range radios, satellite communication, and onboard diagnostics.<\/div>","protected":false},"excerpt":{"rendered":"<p>Marque : MOLD KING<br \/>\nGenre: Unisexe<br \/>\nTranche d&#039;\u00e2ge : &gt; 14 ans<br \/>\nModel Number: 20030<br \/>\nClassement : Assemblage<br \/>\nForme de bloc en plastique\u00a0: briques autobloquantes<br \/>\nMat\u00e9riel: Plastique<br \/>\nType de plastique : ABS<br \/>\nBricks Blocks: 1046 +<br \/>\nPas de boite d&#039;origine<br \/>\nLe produit n&#039;inclut pas l&#039;autocollant et les pi\u00e8ces imprim\u00e9es. Toutes les pi\u00e8ces imprim\u00e9es seront remplac\u00e9es par des pi\u00e8ces standard et ne seront pas livr\u00e9es avec des accessoires tiers.<\/p>","protected":false},"featured_media":59443,"comment_status":"open","ping_status":"closed","template":"","meta":{"_acf_changed":false},"product_cat":[1384,1350,1357,372,364],"product_tag":[11220,13424,374,485,389,11373,13425,2803],"class_list":["product","first","instock","shipping-taxable","purchasable","product-type-simple"],"acf":[],"_links":{"self":[{"href":"https:\/\/mouldking.store\/fr\/wp-json\/wp\/v2\/product\/59444","targetHints":{"allow":["GET"]}}],"collection":[{"href":"https:\/\/mouldking.store\/fr\/wp-json\/wp\/v2\/product"}],"about":[{"href":"https:\/\/mouldking.store\/fr\/wp-json\/wp\/v2\/types\/product"}],"replies":[{"embeddable":true,"href":"https:\/\/mouldking.store\/fr\/wp-json\/wp\/v2\/comments?post=59444"}],"wp:featuredmedia":[{"embeddable":true,"href":"https:\/\/mouldking.store\/fr\/wp-json\/wp\/v2\/media\/59443"}],"wp:attachment":[{"href":"https:\/\/mouldking.store\/fr\/wp-json\/wp\/v2\/media?parent=59444"}],"wp:term":[{"taxonomy":"product_cat","embeddable":true,"href":"https:\/\/mouldking.store\/fr\/wp-json\/wp\/v2\/product_cat?post=59444"},{"taxonomy":"product_tag","embeddable":true,"href":"https:\/\/mouldking.store\/fr\/wp-json\/wp\/v2\/product_tag?post=59444"}],"curies":[{"name":"wp","href":"https:\/\/api.w.org\/{rel}","templated":true}]}}