{"id":59477,"date":"2024-06-07T18:01:09","date_gmt":"2024-06-07T11:01:09","guid":{"rendered":"https:\/\/mouldking.store\/shop\/mould-king-15058-wrangler-pullback-car-with-746-pieces\/"},"modified":"2024-06-07T18:01:25","modified_gmt":"2024-06-07T11:01:25","slug":"mould-king-15058-wrangler-pullback-car-with-746-pieces","status":"publish","type":"product","link":"https:\/\/mouldking.store\/fr\/shop\/mould-king-15058-wrangler-pullback-car-with-746-pieces\/","title":{"rendered":"MOULD KING 15058 Wrangler PullBack Car with 746 Pieces"},"content":{"rendered":"<div>\u2705MouldKing 15058 Wrangler PullBack Car<\/p>\n<p>\u2705 The Wrangler PullBack Car is a toy model designed to mimic the rugged and iconic Jeep Wrangler.&nbsp;<\/p>\n<p>\ud83d\udeabIMPORTANT !<\/p>\n<p>Product Name: Wrangler PullBack Car<\/p>\n<p>Cat\u00e9gorie : Technique<\/p>\n<p>This Kit Contains: MouldKing 15058&nbsp;<\/p>\n<p>746 pcs Good Quality Bricks<\/p>\n<p>Size: 30.4 \u00d7 12.8 \u00d7 12.5 cm<\/p>\n<p>Instructions manuelles<\/p>\n<p>\ud83d\udcccNature du protagoniste<\/p>\n<p>Introducing our proud collection named \u201cWrangler PullBack Car\u201d you should not miss.<\/p>\n<p>&nbsp;These toy cars are popular among children and collectors alike for their engaging, hands-on play and detailed design that often includes realistic features such as off-road tires, a sturdy body, and vibrant colors. The Wrangler PullBack Car not only offers entertainment but also stimulates fine motor skills and an understanding of basic mechanical principles for young enthusiasts. It captures the adventurous spirit of the full-sized Jeep Wrangler in a compact, playful form.&nbsp;<\/p><\/div>","protected":false},"excerpt":{"rendered":"<p>Marque : MOLD KING<br \/>\nGenre: Unisexe<br \/>\nTranche d&#039;\u00e2ge : &gt; 8 ans<br \/>\nModel Number: 15058<br \/>\nClassement : Assemblage<br \/>\nForme de bloc en plastique\u00a0: briques autobloquantes<br \/>\nMat\u00e9riel: Plastique<br \/>\nType de plastique : ABS<br \/>\nBricks Blocks: 746 +<br \/>\nPas de boite d&#039;origine<br \/>\nLe produit n&#039;inclut pas l&#039;autocollant et les pi\u00e8ces imprim\u00e9es. Toutes les pi\u00e8ces imprim\u00e9es seront remplac\u00e9es par des pi\u00e8ces standard et ne seront pas livr\u00e9es avec des accessoires tiers.<\/p>","protected":false},"featured_media":59476,"comment_status":"open","ping_status":"closed","template":"","meta":{"_acf_changed":false},"product_cat":[1360,1357,364,1875],"product_tag":[457,11139,12598,389,12918],"class_list":["product","first","instock","shipping-taxable","purchasable","product-type-simple"],"acf":[],"_links":{"self":[{"href":"https:\/\/mouldking.store\/fr\/wp-json\/wp\/v2\/product\/59477","targetHints":{"allow":["GET"]}}],"collection":[{"href":"https:\/\/mouldking.store\/fr\/wp-json\/wp\/v2\/product"}],"about":[{"href":"https:\/\/mouldking.store\/fr\/wp-json\/wp\/v2\/types\/product"}],"replies":[{"embeddable":true,"href":"https:\/\/mouldking.store\/fr\/wp-json\/wp\/v2\/comments?post=59477"}],"wp:featuredmedia":[{"embeddable":true,"href":"https:\/\/mouldking.store\/fr\/wp-json\/wp\/v2\/media\/59476"}],"wp:attachment":[{"href":"https:\/\/mouldking.store\/fr\/wp-json\/wp\/v2\/media?parent=59477"}],"wp:term":[{"taxonomy":"product_cat","embeddable":true,"href":"https:\/\/mouldking.store\/fr\/wp-json\/wp\/v2\/product_cat?post=59477"},{"taxonomy":"product_tag","embeddable":true,"href":"https:\/\/mouldking.store\/fr\/wp-json\/wp\/v2\/product_tag?post=59477"}],"curies":[{"name":"wp","href":"https:\/\/api.w.org\/{rel}","templated":true}]}}