{"id":59479,"date":"2024-06-07T18:01:11","date_gmt":"2024-06-07T11:01:11","guid":{"rendered":"https:\/\/mouldking.store\/shop\/mould-king-17058-mechanical-crane-with-997-pieces\/"},"modified":"2024-06-07T18:01:28","modified_gmt":"2024-06-07T11:01:28","slug":"mould-king-17058-mechanical-crane-with-997-pieces","status":"publish","type":"product","link":"https:\/\/mouldking.store\/fr\/shop\/mould-king-17058-mechanical-crane-with-997-pieces\/","title":{"rendered":"MOULD KING 17058 Mechanical Crane with 997 Pieces"},"content":{"rendered":"<div>\u2705MouldKing 17058 Mechanical Crane<\/p>\n<p>\u2705A mechanical crane is a machine designed to lift, lower, and move heavy objects horizontally. It is an essential piece of equipment in construction, manufacturing, and other industries that require the handling of large, heavy items.&nbsp;<\/p>\n<p>\ud83d\udeabIMPORTANT !<\/p>\n<p>Product Name: Mechanical Crane<\/p>\n<p>Cat\u00e9gorie : Technique<\/p>\n<p>This Kit Contains: MouldKing 17058<\/p>\n<p>997 pcs Good Quality Bricks<\/p>\n<p>Size: 13.5 \u00d7 15.5 \u00d7 44.3 cm<\/p>\n<p>Instructions manuelles<\/p>\n<p>\ud83d\udcccNature du protagoniste<\/p>\n<p>Introducing our proud collection named \u201cMechanical Crane\u201d you should not miss.<\/p>\n<p>Types of cranes include tower cranes for tall buildings, mobile cranes for various locations, overhead cranes for factories, loader cranes for vehicles, and gantry cranes for ground-level operation. Cranes operate on principles of mechanical advantage, stability, and load capacity, incorporating safety features like load moment indicators and emergency stop buttons. Proper training, regular inspections, and adherence to load limits are vital for safe crane operation, ensuring they effectively handle tasks like lifting construction materials, moving heavy machinery, loading cargo, and transporting mining products.<\/p><\/div>","protected":false},"excerpt":{"rendered":"<p>Marque : MOLD KING<br \/>\nGenre: Unisexe<br \/>\nTranche d&#039;\u00e2ge : &gt; 8 ans<br \/>\nModel Number: 17058<br \/>\nClassement : Assemblage<br \/>\nForme de bloc en plastique\u00a0: briques autobloquantes<br \/>\nMat\u00e9riel: Plastique<br \/>\nType de plastique : ABS<br \/>\nBricks Blocks: 997 +<br \/>\nPas de boite d&#039;origine<br \/>\nLe produit n&#039;inclut pas l&#039;autocollant et les pi\u00e8ces imprim\u00e9es. Toutes les pi\u00e8ces imprim\u00e9es seront remplac\u00e9es par des pi\u00e8ces standard et ne seront pas livr\u00e9es avec des accessoires tiers.<\/p>","protected":false},"featured_media":59478,"comment_status":"open","ping_status":"closed","template":"","meta":{"_acf_changed":false},"product_cat":[1357,364],"product_tag":[5205,7345,389],"class_list":["product","first","instock","shipping-taxable","purchasable","product-type-simple"],"acf":[],"_links":{"self":[{"href":"https:\/\/mouldking.store\/fr\/wp-json\/wp\/v2\/product\/59479","targetHints":{"allow":["GET"]}}],"collection":[{"href":"https:\/\/mouldking.store\/fr\/wp-json\/wp\/v2\/product"}],"about":[{"href":"https:\/\/mouldking.store\/fr\/wp-json\/wp\/v2\/types\/product"}],"replies":[{"embeddable":true,"href":"https:\/\/mouldking.store\/fr\/wp-json\/wp\/v2\/comments?post=59479"}],"wp:featuredmedia":[{"embeddable":true,"href":"https:\/\/mouldking.store\/fr\/wp-json\/wp\/v2\/media\/59478"}],"wp:attachment":[{"href":"https:\/\/mouldking.store\/fr\/wp-json\/wp\/v2\/media?parent=59479"}],"wp:term":[{"taxonomy":"product_cat","embeddable":true,"href":"https:\/\/mouldking.store\/fr\/wp-json\/wp\/v2\/product_cat?post=59479"},{"taxonomy":"product_tag","embeddable":true,"href":"https:\/\/mouldking.store\/fr\/wp-json\/wp\/v2\/product_tag?post=59479"}],"curies":[{"name":"wp","href":"https:\/\/api.w.org\/{rel}","templated":true}]}}