{"id":59637,"date":"2024-06-10T18:46:29","date_gmt":"2024-06-10T11:46:29","guid":{"rendered":"https:\/\/mouldking.store\/shop\/kalos-blocks-81002-chinese-traditional-buyi-dwellings-with-394-pieces\/"},"modified":"2024-06-10T18:46:32","modified_gmt":"2024-06-10T11:46:32","slug":"kalos-blocks-81002-chinese-traditional-buyi-dwellings-with-394-pieces","status":"publish","type":"product","link":"https:\/\/mouldking.store\/fr\/shop\/kalos-blocks-81002-chinese-traditional-buyi-dwellings-with-394-pieces\/","title":{"rendered":"KALOS BLOCKS 81002 Chinese Traditional Buyi Dwellings with 394 Pieces"},"content":{"rendered":"<div>\u2705Kalos 81002 Chinese Traditional Buyi Dwellings&nbsp;<\/p>\n<p>\u2705 The traditional dwellings of the Buyi people, an ethnic minority group in China, are a fascinating reflection of their rich cultural heritage and unique way of life.&nbsp;<\/p>\n<p>\ud83d\udeabIMPORTANT !<\/p>\n<p>Product Name: Chinese Traditional Buyi Dwellings&nbsp;<\/p>\n<p>Category: Modular Buildings<\/p>\n<p>This Kit Contains: Kalos 81002<\/p>\n<p>394 pcs Good Quality Bricks<\/p>\n<p>Size: 13.6 \u00d7 13.4 \u00d7 9 cm<\/p>\n<p>Instructions manuelles<\/p>\n<p>\ud83d\udcccNature du protagoniste<\/p>\n<p>Introducing our proud collection named \u201cChinese Traditional Buyi Dwellings \u201d you should not miss.<\/p>\n<p>&nbsp;The traditional dwellings of the Buyi people are not just structures; they are a tangible expression of the Buyi&#8217;s cultural identity, values, and way of life. As symbols of resilience and cultural heritage, these unique dwellings continue to inspire admiration and reverence, serving as a reminder of the rich diversity of China&#8217;s ethnic minority groups.&nbsp;<\/p><\/div>","protected":false},"excerpt":{"rendered":"<p>Brand: KALOS BLOCKS<br \/>\nGenre: Unisexe<br \/>\nTranche d&#039;\u00e2ge : &gt; 6 ans<br \/>\nModel Number: 81002<br \/>\nClassement : Assemblage<br \/>\nForme de bloc en plastique\u00a0: briques autobloquantes<br \/>\nMat\u00e9riel: Plastique<br \/>\nType de plastique : ABS<br \/>\nBricks Blocks: 394 +<br \/>\nPas de boite d&#039;origine<br \/>\nLe produit n&#039;inclut pas l&#039;autocollant et les pi\u00e8ces imprim\u00e9es. Toutes les pi\u00e8ces imprim\u00e9es seront remplac\u00e9es par des pi\u00e8ces standard et ne seront pas livr\u00e9es avec des accessoires tiers.<\/p>","protected":false},"featured_media":59636,"comment_status":"open","ping_status":"closed","template":"","meta":{"_acf_changed":false},"product_cat":[1395,1502,390],"product_tag":[11244,6462,4883,5679,1015,13431,11074],"class_list":["product","first","instock","shipping-taxable","purchasable","product-type-simple"],"acf":[],"_links":{"self":[{"href":"https:\/\/mouldking.store\/fr\/wp-json\/wp\/v2\/product\/59637","targetHints":{"allow":["GET"]}}],"collection":[{"href":"https:\/\/mouldking.store\/fr\/wp-json\/wp\/v2\/product"}],"about":[{"href":"https:\/\/mouldking.store\/fr\/wp-json\/wp\/v2\/types\/product"}],"replies":[{"embeddable":true,"href":"https:\/\/mouldking.store\/fr\/wp-json\/wp\/v2\/comments?post=59637"}],"wp:featuredmedia":[{"embeddable":true,"href":"https:\/\/mouldking.store\/fr\/wp-json\/wp\/v2\/media\/59636"}],"wp:attachment":[{"href":"https:\/\/mouldking.store\/fr\/wp-json\/wp\/v2\/media?parent=59637"}],"wp:term":[{"taxonomy":"product_cat","embeddable":true,"href":"https:\/\/mouldking.store\/fr\/wp-json\/wp\/v2\/product_cat?post=59637"},{"taxonomy":"product_tag","embeddable":true,"href":"https:\/\/mouldking.store\/fr\/wp-json\/wp\/v2\/product_tag?post=59637"}],"curies":[{"name":"wp","href":"https:\/\/api.w.org\/{rel}","templated":true}]}}