{"id":59643,"date":"2024-06-10T18:46:41","date_gmt":"2024-06-10T11:46:41","guid":{"rendered":"https:\/\/mouldking.store\/shop\/kalos-blocks-81003-chinese-traditional-dai-folk-houses-with-392-pieces\/"},"modified":"2024-06-10T18:46:44","modified_gmt":"2024-06-10T11:46:44","slug":"kalos-blocks-81003-chinese-traditional-dai-folk-houses-with-392-pieces","status":"publish","type":"product","link":"https:\/\/mouldking.store\/fr\/shop\/kalos-blocks-81003-chinese-traditional-dai-folk-houses-with-392-pieces\/","title":{"rendered":"KALOS BLOCKS 81003 Chinese Traditional Dai Folk Houses with 392 Pieces"},"content":{"rendered":"<div>\u2705Kalos 81003 Chinese Traditional Dai Folk Houses<\/p>\n<p>\u2705 The traditional dwellings of the Dai people, an ethnic group mainly residing in the tropical regions of southwestern China, particularly in Yunnan province, reflect their unique cultural heritage and environmental adaptation.&nbsp;<\/p>\n<p>\ud83d\udeabIMPORTANT !<\/p>\n<p>Product Name: Chinese Traditional Dai Folk Houses<\/p>\n<p>Category: Modular Buildings<\/p><\/div>\n<div>This Kit Contains: Kalos 81003<\/p>\n<p>392 briques de bonne qualit\u00e9.<\/p>\n<p>Size: 14.4 \u00d7 13.1 \u00d7 10.9 cm<\/p>\n<p>Instructions manuelles<\/p>\n<p>\ud83d\udcccNature du protagoniste<\/p>\n<p>Introducing our proud collection named \u201cChinese Traditional Dai Folk Houses\u201d you should not miss.<\/p>\n<p>The traditional dwellings of the Dai people are not just structures; they are a tangible expression of the Dai&#8217;s cultural identity, values, and way of life. As symbols of resilience and cultural heritage, these unique dwellings continue to inspire admiration and reverence, serving as a reminder of the rich diversity of China&#8217;s ethnic minority groups.<\/p><\/div>","protected":false},"excerpt":{"rendered":"<p>Brand: KALOS BLOCKS<br \/>\nGenre: Unisexe<br \/>\nTranche d&#039;\u00e2ge : &gt; 6 ans<br \/>\nModel Number: 81003<br \/>\nClassement : Assemblage<br \/>\nForme de bloc en plastique\u00a0: briques autobloquantes<br \/>\nMat\u00e9riel: Plastique<br \/>\nType de plastique : ABS<br \/>\nBlocs de briques : 392 +<br \/>\nPas de boite d&#039;origine<br \/>\nLe produit n&#039;inclut pas l&#039;autocollant et les pi\u00e8ces imprim\u00e9es. Toutes les pi\u00e8ces imprim\u00e9es seront remplac\u00e9es par des pi\u00e8ces standard et ne seront pas livr\u00e9es avec des accessoires tiers.<\/p>","protected":false},"featured_media":59642,"comment_status":"open","ping_status":"closed","template":"","meta":{"_acf_changed":false},"product_cat":[1395,1502,390],"product_tag":[11244,6462,4883,2318,5679,392,13431,11074],"class_list":["product","first","instock","shipping-taxable","purchasable","product-type-simple"],"acf":[],"_links":{"self":[{"href":"https:\/\/mouldking.store\/fr\/wp-json\/wp\/v2\/product\/59643","targetHints":{"allow":["GET"]}}],"collection":[{"href":"https:\/\/mouldking.store\/fr\/wp-json\/wp\/v2\/product"}],"about":[{"href":"https:\/\/mouldking.store\/fr\/wp-json\/wp\/v2\/types\/product"}],"replies":[{"embeddable":true,"href":"https:\/\/mouldking.store\/fr\/wp-json\/wp\/v2\/comments?post=59643"}],"wp:featuredmedia":[{"embeddable":true,"href":"https:\/\/mouldking.store\/fr\/wp-json\/wp\/v2\/media\/59642"}],"wp:attachment":[{"href":"https:\/\/mouldking.store\/fr\/wp-json\/wp\/v2\/media?parent=59643"}],"wp:term":[{"taxonomy":"product_cat","embeddable":true,"href":"https:\/\/mouldking.store\/fr\/wp-json\/wp\/v2\/product_cat?post=59643"},{"taxonomy":"product_tag","embeddable":true,"href":"https:\/\/mouldking.store\/fr\/wp-json\/wp\/v2\/product_tag?post=59643"}],"curies":[{"name":"wp","href":"https:\/\/api.w.org\/{rel}","templated":true}]}}