{"id":59646,"date":"2024-06-10T18:47:08","date_gmt":"2024-06-10T11:47:08","guid":{"rendered":"https:\/\/mouldking.store\/shop\/kalos-blocks-81005-chinese-traditional-tatar-dwellings-with-368-pieces\/"},"modified":"2024-06-10T18:47:12","modified_gmt":"2024-06-10T11:47:12","slug":"kalos-blocks-81005-chinese-traditional-tatar-dwellings-with-368-pieces","status":"publish","type":"product","link":"https:\/\/mouldking.store\/fr\/shop\/kalos-blocks-81005-chinese-traditional-tatar-dwellings-with-368-pieces\/","title":{"rendered":"KALOS BLOCKS 81005 Chinese Traditional Tatar Dwellings with 368 Pieces"},"content":{"rendered":"<div>\u2705Kalos 81005 Chinese Traditional Tatar Dwellings<\/p>\n<p>\u2705 Traditional Tatar dwellings, reflective of the Tatar culture, typically vary based on the historical and geographical context of the Tatar communities.&nbsp;<\/p>\n<p>\ud83d\udeabIMPORTANT !<\/p>\n<p>Product Name: Chinese Traditional Tatar Dwellings<\/p>\n<p>Category: Modular Buildings<\/p>\n<p>This Kit Contains: Kalos 81005<\/p>\n<p>368 pcs Good Quality Bricks<\/p>\n<p>Size: 13.2 \u00d7 13.1 \u00d7 8.6 cm<\/p>\n<p>Instructions manuelles<\/p>\n<p>\ud83d\udcccNature du protagoniste<\/p>\n<p>Introducing our proud collection named \u201cChinese Traditional Tatar Dwellings\u201d you should not miss.<\/p>\n<p>&nbsp;The traditional dwellings of the Tatar people are not just structures; they are a tangible expression of the Tatar&#8217;s cultural identity, values, and way of life. As symbols of resilience and cultural heritage, these unique dwellings continue to inspire admiration and reverence, serving as a reminder of the rich diversity of cultures within the Tatar community.&nbsp;<\/p><\/div>","protected":false},"excerpt":{"rendered":"<p>Brand: KALOS BLOCKS<br \/>\nGenre: Unisexe<br \/>\nTranche d&#039;\u00e2ge : &gt; 6 ans<br \/>\nModel Number: 81005<br \/>\nClassement : Assemblage<br \/>\nForme de bloc en plastique\u00a0: briques autobloquantes<br \/>\nMat\u00e9riel: Plastique<br \/>\nType de plastique : ABS<br \/>\nBricks Blocks: 368 +<br \/>\nPas de boite d&#039;origine<br \/>\nLe produit n&#039;inclut pas l&#039;autocollant et les pi\u00e8ces imprim\u00e9es. Toutes les pi\u00e8ces imprim\u00e9es seront remplac\u00e9es par des pi\u00e8ces standard et ne seront pas livr\u00e9es avec des accessoires tiers.<\/p>","protected":false},"featured_media":59645,"comment_status":"open","ping_status":"closed","template":"","meta":{"_acf_changed":false},"product_cat":[1395,1502,390],"product_tag":[11244,6462,4883,2318,5679,392,13431,11074],"class_list":["product","first","instock","shipping-taxable","purchasable","product-type-simple"],"acf":[],"_links":{"self":[{"href":"https:\/\/mouldking.store\/fr\/wp-json\/wp\/v2\/product\/59646","targetHints":{"allow":["GET"]}}],"collection":[{"href":"https:\/\/mouldking.store\/fr\/wp-json\/wp\/v2\/product"}],"about":[{"href":"https:\/\/mouldking.store\/fr\/wp-json\/wp\/v2\/types\/product"}],"replies":[{"embeddable":true,"href":"https:\/\/mouldking.store\/fr\/wp-json\/wp\/v2\/comments?post=59646"}],"wp:featuredmedia":[{"embeddable":true,"href":"https:\/\/mouldking.store\/fr\/wp-json\/wp\/v2\/media\/59645"}],"wp:attachment":[{"href":"https:\/\/mouldking.store\/fr\/wp-json\/wp\/v2\/media?parent=59646"}],"wp:term":[{"taxonomy":"product_cat","embeddable":true,"href":"https:\/\/mouldking.store\/fr\/wp-json\/wp\/v2\/product_cat?post=59646"},{"taxonomy":"product_tag","embeddable":true,"href":"https:\/\/mouldking.store\/fr\/wp-json\/wp\/v2\/product_tag?post=59646"}],"curies":[{"name":"wp","href":"https:\/\/api.w.org\/{rel}","templated":true}]}}