{"id":59654,"date":"2024-06-11T18:19:40","date_gmt":"2024-06-11T11:19:40","guid":{"rendered":"https:\/\/mouldking.store\/shop\/dk-5017-snake-game-machine-with-800-pieces\/"},"modified":"2024-06-11T18:19:42","modified_gmt":"2024-06-11T11:19:42","slug":"dk-5017-snake-game-machine-with-800-pieces","status":"publish","type":"product","link":"https:\/\/mouldking.store\/fr\/shop\/dk-5017-snake-game-machine-with-800-pieces\/","title":{"rendered":"DK 5017 Snake Game Machine with 800 Pieces"},"content":{"rendered":"<div>\u2705DK 5017 Snake Game Machine<\/p>\n<p>\u2705The game takes the core mechanics of the original Snake game and introduces a competitive multiplayer environment where players control snakes on a shared map, aiming to grow by consuming food and other players.<\/p>\n<p>\ud83d\udeabIMPORTANT !<\/p>\n<p>Product Name: Snake Game Machine<\/p>\n<p>Category: Game<\/p>\n<p>This Kit Contains: DK 5017<\/p>\n<p>800 pcs Good Quality Bricks<\/p>\n<p>Instructions manuelles<\/p>\n<p>\ud83d\udcccNature du protagoniste<\/p>\n<p>Introducing our proud collection named \u201cSnake Game Machine\u201d you should not miss.<\/p>\n<p>The gameplay starts with a small snake that players control using their mouse or touch inputs, directing its movement and using speed boosts when necessary. The objective is to consume food to grow longer and to strategically defeat other players by forcing them to collide with your snake. The game area is often bustling with numerous snakes of varying lengths, making the gameplay dynamic and engaging.<\/p><\/div>","protected":false},"excerpt":{"rendered":"<p>Marque : DK<br \/>\nGenre: Unisexe<br \/>\nTranche d&#039;\u00e2ge : &gt; 8 ans<br \/>\nModel Number: 5017<br \/>\nClassement : Assemblage<br \/>\nForme de bloc en plastique\u00a0: briques autobloquantes<br \/>\nMat\u00e9riel: Plastique<br \/>\nType de plastique : ABS<br \/>\nBricks Blocks: 800 +<br \/>\nPas de boite d&#039;origine<br \/>\nLe produit n&#039;inclut pas l&#039;autocollant et les pi\u00e8ces imprim\u00e9es. Toutes les pi\u00e8ces imprim\u00e9es seront remplac\u00e9es par des pi\u00e8ces standard et ne seront pas livr\u00e9es avec des accessoires tiers.<\/p>","protected":false},"featured_media":59653,"comment_status":"open","ping_status":"closed","template":"","meta":{"_acf_changed":false},"product_cat":[1365,1769,371],"product_tag":[11072,8452,9139,7793,13432],"class_list":["product","first","instock","shipping-taxable","purchasable","product-type-simple"],"acf":[],"_links":{"self":[{"href":"https:\/\/mouldking.store\/fr\/wp-json\/wp\/v2\/product\/59654","targetHints":{"allow":["GET"]}}],"collection":[{"href":"https:\/\/mouldking.store\/fr\/wp-json\/wp\/v2\/product"}],"about":[{"href":"https:\/\/mouldking.store\/fr\/wp-json\/wp\/v2\/types\/product"}],"replies":[{"embeddable":true,"href":"https:\/\/mouldking.store\/fr\/wp-json\/wp\/v2\/comments?post=59654"}],"wp:featuredmedia":[{"embeddable":true,"href":"https:\/\/mouldking.store\/fr\/wp-json\/wp\/v2\/media\/59653"}],"wp:attachment":[{"href":"https:\/\/mouldking.store\/fr\/wp-json\/wp\/v2\/media?parent=59654"}],"wp:term":[{"taxonomy":"product_cat","embeddable":true,"href":"https:\/\/mouldking.store\/fr\/wp-json\/wp\/v2\/product_cat?post=59654"},{"taxonomy":"product_tag","embeddable":true,"href":"https:\/\/mouldking.store\/fr\/wp-json\/wp\/v2\/product_tag?post=59654"}],"curies":[{"name":"wp","href":"https:\/\/api.w.org\/{rel}","templated":true}]}}