{"id":59670,"date":"2024-06-11T18:21:39","date_gmt":"2024-06-11T11:21:39","guid":{"rendered":"https:\/\/mouldking.store\/shop\/baka-33013-lamborghini-v12-with-1021-pieces\/"},"modified":"2024-06-11T18:21:45","modified_gmt":"2024-06-11T11:21:45","slug":"baka-33013-lamborghini-v12-with-1021-pieces","status":"publish","type":"product","link":"https:\/\/mouldking.store\/fr\/shop\/baka-33013-lamborghini-v12-with-1021-pieces\/","title":{"rendered":"BAKA 33013 Lamborghini V12 with 1021 Pieces"},"content":{"rendered":"<div>\u2705BAKA 33013 Lamborghini V12<\/p>\n<p>\u2705 The Lamborghini V12 engine is an iconic powerplant renowned for its performance, sound, and engineering excellence. It has been a staple of Lamborghini&#8217;s lineup since the inception of the company, powering some of the most legendary supercars in automotive history.&nbsp;<\/p>\n<p>\ud83d\udeabIMPORTANT !<\/p>\n<p>Product Name: Lamborghini V12<\/p>\n<p>Cat\u00e9gorie : Technique<\/p>\n<p>This Kit Contains: BAKA 33013<\/p>\n<p>1021 pcs Good Quality Bricks<\/p>\n<p>Instructions manuelles<\/p>\n<p>\ud83d\udcccNature du protagoniste<\/p>\n<p>Introducing our proud collection named \u201cLamborghini V12\u201d you should not miss.<\/p>\n<p>&nbsp;The first Lamborghini V12 engine debuted in the Lamborghini 350 GT, the company&#8217;s inaugural production car introduced in 1964. Designed by legendary engineer Giotto Bizzarrini, the original V12 engine set the stage for Lamborghini&#8217;s reputation for high-performance vehicles. &nbsp; Over the years, the Lamborghini V12 engine has undergone numerous iterations and advancements, with each new model featuring enhancements in power, efficiency, and technology. From the early days of carbureted engines to modern fuel-injected and hybrid powertrains, the V12 engine has evolved to meet the demands of contemporary automotive standards.&nbsp;<\/p><\/div>","protected":false},"excerpt":{"rendered":"<p>Brand: BAKA<br \/>\nGenre: Unisexe<br \/>\nTranche d&#039;\u00e2ge : &gt; 6 ans<br \/>\nModel Number: 33013<br \/>\nClassement : Assemblage<br \/>\nForme de bloc en plastique\u00a0: briques autobloquantes<br \/>\nMat\u00e9riel: Plastique<br \/>\nType de plastique : ABS<br \/>\nBricks Blocks: 1021 +<br \/>\nPas de boite d&#039;origine<br \/>\nLe produit n&#039;inclut pas l&#039;autocollant et les pi\u00e8ces imprim\u00e9es. Toutes les pi\u00e8ces imprim\u00e9es seront remplac\u00e9es par des pi\u00e8ces standard et ne seront pas livr\u00e9es avec des accessoires tiers.<br \/>\nPr\u00e9vente<\/p>","protected":false},"featured_media":59669,"comment_status":"open","ping_status":"closed","template":"","meta":{"_acf_changed":false},"product_cat":[1360,1357,364,1875],"product_tag":[457,596,389],"class_list":["product","first","instock","shipping-taxable","purchasable","product-type-simple"],"acf":[],"_links":{"self":[{"href":"https:\/\/mouldking.store\/fr\/wp-json\/wp\/v2\/product\/59670","targetHints":{"allow":["GET"]}}],"collection":[{"href":"https:\/\/mouldking.store\/fr\/wp-json\/wp\/v2\/product"}],"about":[{"href":"https:\/\/mouldking.store\/fr\/wp-json\/wp\/v2\/types\/product"}],"replies":[{"embeddable":true,"href":"https:\/\/mouldking.store\/fr\/wp-json\/wp\/v2\/comments?post=59670"}],"wp:featuredmedia":[{"embeddable":true,"href":"https:\/\/mouldking.store\/fr\/wp-json\/wp\/v2\/media\/59669"}],"wp:attachment":[{"href":"https:\/\/mouldking.store\/fr\/wp-json\/wp\/v2\/media?parent=59670"}],"wp:term":[{"taxonomy":"product_cat","embeddable":true,"href":"https:\/\/mouldking.store\/fr\/wp-json\/wp\/v2\/product_cat?post=59670"},{"taxonomy":"product_tag","embeddable":true,"href":"https:\/\/mouldking.store\/fr\/wp-json\/wp\/v2\/product_tag?post=59670"}],"curies":[{"name":"wp","href":"https:\/\/api.w.org\/{rel}","templated":true}]}}