{"id":59687,"date":"2024-06-11T18:27:01","date_gmt":"2024-06-11T11:27:01","guid":{"rendered":"https:\/\/mouldking.store\/shop\/wangao-288009-teenage-mutant-ninja-turtles-michelangelo-with-2032-pieces\/"},"modified":"2024-06-11T18:27:04","modified_gmt":"2024-06-11T11:27:04","slug":"wangao-288009-teenage-mutant-ninja-turtles-michelangelo-with-2032-pieces","status":"publish","type":"product","link":"https:\/\/mouldking.store\/fr\/shop\/wangao-288009-teenage-mutant-ninja-turtles-michelangelo-with-2032-pieces\/","title":{"rendered":"Wangao 288009 Teenage Mutant Ninja Turtles Michelangelo with 2032 Pieces"},"content":{"rendered":"<div>\u2705Wangao 288009 Teenage Mutant Ninja Turtles Michelangelo<\/p>\n<p>\u2705 Michelangelo is one of the four Teenage Mutant Ninja Turtles, known for his carefree attitude, sense of humor, and proficiency in using nunchaku. He is named after the Italian Renaissance sculptor Michelangelo di Lodovico Buonarroti Simoni and is characterized by his orange bandana and his role as the team&#8217;s comic relief.&nbsp;<\/p>\n<p>\ud83d\udeabIMPORTANT !<\/p>\n<p>Product Name: Teenage Mutant Ninja Turtles Michelangelo<\/p>\n<p>Cat\u00e9gorie : Film<\/p>\n<p>This Kit Contains: Wangao 288009&nbsp;<\/p>\n<p>2032 pcs Good Quality Bricks<\/p>\n<p>Size: 27 x 14 x 33cm<\/p>\n<p>Instructions manuelles<\/p>\n<p>\ud83d\udcccNature du protagoniste<\/p>\n<p>Introducing our proud collection named \u201cTeenage Mutant Ninja Turtles Michelangelo\u201d you should not miss.<\/p>\n<p>&nbsp;Michelangelo is the most lighthearted and fun-loving member of the Teenage Mutant Ninja Turtles, often cracking jokes and making witty remarks even in the midst of battle. His playful nature helps to lighten the mood and ease tension within the team. &nbsp; Michelangelo maintains an optimistic outlook on life, always looking for the silver lining in any situation and refusing to dwell on negativity or despair. His positive attitude inspires his brothers and encourages them to keep fighting, no matter the odds. &nbsp; Michelangelo is a creative and imaginative thinker, often coming up with unconventional solutions to problems and thinking outside the box. He enjoys expressing himself through art, music, and other forms of creative expression.&nbsp; Michelangelo is a skilled practitioner of nunchaku, a traditional martial arts weapon consisting of two sticks connected by a chain or rope. He wields his nunchaku with agility and finesse, using them to disarm opponents and perform acrobatic maneuvers in combat.&nbsp;<\/p><\/div>","protected":false},"excerpt":{"rendered":"<p>Brand: Wangao<br \/>\nGenre: Unisexe<br \/>\nTranche d&#039;\u00e2ge : &gt; 6 ans<br \/>\nModel Number: 288009<br \/>\nClassement : Assemblage<br \/>\nForme de bloc en plastique\u00a0: briques autobloquantes<br \/>\nMat\u00e9riel: Plastique<br \/>\nType de plastique : ABS<br \/>\nBricks Blocks: 2032 +<br \/>\nPas de boite d&#039;origine<br \/>\nLe produit n&#039;inclut pas l&#039;autocollant et les pi\u00e8ces imprim\u00e9es. Toutes les pi\u00e8ces imprim\u00e9es seront remplac\u00e9es par des pi\u00e8ces standard et ne seront pas livr\u00e9es avec des accessoires tiers.<\/p>","protected":false},"featured_media":59686,"comment_status":"open","ping_status":"closed","template":"","meta":{"_acf_changed":false},"product_cat":[1365,581,1408],"product_tag":[8452,9302,13438,434,8335,13048,13049,13243,13047,6812],"class_list":["product","first","instock","shipping-taxable","purchasable","product-type-simple"],"acf":[],"_links":{"self":[{"href":"https:\/\/mouldking.store\/fr\/wp-json\/wp\/v2\/product\/59687","targetHints":{"allow":["GET"]}}],"collection":[{"href":"https:\/\/mouldking.store\/fr\/wp-json\/wp\/v2\/product"}],"about":[{"href":"https:\/\/mouldking.store\/fr\/wp-json\/wp\/v2\/types\/product"}],"replies":[{"embeddable":true,"href":"https:\/\/mouldking.store\/fr\/wp-json\/wp\/v2\/comments?post=59687"}],"wp:featuredmedia":[{"embeddable":true,"href":"https:\/\/mouldking.store\/fr\/wp-json\/wp\/v2\/media\/59686"}],"wp:attachment":[{"href":"https:\/\/mouldking.store\/fr\/wp-json\/wp\/v2\/media?parent=59687"}],"wp:term":[{"taxonomy":"product_cat","embeddable":true,"href":"https:\/\/mouldking.store\/fr\/wp-json\/wp\/v2\/product_cat?post=59687"},{"taxonomy":"product_tag","embeddable":true,"href":"https:\/\/mouldking.store\/fr\/wp-json\/wp\/v2\/product_tag?post=59687"}],"curies":[{"name":"wp","href":"https:\/\/api.w.org\/{rel}","templated":true}]}}