{"id":59690,"date":"2024-06-11T18:27:50","date_gmt":"2024-06-11T11:27:50","guid":{"rendered":"https:\/\/mouldking.store\/shop\/baka-33202-donut-dessert-workshop-with-2664-pieces\/"},"modified":"2024-06-11T18:27:55","modified_gmt":"2024-06-11T11:27:55","slug":"baka-33202-donut-dessert-workshop-with-2664-pieces","status":"publish","type":"product","link":"https:\/\/mouldking.store\/fr\/shop\/baka-33202-donut-dessert-workshop-with-2664-pieces\/","title":{"rendered":"BAKA 33202 Donut Dessert Workshop with 2664 Pieces"},"content":{"rendered":"<div>\u2705BAKA 33202 Donut Dessert Workshop<\/p>\n<p>\u2705 A Donut Dessert Workshop sounds like a deliciously delightful event where participants can learn the art of making and decorating donuts in various creative and scrumptious ways.&nbsp;<\/p>\n<p>\ud83d\udeabIMPORTANT !<\/p>\n<p>Product Name: Donut Dessert Workshop<\/p>\n<p>Category: Modular Buildings<\/p>\n<p>This Kit Contains: BAKA 33202<\/p>\n<p>2664 pcs Good Quality Bricks<\/p>\n<p>Instructions manuelles<\/p>\n<p>\ud83d\udcccNature du protagoniste<\/p>\n<p>Introducing our proud collection named \u201cDonut Dessert Workshop\u201d you should not miss.<\/p>\n<p>&nbsp;Donut Dessert Workshop promises to be a fun, interactive, and indulgent experience for donut enthusiasts of all ages. Whether you&#8217;re a beginner baker or a seasoned dessert aficionado, there&#8217;s something sweet and satisfying for everyone to enjoy at a donut workshop.&nbsp;<\/p><\/div>","protected":false},"excerpt":{"rendered":"<p>Brand: BAKA<br \/>\nGenre: Unisexe<br \/>\nTranche d&#039;\u00e2ge : &gt; 6 ans<br \/>\nModel Number: 33202<br \/>\nClassement : Assemblage<br \/>\nForme de bloc en plastique\u00a0: briques autobloquantes<br \/>\nMat\u00e9riel: Plastique<br \/>\nType de plastique : ABS<br \/>\nBricks Blocks: 2664 +<br \/>\nPas de boite d&#039;origine<br \/>\nLe produit n&#039;inclut pas l&#039;autocollant et les pi\u00e8ces imprim\u00e9es. Toutes les pi\u00e8ces imprim\u00e9es seront remplac\u00e9es par des pi\u00e8ces standard et ne seront pas livr\u00e9es avec des accessoires tiers.<\/p>","protected":false},"featured_media":59689,"comment_status":"open","ping_status":"closed","template":"","meta":{"_acf_changed":false},"product_cat":[1395,1502,390],"product_tag":[11244,4883,13441,13442,13440,12522,5679,392,11707],"class_list":["product","first","instock","shipping-taxable","purchasable","product-type-simple"],"acf":[],"_links":{"self":[{"href":"https:\/\/mouldking.store\/fr\/wp-json\/wp\/v2\/product\/59690","targetHints":{"allow":["GET"]}}],"collection":[{"href":"https:\/\/mouldking.store\/fr\/wp-json\/wp\/v2\/product"}],"about":[{"href":"https:\/\/mouldking.store\/fr\/wp-json\/wp\/v2\/types\/product"}],"replies":[{"embeddable":true,"href":"https:\/\/mouldking.store\/fr\/wp-json\/wp\/v2\/comments?post=59690"}],"wp:featuredmedia":[{"embeddable":true,"href":"https:\/\/mouldking.store\/fr\/wp-json\/wp\/v2\/media\/59689"}],"wp:attachment":[{"href":"https:\/\/mouldking.store\/fr\/wp-json\/wp\/v2\/media?parent=59690"}],"wp:term":[{"taxonomy":"product_cat","embeddable":true,"href":"https:\/\/mouldking.store\/fr\/wp-json\/wp\/v2\/product_cat?post=59690"},{"taxonomy":"product_tag","embeddable":true,"href":"https:\/\/mouldking.store\/fr\/wp-json\/wp\/v2\/product_tag?post=59690"}],"curies":[{"name":"wp","href":"https:\/\/api.w.org\/{rel}","templated":true}]}}