{"id":59694,"date":"2024-06-11T18:28:08","date_gmt":"2024-06-11T11:28:08","guid":{"rendered":"https:\/\/mouldking.store\/shop\/baka-33204-strawberry-ice-workshop-with-3945-pieces\/"},"modified":"2024-06-11T18:28:12","modified_gmt":"2024-06-11T11:28:12","slug":"baka-33204-strawberry-ice-workshop-with-3945-pieces","status":"publish","type":"product","link":"https:\/\/mouldking.store\/fr\/shop\/baka-33204-strawberry-ice-workshop-with-3945-pieces\/","title":{"rendered":"BAKA 33204 Strawberry Ice Workshop with 3945 Pieces"},"content":{"rendered":"<div>\u2705BAKA 33204 Strawberry Ice Workshop<\/p>\n<p>\u2705 This could be a fun and tasty activity where participants learn how to make strawberry ice cream from scratch. In such a workshop, attendees might get hands-on experience with mixing ingredients, operating ice cream machines, and experimenting with flavors and toppings. It could be a great way to enjoy a sweet treat while learning new culinary skills.&nbsp;<\/p>\n<p>\ud83d\udeabIMPORTANT !<\/p>\n<p>Name: Strawberry Ice Workshop<\/p>\n<p>Category: Modular Buildings<\/p>\n<p>This Kit Contains: BAKA 33204&nbsp;<\/p>\n<p>3945 pcs Good Quality Bricks<\/p>\n<p>Instructions manuelles<\/p>\n<p>\ud83d\udcccNature du protagoniste<\/p>\n<p>Introducing our proud collection named \u201cStrawberry Ice Workshop\u201d you should not miss.<\/p>\n<p>&nbsp;&#8220;Strawberry Ice Workshop&#8221; could involve the art of ice sculpting, specifically focusing on creating sculptures inspired by strawberries or other fruit. Participants would learn carving techniques, handling tools, and shaping ice into intricate designs. It could be a unique and visually stunning activity suitable for artists, aspiring sculptors, or anyone interested in exploring the world of ice art.&nbsp;<\/p><\/div>","protected":false},"excerpt":{"rendered":"<p>Brand: BAKA<br \/>\nGenre: Unisexe<br \/>\nTranche d&#039;\u00e2ge : &gt; 6 ans<br \/>\nModel Number: 33204<br \/>\nClassement : Assemblage<br \/>\nForme de bloc en plastique\u00a0: briques autobloquantes<br \/>\nMat\u00e9riel: Plastique<br \/>\nType de plastique : ABS<br \/>\nBricks Blocks: 3945 +<br \/>\nPas de boite d&#039;origine<br \/>\nLe produit n&#039;inclut pas l&#039;autocollant et les pi\u00e8ces imprim\u00e9es. Toutes les pi\u00e8ces imprim\u00e9es seront remplac\u00e9es par des pi\u00e8ces standard et ne seront pas livr\u00e9es avec des accessoires tiers.<br \/>\nPr\u00e9vente<\/p>","protected":false},"featured_media":59693,"comment_status":"open","ping_status":"closed","template":"","meta":{"_acf_changed":false},"product_cat":[1365,1395,1502,390],"product_tag":[11244,4883,8452,13439,13254,12522,5679,11707],"class_list":["product","first","instock","shipping-taxable","purchasable","product-type-simple"],"acf":[],"_links":{"self":[{"href":"https:\/\/mouldking.store\/fr\/wp-json\/wp\/v2\/product\/59694","targetHints":{"allow":["GET"]}}],"collection":[{"href":"https:\/\/mouldking.store\/fr\/wp-json\/wp\/v2\/product"}],"about":[{"href":"https:\/\/mouldking.store\/fr\/wp-json\/wp\/v2\/types\/product"}],"replies":[{"embeddable":true,"href":"https:\/\/mouldking.store\/fr\/wp-json\/wp\/v2\/comments?post=59694"}],"wp:featuredmedia":[{"embeddable":true,"href":"https:\/\/mouldking.store\/fr\/wp-json\/wp\/v2\/media\/59693"}],"wp:attachment":[{"href":"https:\/\/mouldking.store\/fr\/wp-json\/wp\/v2\/media?parent=59694"}],"wp:term":[{"taxonomy":"product_cat","embeddable":true,"href":"https:\/\/mouldking.store\/fr\/wp-json\/wp\/v2\/product_cat?post=59694"},{"taxonomy":"product_tag","embeddable":true,"href":"https:\/\/mouldking.store\/fr\/wp-json\/wp\/v2\/product_tag?post=59694"}],"curies":[{"name":"wp","href":"https:\/\/api.w.org\/{rel}","templated":true}]}}