{"id":59697,"date":"2024-06-11T18:28:30","date_gmt":"2024-06-11T11:28:30","guid":{"rendered":"https:\/\/mouldking.store\/shop\/baka-33206-magic-flower-workshop-with-2445-pieces\/"},"modified":"2024-06-11T18:28:53","modified_gmt":"2024-06-11T11:28:53","slug":"baka-33206-magic-flower-workshop-with-2445-pieces","status":"publish","type":"product","link":"https:\/\/mouldking.store\/fr\/shop\/baka-33206-magic-flower-workshop-with-2445-pieces\/","title":{"rendered":"BAKA 33206 Magic Flower Workshop with 2445 Pieces"},"content":{"rendered":"<div>\u2705BAKA 33206 Magic Flower Workshop<\/p>\n<p>\u2705 A Magic Flower Workshop could be a fascinating and enchanting event where participants learn how to create captivating floral arrangements, perhaps with a touch of magic or whimsy.&nbsp;<\/p>\n<p>\ud83d\udeabIMPORTANT !<\/p>\n<p>Product Name: Magic Flower Workshop<\/p>\n<p>Category: Modular Buildings<\/p>\n<p>This Kit Contains: BAKA 33206<\/p>\n<p>2445 pcs Good Quality Bricks<\/p>\n<p>Instructions manuelles<\/p>\n<p>\ud83d\udcccNature du protagoniste<\/p>\n<p>Introducing our proud collection named \u201cMagic Flower Workshop\u201d you should not miss.<\/p>\n<p>Magic Flower Workshop offers a delightful blend of creativity, craftsmanship, and enchantment, providing participants with the opportunity to explore the world of floral design in a magical and whimsical way. It&#8217;s a perfect experience for flower enthusiasts, aspiring florists, or anyone looking to add a touch of magic to their lives through the beauty of flowers.<\/p><\/div>","protected":false},"excerpt":{"rendered":"<p>Brand: BAKA<br \/>\nGenre: Unisexe<br \/>\nTranche d&#039;\u00e2ge : &gt; 6 ans<br \/>\nModel Number: 33206<br \/>\nClassement : Assemblage<br \/>\nForme de bloc en plastique\u00a0: briques autobloquantes<br \/>\nMat\u00e9riel: Plastique<br \/>\nType de plastique : ABS<br \/>\nBricks Blocks: 2445 +<br \/>\nPas de boite d&#039;origine<br \/>\nLe produit n&#039;inclut pas l&#039;autocollant et les pi\u00e8ces imprim\u00e9es. Toutes les pi\u00e8ces imprim\u00e9es seront remplac\u00e9es par des pi\u00e8ces standard et ne seront pas livr\u00e9es avec des accessoires tiers.<\/p>","protected":false},"featured_media":59696,"comment_status":"open","ping_status":"closed","template":"","meta":{"_acf_changed":false},"product_cat":[1395,1502,390],"product_tag":[11244,4883,11106,8858,12522,5679,392,11707],"class_list":["product","first","instock","shipping-taxable","purchasable","product-type-simple"],"acf":[],"_links":{"self":[{"href":"https:\/\/mouldking.store\/fr\/wp-json\/wp\/v2\/product\/59697","targetHints":{"allow":["GET"]}}],"collection":[{"href":"https:\/\/mouldking.store\/fr\/wp-json\/wp\/v2\/product"}],"about":[{"href":"https:\/\/mouldking.store\/fr\/wp-json\/wp\/v2\/types\/product"}],"replies":[{"embeddable":true,"href":"https:\/\/mouldking.store\/fr\/wp-json\/wp\/v2\/comments?post=59697"}],"wp:featuredmedia":[{"embeddable":true,"href":"https:\/\/mouldking.store\/fr\/wp-json\/wp\/v2\/media\/59696"}],"wp:attachment":[{"href":"https:\/\/mouldking.store\/fr\/wp-json\/wp\/v2\/media?parent=59697"}],"wp:term":[{"taxonomy":"product_cat","embeddable":true,"href":"https:\/\/mouldking.store\/fr\/wp-json\/wp\/v2\/product_cat?post=59697"},{"taxonomy":"product_tag","embeddable":true,"href":"https:\/\/mouldking.store\/fr\/wp-json\/wp\/v2\/product_tag?post=59697"}],"curies":[{"name":"wp","href":"https:\/\/api.w.org\/{rel}","templated":true}]}}