{"id":59710,"date":"2024-06-11T18:29:41","date_gmt":"2024-06-11T11:29:41","guid":{"rendered":"https:\/\/mouldking.store\/shop\/j-arer-dmc001-tenkaichi-budokai-with-2330-pieces\/"},"modified":"2024-06-11T18:30:01","modified_gmt":"2024-06-11T11:30:01","slug":"j-arer-dmc001-tenkaichi-budokai-with-2330-pieces","status":"publish","type":"product","link":"https:\/\/mouldking.store\/fr\/shop\/j-arer-dmc001-tenkaichi-budokai-with-2330-pieces\/","title":{"rendered":"J-ARER DMC001 Tenkaichi Budokai with 2330 Pieces"},"content":{"rendered":"<div>\u2705 J-ARER DMC001 Tenkaichi Budokai<\/p>\n<p>\u2705 &#8220;Tenkaichi Budokai&#8221; translates to &#8220;The World&#8217;s Strongest Martial Arts Tournament&#8221; in Japanese. This term is closely associated with the Dragon Ball series, particularly the martial arts tournaments that occur throughout the series.&nbsp;<\/p>\n<p>\ud83d\udeabIMPORTANT !<\/p>\n<p>Product Name: Tenkaichi Budokai<\/p>\n<p>Cat\u00e9gorie : Film<\/p>\n<p>This Kit Contains:&nbsp; J-ARER DMC001<\/p>\n<p>2330 pcs Good Quality Bricks<\/p>\n<p>Size: 24.7 \u00d7 20 \u00d7 23.3 cm<\/p>\n<p>Instructions manuelles<\/p>\n<p>\ud83d\udcccNature du protagoniste<\/p>\n<p>Introducing our proud collection named \u201cTenkaichi Budokai\u201d you should not miss.<\/p>\n<p>&nbsp;The Tenkaichi Budokai is introduced early in the series as a martial arts tournament held every few years. It serves as a central plot element, bringing together fighters from across the world to compete for the title of world champion. &nbsp; The tournament typically consists of multiple rounds of one-on-one battles, with contestants eliminated until only one remains. There are rules in place to maintain fairness, such as ring outs, time limits, and prohibitions against certain techniques. &nbsp; Throughout the series, iconic characters such as Goku, Krillin, Master Roshi, Piccolo, and many others participate in the Tenkaichi Budokai. Each character brings their unique fighting style and abilities to the tournament, leading to intense and memorable battles.&nbsp;<\/p><\/div>","protected":false},"excerpt":{"rendered":"<p>Brand: J-ARER<br \/>\nGenre: Unisexe<br \/>\nTranche d&#039;\u00e2ge : &gt; 6 ans<br \/>\nModel Number: DMC001<br \/>\nClassement : Assemblage<br \/>\nForme de bloc en plastique\u00a0: briques autobloquantes<br \/>\nMat\u00e9riel: Plastique<br \/>\nType de plastique : ABS<br \/>\nBricks Blocks: 2330 +<br \/>\nPas de boite d&#039;origine<br \/>\nLe produit n&#039;inclut pas l&#039;autocollant et les pi\u00e8ces imprim\u00e9es. Toutes les pi\u00e8ces imprim\u00e9es seront remplac\u00e9es par des pi\u00e8ces standard et ne seront pas livr\u00e9es avec des accessoires tiers.<\/p>","protected":false},"featured_media":59709,"comment_status":"open","ping_status":"closed","template":"","meta":{"_acf_changed":false},"product_cat":[1395,1502,390,581,1408],"product_tag":[13444,4883,392,434,13443],"class_list":["product","first","instock","shipping-taxable","purchasable","product-type-simple"],"acf":[],"_links":{"self":[{"href":"https:\/\/mouldking.store\/fr\/wp-json\/wp\/v2\/product\/59710","targetHints":{"allow":["GET"]}}],"collection":[{"href":"https:\/\/mouldking.store\/fr\/wp-json\/wp\/v2\/product"}],"about":[{"href":"https:\/\/mouldking.store\/fr\/wp-json\/wp\/v2\/types\/product"}],"replies":[{"embeddable":true,"href":"https:\/\/mouldking.store\/fr\/wp-json\/wp\/v2\/comments?post=59710"}],"wp:featuredmedia":[{"embeddable":true,"href":"https:\/\/mouldking.store\/fr\/wp-json\/wp\/v2\/media\/59709"}],"wp:attachment":[{"href":"https:\/\/mouldking.store\/fr\/wp-json\/wp\/v2\/media?parent=59710"}],"wp:term":[{"taxonomy":"product_cat","embeddable":true,"href":"https:\/\/mouldking.store\/fr\/wp-json\/wp\/v2\/product_cat?post=59710"},{"taxonomy":"product_tag","embeddable":true,"href":"https:\/\/mouldking.store\/fr\/wp-json\/wp\/v2\/product_tag?post=59710"}],"curies":[{"name":"wp","href":"https:\/\/api.w.org\/{rel}","templated":true}]}}