{"id":59757,"date":"2024-06-11T18:33:50","date_gmt":"2024-06-11T11:33:50","guid":{"rendered":"https:\/\/mouldking.store\/shop\/baka-33228-royal-opera-house-with-13000-pieces\/"},"modified":"2024-06-11T18:33:53","modified_gmt":"2024-06-11T11:33:53","slug":"baka-33228-royal-opera-house-with-13000-pieces","status":"publish","type":"product","link":"https:\/\/mouldking.store\/fr\/shop\/baka-33228-royal-opera-house-with-13000-pieces\/","title":{"rendered":"BAKA 33228 Royal Opera House with 13000 Pieces"},"content":{"rendered":"<div>\u2705BAKA 33228 Royal Opera House<\/p>\n<p>\u2705 The Royal Opera House is a renowned performing arts venue located in Covent Garden, London, England.&nbsp; The Royal Opera House has a rich history dating back to the 17th century when it was originally constructed as the Theatre Royal, Covent Garden, in 1732. It was primarily a playhouse before transitioning into an opera house in the 19th century.&nbsp;<\/p>\n<p>\ud83d\udeabIMPORTANT !<\/p>\n<p>Product Name: Royal Opera House<\/p>\n<p>Category: Modular Buildings<\/p>\n<p>This Kit Contains: BAKA 33228<\/p>\n<p>13000 pcs Good Quality Bricks<\/p>\n<p>Instructions manuelles<\/p>\n<p>\ud83d\udcccNature du protagoniste<\/p>\n<p>Introducing our proud collection named \u201cRoyal Opera House\u201d you should not miss.<\/p>\n<p>&nbsp;The Royal Opera House stands as a beacon of artistic excellence and cultural enrichment, captivating audiences with its breathtaking performances, exquisite productions, and timeless elegance. As a bastion of the performing arts, it continues to inspire and delight audiences from around the world, ensuring that the legacy of opera and ballet thrives for generations to come.&nbsp;<\/p><\/div>","protected":false},"excerpt":{"rendered":"<p>Brand: BAKA<br \/>\nGenre: Unisexe<br \/>\nTranche d&#039;\u00e2ge : &gt; 6 ans<br \/>\nModel Number: 33228<br \/>\nClassement : Assemblage<br \/>\nForme de bloc en plastique\u00a0: briques autobloquantes<br \/>\nMat\u00e9riel: Plastique<br \/>\nType de plastique : ABS<br \/>\nBricks Blocks: 13000 +<br \/>\nPas de boite d&#039;origine<br \/>\nLe produit n&#039;inclut pas l&#039;autocollant et les pi\u00e8ces imprim\u00e9es. Toutes les pi\u00e8ces imprim\u00e9es seront remplac\u00e9es par des pi\u00e8ces standard et ne seront pas livr\u00e9es avec des accessoires tiers.<\/p>","protected":false},"featured_media":59756,"comment_status":"open","ping_status":"closed","template":"","meta":{"_acf_changed":false},"product_cat":[1395,1502,390],"product_tag":[11244,4883,2318,12522,5679,392,12416,5062],"class_list":["product","first","instock","shipping-taxable","purchasable","product-type-simple"],"acf":[],"_links":{"self":[{"href":"https:\/\/mouldking.store\/fr\/wp-json\/wp\/v2\/product\/59757","targetHints":{"allow":["GET"]}}],"collection":[{"href":"https:\/\/mouldking.store\/fr\/wp-json\/wp\/v2\/product"}],"about":[{"href":"https:\/\/mouldking.store\/fr\/wp-json\/wp\/v2\/types\/product"}],"replies":[{"embeddable":true,"href":"https:\/\/mouldking.store\/fr\/wp-json\/wp\/v2\/comments?post=59757"}],"wp:featuredmedia":[{"embeddable":true,"href":"https:\/\/mouldking.store\/fr\/wp-json\/wp\/v2\/media\/59756"}],"wp:attachment":[{"href":"https:\/\/mouldking.store\/fr\/wp-json\/wp\/v2\/media?parent=59757"}],"wp:term":[{"taxonomy":"product_cat","embeddable":true,"href":"https:\/\/mouldking.store\/fr\/wp-json\/wp\/v2\/product_cat?post=59757"},{"taxonomy":"product_tag","embeddable":true,"href":"https:\/\/mouldking.store\/fr\/wp-json\/wp\/v2\/product_tag?post=59757"}],"curies":[{"name":"wp","href":"https:\/\/api.w.org\/{rel}","templated":true}]}}