{"id":59772,"date":"2024-06-14T17:49:11","date_gmt":"2024-06-14T10:49:11","guid":{"rendered":"https:\/\/mouldking.store\/shop\/moc-factory-125143-little-shop-of-horrors-mushniks-shop-diorama-audrey-ii-seymour-audrey-orin-mr-mushnik-with-994-pieces\/"},"modified":"2025-12-16T20:59:05","modified_gmt":"2025-12-16T13:59:05","slug":"moc-factory-125143-little-shop-of-horrors-mushniks-shop-diorama-audrey-ii-seymour-audrey-orin-mr-mushnik-with-994-pieces","status":"publish","type":"product","link":"https:\/\/mouldking.store\/fr\/shop\/moc-factory-125143-little-shop-of-horrors-mushniks-shop-diorama-audrey-ii-seymour-audrey-orin-mr-mushnik-with-994-pieces\/","title":{"rendered":"MOC Factory 125143 Little Shop Of Horrors Mushnik&#8217;s Shop Diorama Audrey II Seymour Audrey Orin Mr Mushnik with 994 Pieces"},"content":{"rendered":"<div>\u2705 MOC-125143 Little Shop Of Horrors Mushnik&#8217;s Shop Diorama Audrey II Seymour Audrey Orin Mr Mushnik<\/p>\n<p>\u2705 Creating a diorama of Mushnik&#8217;s Shop from &#8220;Little Shop of Horrors&#8221; is a fantastic and creative project that involves a series of meticulous steps to bring the iconic scene to life.&nbsp;<\/p>\n<p>\ud83d\udeabIMPORTANT !<\/p>\n<p>Product Name: Little Shop Of Horrors Mushnik&#8217;s Shop Diorama Audrey II Seymour Audrey Orin Mr Mushnik<\/p>\n<p>Cat\u00e9gorie : Film<\/p>\n<p>This Kit Contains: C10022<\/p>\n<p>994&nbsp; pcs Good Quality Bricks<\/p>\n<p>Size: 19 x 19 x 15 cm<\/p>\n<p>Weight: 0.753 kg<\/p>\n<p>Instructions PDF<\/p>\n<p>\ud83d\udcccNature du protagoniste<\/p>\n<p>Introducing our proud collection named \u201cLittle Shop Of Horrors Mushnik&#8217;s Shop Diorama Audrey II Seymour Audrey Orin Mr Mushnik\u201d you should not miss.<\/p>\n<p>&nbsp;Begin by sketching the layout of the shop, deciding where each element and character will be placed. Construct the shop&#8217;s structure using cardboard or foam board, painting the walls and floor to replicate the shop&#8217;s appearance from the musical or movie.&nbsp;<\/p><\/div>","protected":false},"excerpt":{"rendered":"<p>Marque : MOC Factory<br \/>\nGenre: Unisexe<br \/>\nTranche d&#039;\u00e2ge : &gt; 6 ans<br \/>\nModel Number: 125143<br \/>\nClassement : Assemblage<br \/>\nForme de bloc en plastique\u00a0: briques autobloquantes<br \/>\nMat\u00e9riel: Plastique<br \/>\nType de plastique : ABS<br \/>\nBricks Blocks: 994 +<br \/>\nPas de boite d&#039;origine<br \/>\nLe produit n&#039;inclut pas l&#039;autocollant et les pi\u00e8ces imprim\u00e9es. Toutes les pi\u00e8ces imprim\u00e9es seront remplac\u00e9es par des pi\u00e8ces standard et ne seront pas livr\u00e9es avec des accessoires tiers.<\/p>","protected":false},"featured_media":59771,"comment_status":"open","ping_status":"closed","template":"","meta":{"_acf_changed":false},"product_cat":[1365,371,581,1408],"product_tag":[13452,11072,8452,8784,434,13451,13454,13453,1711],"class_list":["product","first","instock","shipping-taxable","purchasable","product-type-simple"],"acf":[],"_links":{"self":[{"href":"https:\/\/mouldking.store\/fr\/wp-json\/wp\/v2\/product\/59772","targetHints":{"allow":["GET"]}}],"collection":[{"href":"https:\/\/mouldking.store\/fr\/wp-json\/wp\/v2\/product"}],"about":[{"href":"https:\/\/mouldking.store\/fr\/wp-json\/wp\/v2\/types\/product"}],"replies":[{"embeddable":true,"href":"https:\/\/mouldking.store\/fr\/wp-json\/wp\/v2\/comments?post=59772"}],"wp:featuredmedia":[{"embeddable":true,"href":"https:\/\/mouldking.store\/fr\/wp-json\/wp\/v2\/media\/59771"}],"wp:attachment":[{"href":"https:\/\/mouldking.store\/fr\/wp-json\/wp\/v2\/media?parent=59772"}],"wp:term":[{"taxonomy":"product_cat","embeddable":true,"href":"https:\/\/mouldking.store\/fr\/wp-json\/wp\/v2\/product_cat?post=59772"},{"taxonomy":"product_tag","embeddable":true,"href":"https:\/\/mouldking.store\/fr\/wp-json\/wp\/v2\/product_tag?post=59772"}],"curies":[{"name":"wp","href":"https:\/\/api.w.org\/{rel}","templated":true}]}}