{"id":59784,"date":"2024-06-14T17:49:46","date_gmt":"2024-06-14T10:49:46","guid":{"rendered":"https:\/\/mouldking.store\/shop\/moc-factory-148423-alien-movies-xenomorph-with-665-pieces\/"},"modified":"2025-12-16T20:59:05","modified_gmt":"2025-12-16T13:59:05","slug":"moc-factory-148423-alien-movies-xenomorph-with-665-pieces","status":"publish","type":"product","link":"https:\/\/mouldking.store\/fr\/shop\/moc-factory-148423-alien-movies-xenomorph-with-665-pieces\/","title":{"rendered":"MOC Factory 148423 Alien Movies Xenomorph with 665 Pieces"},"content":{"rendered":"<div>\u2705 MOC-148423 Alien Movies Xenomorph<\/p>\n<p>\u2705 The Xenomorph, a central creature in the &#8220;Alien&#8221; franchise, is one of the most iconic and terrifying monsters in science fiction and horror cinema.&nbsp; The Xenomorph, also known as the Alien, was created by Swiss artist H.R. Giger. The creature&#8217;s design, known for its biomechanical aesthetic, combines elements of organic and mechanical features, creating a nightmarish and otherworldly appearance. The Xenomorph made its first appearance in Ridley Scott&#8217;s 1979 film &#8220;Alien,&#8221; and has since become a staple of the franchise.&nbsp;<\/p>\n<p>\ud83d\udeabIMPORTANT !<\/p>\n<p>Product Name: Alien Movies Xenomorph<\/p>\n<p>Cat\u00e9gorie : Film<\/p>\n<p>This Kit Contains: C10036<\/p>\n<p>665 pcs Good Quality Bricks<\/p>\n<p>Size: 24 x 20 x 24 cm<\/p>\n<p>Instructions PDF<\/p>\n<p>\ud83d\udcccNature du protagoniste<\/p>\n<p>Introducing our proud collection named \u201cAlien Movies Xenomorph\u201d you should not miss.<\/p>\n<p>The Xenomorph has become an enduring symbol of the &#8220;Alien&#8221; franchise and has influenced countless other works of science fiction and horror. Its terrifying design and relentless nature have made it one of the most memorable monsters in film history.<\/p><\/div>\n<div>In conclusion, the Xenomorph is a masterfully crafted creature that combines elements of horror and science fiction. Its distinctive design, complex life cycle, and role in the &#8220;Alien&#8221; franchise have cemented its place as one of the most iconic movie monsters of all time.<\/div>","protected":false},"excerpt":{"rendered":"<p>Marque : MOC Factory<br \/>\nGenre: Unisexe<br \/>\nTranche d&#039;\u00e2ge : &gt; 6 ans<br \/>\nModel Number: 148423<br \/>\nClassement : Assemblage<br \/>\nForme de bloc en plastique\u00a0: briques autobloquantes<br \/>\nMat\u00e9riel: Plastique<br \/>\nType de plastique : ABS<br \/>\nBricks Blocks: 665 +<br \/>\nPas de boite d&#039;origine<br \/>\nLe produit n&#039;inclut pas l&#039;autocollant et les pi\u00e8ces imprim\u00e9es. Toutes les pi\u00e8ces imprim\u00e9es seront remplac\u00e9es par des pi\u00e8ces standard et ne seront pas livr\u00e9es avec des accessoires tiers.<\/p>","protected":false},"featured_media":59783,"comment_status":"open","ping_status":"closed","template":"","meta":{"_acf_changed":false},"product_cat":[1365,371,581,1408],"product_tag":[6866,11072,8452,434,13457],"class_list":["product","first","instock","shipping-taxable","purchasable","product-type-simple"],"acf":[],"_links":{"self":[{"href":"https:\/\/mouldking.store\/fr\/wp-json\/wp\/v2\/product\/59784","targetHints":{"allow":["GET"]}}],"collection":[{"href":"https:\/\/mouldking.store\/fr\/wp-json\/wp\/v2\/product"}],"about":[{"href":"https:\/\/mouldking.store\/fr\/wp-json\/wp\/v2\/types\/product"}],"replies":[{"embeddable":true,"href":"https:\/\/mouldking.store\/fr\/wp-json\/wp\/v2\/comments?post=59784"}],"wp:featuredmedia":[{"embeddable":true,"href":"https:\/\/mouldking.store\/fr\/wp-json\/wp\/v2\/media\/59783"}],"wp:attachment":[{"href":"https:\/\/mouldking.store\/fr\/wp-json\/wp\/v2\/media?parent=59784"}],"wp:term":[{"taxonomy":"product_cat","embeddable":true,"href":"https:\/\/mouldking.store\/fr\/wp-json\/wp\/v2\/product_cat?post=59784"},{"taxonomy":"product_tag","embeddable":true,"href":"https:\/\/mouldking.store\/fr\/wp-json\/wp\/v2\/product_tag?post=59784"}],"curies":[{"name":"wp","href":"https:\/\/api.w.org\/{rel}","templated":true}]}}