{"id":59810,"date":"2024-06-14T17:52:02","date_gmt":"2024-06-14T10:52:02","guid":{"rendered":"https:\/\/mouldking.store\/shop\/moc-factory-134254-james-bond-the-spy-who-loved-me-wet-nellie-with-1542-pieces\/"},"modified":"2025-12-16T20:59:05","modified_gmt":"2025-12-16T13:59:05","slug":"moc-factory-134254-james-bond-the-spy-who-loved-me-wet-nellie-with-1542-pieces","status":"publish","type":"product","link":"https:\/\/mouldking.store\/fr\/shop\/moc-factory-134254-james-bond-the-spy-who-loved-me-wet-nellie-with-1542-pieces\/","title":{"rendered":"MOC Factory 134254 James Bond The Spy Who Loved Me Wet Nellie with 1542 Pieces"},"content":{"rendered":"<div>\u2705 MOC-134254 James Bond The Spy Who Loved Me Wet Nellie<\/p>\n<p>\u2705 &#8220;Wet Nellie&#8221; is the nickname given to the specially modified Lotus Esprit featured in the James Bond film &#8220;The Spy Who Loved Me,&#8221; which was released in 1977. This iconic car is notable for its unique ability to transform into a submarine, allowing Bond to escape from enemies both on land and underwater.&nbsp;<\/p>\n<p>\ud83d\udeabIMPORTANT !<\/p>\n<p>Product Name: James Bond The Spy Who Loved Me Wet Nellie<\/p>\n<p>Cat\u00e9gorie : Film<\/p>\n<p>This Kit Contains: C10055<\/p>\n<p>1542 pcs Good Quality Bricks<\/p>\n<p>Size: Dimensions: 30 x 12 x 18 cm<\/p>\n<p>Weight: 1.282 kg<\/p>\n<p>Instructions PDF<\/p>\n<p>\ud83d\udcccNature du protagoniste<\/p>\n<p>Introducing our proud collection named \u201cJames Bond The Spy Who Loved Me Wet Nellie\u201d you should not miss.<\/p>\n<p>&nbsp;Wet Nellie is one of the most memorable gadgets in the James Bond series, symbolizing the franchise&#8217;s blend of espionage, adventure, and cutting-edge technology. &nbsp; The actual prop used in the film was discovered in a storage unit in Long Island, New York, and was later auctioned off. In 2013, it was purchased by Elon Musk, who expressed interest in converting it into a functioning car-submarine.&nbsp; Wet Nellie stands as a testament to the creativity and innovation of the Bond films, merging the allure of a luxury sports car with the fantastical elements of spy fiction.&nbsp;<\/p><\/div>","protected":false},"excerpt":{"rendered":"<p>Marque : MOC Factory<br \/>\nGenre: Unisexe<br \/>\nTranche d&#039;\u00e2ge : &gt; 6 ans<br \/>\nModel Number: 134254<br \/>\nClassement : Assemblage<br \/>\nForme de bloc en plastique\u00a0: briques autobloquantes<br \/>\nMat\u00e9riel: Plastique<br \/>\nType de plastique : ABS<br \/>\nBricks Blocks: 1542 +<br \/>\nPas de boite d&#039;origine<br \/>\nLe produit n&#039;inclut pas l&#039;autocollant et les pi\u00e8ces imprim\u00e9es. Toutes les pi\u00e8ces imprim\u00e9es seront remplac\u00e9es par des pi\u00e8ces standard et ne seront pas livr\u00e9es avec des accessoires tiers.<\/p>","protected":false},"featured_media":59809,"comment_status":"open","ping_status":"closed","template":"","meta":{"_acf_changed":false},"product_cat":[1357,581,364,1408],"product_tag":[13461,13462,6522,434,13463,13302,389],"class_list":["product","first","instock","shipping-taxable","purchasable","product-type-simple"],"acf":[],"_links":{"self":[{"href":"https:\/\/mouldking.store\/fr\/wp-json\/wp\/v2\/product\/59810","targetHints":{"allow":["GET"]}}],"collection":[{"href":"https:\/\/mouldking.store\/fr\/wp-json\/wp\/v2\/product"}],"about":[{"href":"https:\/\/mouldking.store\/fr\/wp-json\/wp\/v2\/types\/product"}],"replies":[{"embeddable":true,"href":"https:\/\/mouldking.store\/fr\/wp-json\/wp\/v2\/comments?post=59810"}],"wp:featuredmedia":[{"embeddable":true,"href":"https:\/\/mouldking.store\/fr\/wp-json\/wp\/v2\/media\/59809"}],"wp:attachment":[{"href":"https:\/\/mouldking.store\/fr\/wp-json\/wp\/v2\/media?parent=59810"}],"wp:term":[{"taxonomy":"product_cat","embeddable":true,"href":"https:\/\/mouldking.store\/fr\/wp-json\/wp\/v2\/product_cat?post=59810"},{"taxonomy":"product_tag","embeddable":true,"href":"https:\/\/mouldking.store\/fr\/wp-json\/wp\/v2\/product_tag?post=59810"}],"curies":[{"name":"wp","href":"https:\/\/api.w.org\/{rel}","templated":true}]}}