{"id":59830,"date":"2024-06-18T18:18:56","date_gmt":"2024-06-18T11:18:56","guid":{"rendered":"https:\/\/mouldking.store\/shop\/moc-factory-159887-vesuvius-and-pompeii-with-2533-pieces\/"},"modified":"2025-12-16T20:59:05","modified_gmt":"2025-12-16T13:59:05","slug":"moc-factory-159887-vesuvius-and-pompeii-with-2533-pieces","status":"publish","type":"product","link":"https:\/\/mouldking.store\/fr\/shop\/moc-factory-159887-vesuvius-and-pompeii-with-2533-pieces\/","title":{"rendered":"MOC Factory 159887 Vesuvius And Pompeii with 2533 Pieces"},"content":{"rendered":"<div>\u2705 MOC-159887 Vesuvius And Pompeii<\/p>\n<p>\u2705 Mount Vesuvius is one of the most famous volcanoes in the world, primarily because of its catastrophic eruption in AD 79 that led to the destruction of the Roman cities of Pompeii and Herculaneum.&nbsp;<\/p>\n<p>\ud83d\udeabIMPORTANT !<\/p>\n<p>Product Name: Vesuvius And Pompeii<\/p>\n<p>Cat\u00e9gorie : Construction Modulaire&nbsp;<\/p>\n<p>This Kit Contains: C10064<\/p>\n<p>2533&nbsp; pcs Good Quality Bricks<\/p>\n<p>Size: 34 x 34 x 28 cm<\/p>\n<p>Weight: 2.031 kg<\/p>\n<p>Instructions PDF<\/p>\n<p>\ud83d\udcccNature du protagoniste<\/p>\n<p>Introducing our proud collection named \u201cVesuvius And Pompeii\u201d you should not miss.<\/p>\n<p>&nbsp;Mount Vesuvius and the destruction of Pompeii remain powerful reminders of nature&#8217;s ability to both create and destroy. The preserved city offers invaluable insights into the ancient world, while the volcano serves as a reminder of the ever-present threat posed by active volcanoes.&nbsp;<\/p><\/div>","protected":false},"excerpt":{"rendered":"<p>Marque : MOC Factory<br \/>\nGenre: Unisexe<br \/>\nTranche d&#039;\u00e2ge : &gt; 6 ans<br \/>\nModel Number: 159887<br \/>\nClassement : Assemblage<br \/>\nForme de bloc en plastique\u00a0: briques autobloquantes<br \/>\nMat\u00e9riel: Plastique<br \/>\nType de plastique : ABS<br \/>\nBricks Blocks: 2533 +<br \/>\nPas de boite d&#039;origine<br \/>\nLe produit n&#039;inclut pas l&#039;autocollant et les pi\u00e8ces imprim\u00e9es. Toutes les pi\u00e8ces imprim\u00e9es seront remplac\u00e9es par des pi\u00e8ces standard et ne seront pas livr\u00e9es avec des accessoires tiers.<\/p>","protected":false},"featured_media":59829,"comment_status":"open","ping_status":"closed","template":"","meta":{"_acf_changed":false},"product_cat":[1395,1502,390],"product_tag":[4883,392,13465,13464],"class_list":["product","first","instock","shipping-taxable","purchasable","product-type-simple"],"acf":[],"_links":{"self":[{"href":"https:\/\/mouldking.store\/fr\/wp-json\/wp\/v2\/product\/59830","targetHints":{"allow":["GET"]}}],"collection":[{"href":"https:\/\/mouldking.store\/fr\/wp-json\/wp\/v2\/product"}],"about":[{"href":"https:\/\/mouldking.store\/fr\/wp-json\/wp\/v2\/types\/product"}],"replies":[{"embeddable":true,"href":"https:\/\/mouldking.store\/fr\/wp-json\/wp\/v2\/comments?post=59830"}],"wp:featuredmedia":[{"embeddable":true,"href":"https:\/\/mouldking.store\/fr\/wp-json\/wp\/v2\/media\/59829"}],"wp:attachment":[{"href":"https:\/\/mouldking.store\/fr\/wp-json\/wp\/v2\/media?parent=59830"}],"wp:term":[{"taxonomy":"product_cat","embeddable":true,"href":"https:\/\/mouldking.store\/fr\/wp-json\/wp\/v2\/product_cat?post=59830"},{"taxonomy":"product_tag","embeddable":true,"href":"https:\/\/mouldking.store\/fr\/wp-json\/wp\/v2\/product_tag?post=59830"}],"curies":[{"name":"wp","href":"https:\/\/api.w.org\/{rel}","templated":true}]}}