{"id":59896,"date":"2024-06-18T18:22:04","date_gmt":"2024-06-18T11:22:04","guid":{"rendered":"https:\/\/mouldking.store\/shop\/moc-factory-89117-the-legend-of-zelda-the-wind-waker-wind-waker-boat-with-535-pieces\/"},"modified":"2025-12-16T20:59:04","modified_gmt":"2025-12-16T13:59:04","slug":"moc-factory-89117-the-legend-of-zelda-the-wind-waker-wind-waker-boat-with-535-pieces","status":"publish","type":"product","link":"https:\/\/mouldking.store\/fr\/shop\/moc-factory-89117-the-legend-of-zelda-the-wind-waker-wind-waker-boat-with-535-pieces\/","title":{"rendered":"MOC Factory 89117 The Legend of Zelda The Wind Waker Wind Waker Boat avec 535 pi\u00e8ces"},"content":{"rendered":"<div>\u2705 MOC-89117 La L\u00e9gende de Zelda Le Wind Waker Wind Waker Boat<\/p>\n<p>\u2705 Le Roi des Lions Rouges est un voilier dot\u00e9 d&#039;une coque rouge distinctive et d&#039;une figure de proue en forme de lion. Son design \u00e9l\u00e9gant et gracieux est id\u00e9al pour naviguer sur les vastes \u00e9tendues de la Grande Mer. Il est propuls\u00e9 par le vent gr\u00e2ce \u00e0 une grande voile r\u00e9glable en fonction des diff\u00e9rentes directions du vent, permettant \u00e0 Link de naviguer efficacement.&nbsp;<\/p>\n<p>\ud83d\udeabIMPORTANT !<\/p>\n<p>Nom du produit : The Legend of Zelda The Wind Waker Wind Waker Boat<\/p>\n<p>Cat\u00e9gorie : Film<\/p>\n<p>Ce kit contient : C9949<\/p>\n<p>535 briques de bonne qualit\u00e9.<\/p>\n<p>Dimensions : 25,9 x 24 x 32,3 cm<\/p>\n<p>Poids : 0,31 kg<\/p>\n<p>Instructions PDF<\/p>\n<p>\ud83d\udcccNature du protagoniste<\/p>\n<p>Nous vous pr\u00e9sentons notre fi\u00e8re collection intitul\u00e9e \u00ab The Legend of Zelda The Wind Waker Wind Waker Boat \u00bb \u00e0 ne pas manquer.<\/p>\n<p>&nbsp;Dans \u00ab\u00a0The Legend of Zelda\u00a0: The Wind Waker\u00a0\u00bb, le Roi des Lions Rouges est le fid\u00e8le compagnon de Link sur le bateau, le guidant \u00e0 travers l&#039;immensit\u00e9 de l&#039;oc\u00e9an, tandis que le Wind Waker lui-m\u00eame agit comme un chef d&#039;orchestre magique, essentiel pour manipuler le vent et naviguer sur les mers. Ensemble, ils font partie int\u00e9grante des m\u00e9caniques et de l&#039;histoire du jeu, contribuant au charme unique et \u00e0 l&#039;aventure de ce titre embl\u00e9matique de la s\u00e9rie Zelda.&nbsp;<\/p><\/div>","protected":false},"excerpt":{"rendered":"<p>Marque : MOC Factory<br \/>\nGenre: Unisexe<br \/>\nTranche d&#039;\u00e2ge : &gt; 6 ans<br \/>\nNum\u00e9ro de mod\u00e8le : 89117<br \/>\nClassement : Assemblage<br \/>\nForme de bloc en plastique\u00a0: briques autobloquantes<br \/>\nMat\u00e9riel: Plastique<br \/>\nType de plastique : ABS<br \/>\nBlocs de briques : 535 +<br \/>\nPas de boite d&#039;origine<br \/>\nLe produit n&#039;inclut pas l&#039;autocollant et les pi\u00e8ces imprim\u00e9es. Toutes les pi\u00e8ces imprim\u00e9es seront remplac\u00e9es par des pi\u00e8ces standard et ne seront pas livr\u00e9es avec des accessoires tiers.<\/p>","protected":false},"featured_media":59895,"comment_status":"open","ping_status":"closed","template":"","meta":{"_acf_changed":false},"product_cat":[1365,371,581,1408],"product_tag":[6471,11072,8452,11082,11083,434,11274,5773],"class_list":["product","first","instock","shipping-taxable","purchasable","product-type-simple"],"acf":[],"_links":{"self":[{"href":"https:\/\/mouldking.store\/fr\/wp-json\/wp\/v2\/product\/59896","targetHints":{"allow":["GET"]}}],"collection":[{"href":"https:\/\/mouldking.store\/fr\/wp-json\/wp\/v2\/product"}],"about":[{"href":"https:\/\/mouldking.store\/fr\/wp-json\/wp\/v2\/types\/product"}],"replies":[{"embeddable":true,"href":"https:\/\/mouldking.store\/fr\/wp-json\/wp\/v2\/comments?post=59896"}],"wp:featuredmedia":[{"embeddable":true,"href":"https:\/\/mouldking.store\/fr\/wp-json\/wp\/v2\/media\/59895"}],"wp:attachment":[{"href":"https:\/\/mouldking.store\/fr\/wp-json\/wp\/v2\/media?parent=59896"}],"wp:term":[{"taxonomy":"product_cat","embeddable":true,"href":"https:\/\/mouldking.store\/fr\/wp-json\/wp\/v2\/product_cat?post=59896"},{"taxonomy":"product_tag","embeddable":true,"href":"https:\/\/mouldking.store\/fr\/wp-json\/wp\/v2\/product_tag?post=59896"}],"curies":[{"name":"wp","href":"https:\/\/api.w.org\/{rel}","templated":true}]}}