{"id":59998,"date":"2024-07-10T16:52:29","date_gmt":"2024-07-10T09:52:29","guid":{"rendered":"https:\/\/mouldking.store\/shop\/moc-factory-162291-viking-village-expansion-with-584-pieces\/"},"modified":"2025-12-16T20:59:04","modified_gmt":"2025-12-16T13:59:04","slug":"moc-factory-162291-viking-village-expansion-with-584-pieces","status":"publish","type":"product","link":"https:\/\/mouldking.store\/fr\/shop\/moc-factory-162291-viking-village-expansion-with-584-pieces\/","title":{"rendered":"MOC Factory 162291 Viking Village Expansion with 584 Pieces"},"content":{"rendered":"<div>\u2705 MOC-162291 Viking Village Expansion<\/p>\n<p>\u2705 Expanding a Viking village involves several key aspects that reflect both historical authenticity and strategic planning to ensure the village thrives and grows.&nbsp;<\/p>\n<p>\ud83d\udeabIMPORTANT !<\/p>\n<p>Product Name: Viking Village Expansion<\/p>\n<p>Cat\u00e9gorie : Film<\/p>\n<p>This Kit Contains: C10028<\/p>\n<p>584&nbsp; pcs Good Quality Bricks<\/p>\n<p>Size: 8 x 24 x 8 cm<\/p>\n<p>Weight: 0.43 kg<\/p>\n<p>Instructions PDF<\/p>\n<p>\ud83d\udcccNature du protagoniste<\/p>\n<p>Introducing our proud collection named \u201cViking Village Expansion\u201d you should not miss.<\/p>\n<p>&nbsp;The village layout is then planned to include residential areas with additional longhouses and smaller huts, communal spaces, and essential facilities like blacksmiths, granaries, and trading posts. Infrastructure development is key, with the establishment of roads and pathways to facilitate the movement of goods and people, as well as the construction of a central meeting hall for gatherings and decision-making. Agricultural development is prioritized by expanding farming areas, implementing crop rotation, and introducing new crops and livestock to diversify food sources.&nbsp;<\/p><\/div>","protected":false},"excerpt":{"rendered":"<p>Marque : MOC Factory<br \/>\nGenre: Unisexe<br \/>\nTranche d&#039;\u00e2ge : &gt; 6 ans<br \/>\nModel Number: 162291<br \/>\nClassement : Assemblage<br \/>\nForme de bloc en plastique\u00a0: briques autobloquantes<br \/>\nMat\u00e9riel: Plastique<br \/>\nType de plastique : ABS<br \/>\nBricks Blocks: 584 +<br \/>\nPas de boite d&#039;origine<br \/>\nLe produit n&#039;inclut pas l&#039;autocollant et les pi\u00e8ces imprim\u00e9es. Toutes les pi\u00e8ces imprim\u00e9es seront remplac\u00e9es par des pi\u00e8ces standard et ne seront pas livr\u00e9es avec des accessoires tiers.<\/p>","protected":false},"featured_media":59997,"comment_status":"open","ping_status":"closed","template":"","meta":{"_acf_changed":false},"product_cat":[1357,581,364,1408],"product_tag":[434,389,9952,13488,6373],"class_list":["product","first","instock","shipping-taxable","purchasable","product-type-simple"],"acf":[],"_links":{"self":[{"href":"https:\/\/mouldking.store\/fr\/wp-json\/wp\/v2\/product\/59998","targetHints":{"allow":["GET"]}}],"collection":[{"href":"https:\/\/mouldking.store\/fr\/wp-json\/wp\/v2\/product"}],"about":[{"href":"https:\/\/mouldking.store\/fr\/wp-json\/wp\/v2\/types\/product"}],"replies":[{"embeddable":true,"href":"https:\/\/mouldking.store\/fr\/wp-json\/wp\/v2\/comments?post=59998"}],"wp:featuredmedia":[{"embeddable":true,"href":"https:\/\/mouldking.store\/fr\/wp-json\/wp\/v2\/media\/59997"}],"wp:attachment":[{"href":"https:\/\/mouldking.store\/fr\/wp-json\/wp\/v2\/media?parent=59998"}],"wp:term":[{"taxonomy":"product_cat","embeddable":true,"href":"https:\/\/mouldking.store\/fr\/wp-json\/wp\/v2\/product_cat?post=59998"},{"taxonomy":"product_tag","embeddable":true,"href":"https:\/\/mouldking.store\/fr\/wp-json\/wp\/v2\/product_tag?post=59998"}],"curies":[{"name":"wp","href":"https:\/\/api.w.org\/{rel}","templated":true}]}}