{"id":60008,"date":"2024-07-10T16:52:41","date_gmt":"2024-07-10T09:52:41","guid":{"rendered":"https:\/\/mouldking.store\/shop\/moc-factory-165091-pirate-ship-the-ruined-king-with-5854-pieces\/"},"modified":"2025-12-16T20:59:04","modified_gmt":"2025-12-16T13:59:04","slug":"moc-factory-165091-pirate-ship-the-ruined-king-with-5854-pieces","status":"publish","type":"product","link":"https:\/\/mouldking.store\/fr\/shop\/moc-factory-165091-pirate-ship-the-ruined-king-with-5854-pieces\/","title":{"rendered":"MOC Factory 165091 Pirate Ship The Ruined King with 5854 Pieces"},"content":{"rendered":"<div>\u2705 MOC-165091 Pirate Ship The Ruined King<\/p>\n<p>\u2705 &#8220;The Ruined King&#8221; as a pirate ship conjures an image of a formidable and legendary vessel that strikes fear into the hearts of its enemies.&nbsp; The Ruined King boasts a large, imposing hull made from the strongest oak, reinforced with iron plates for extra durability. The wood is weathered and dark, showing signs of numerous battles and voyages across treacherous seas.&nbsp; The ship&#8217;s figurehead is a fearsome carving of a skeletal king, adorned with a tattered crown and clutching a broken scepter, symbolizing both its name and its dark legacy.&nbsp;<\/p>\n<p>\ud83d\udeabIMPORTANT !<\/p>\n<p>Product Name: Pirate Ship The Ruined King<\/p>\n<p>Cat\u00e9gorie : Film<\/p>\n<p>This Kit Contains: C10031<\/p>\n<p>5854 pcs Good Quality Bricks<\/p>\n<p>Size: 64 x 25 x 45 cm<\/p>\n<p>Weight: 3.68 kg<\/p>\n<p>Instructions PDF<\/p>\n<p>\ud83d\udcccNature du protagoniste<\/p>\n<p>Introducing our proud collection named \u201cPirate Ship The Ruined King\u201d you should not miss.<\/p>\n<p>&nbsp;The Ruined King is not just a ship but a symbol of pirate legend, combining formidable armament, a skilled and loyal crew, and an aura of dark mystique that makes it a force to be reckoned with on the high seas.&nbsp;<\/p><\/div>","protected":false},"excerpt":{"rendered":"<p>Marque : MOC Factory<br \/>\nGenre: Unisexe<br \/>\nTranche d&#039;\u00e2ge : &gt; 6 ans<br \/>\nModel Number: 165091<br \/>\nClassement : Assemblage<br \/>\nForme de bloc en plastique\u00a0: briques autobloquantes<br \/>\nMat\u00e9riel: Plastique<br \/>\nType de plastique : ABS<br \/>\nBricks Blocks: 5854 +<br \/>\nPas de boite d&#039;origine<br \/>\nLe produit n&#039;inclut pas l&#039;autocollant et les pi\u00e8ces imprim\u00e9es. Toutes les pi\u00e8ces imprim\u00e9es seront remplac\u00e9es par des pi\u00e8ces standard et ne seront pas livr\u00e9es avec des accessoires tiers.<\/p>","protected":false},"featured_media":60007,"comment_status":"open","ping_status":"closed","template":"","meta":{"_acf_changed":false},"product_cat":[1357,371,372,390,581,6016,415,364,1408,1875],"product_tag":[9925,434,8704,2429,304,389],"class_list":["product","first","instock","shipping-taxable","purchasable","product-type-simple"],"acf":[],"_links":{"self":[{"href":"https:\/\/mouldking.store\/fr\/wp-json\/wp\/v2\/product\/60008","targetHints":{"allow":["GET"]}}],"collection":[{"href":"https:\/\/mouldking.store\/fr\/wp-json\/wp\/v2\/product"}],"about":[{"href":"https:\/\/mouldking.store\/fr\/wp-json\/wp\/v2\/types\/product"}],"replies":[{"embeddable":true,"href":"https:\/\/mouldking.store\/fr\/wp-json\/wp\/v2\/comments?post=60008"}],"wp:featuredmedia":[{"embeddable":true,"href":"https:\/\/mouldking.store\/fr\/wp-json\/wp\/v2\/media\/60007"}],"wp:attachment":[{"href":"https:\/\/mouldking.store\/fr\/wp-json\/wp\/v2\/media?parent=60008"}],"wp:term":[{"taxonomy":"product_cat","embeddable":true,"href":"https:\/\/mouldking.store\/fr\/wp-json\/wp\/v2\/product_cat?post=60008"},{"taxonomy":"product_tag","embeddable":true,"href":"https:\/\/mouldking.store\/fr\/wp-json\/wp\/v2\/product_tag?post=60008"}],"curies":[{"name":"wp","href":"https:\/\/api.w.org\/{rel}","templated":true}]}}