{"id":60021,"date":"2024-07-10T16:53:26","date_gmt":"2024-07-10T09:53:26","guid":{"rendered":"https:\/\/mouldking.store\/shop\/moc-factory-123307-evil-dead-knowby-cabin-olds-delta-88-with-605-pieces\/"},"modified":"2025-12-16T20:59:04","modified_gmt":"2025-12-16T13:59:04","slug":"moc-factory-123307-evil-dead-knowby-cabin-olds-delta-88-with-605-pieces","status":"publish","type":"product","link":"https:\/\/mouldking.store\/fr\/shop\/moc-factory-123307-evil-dead-knowby-cabin-olds-delta-88-with-605-pieces\/","title":{"rendered":"MOC Factory 123307 Evil Dead Knowby Cabin Olds Delta 88 with 605 Pieces"},"content":{"rendered":"<div>\u2705 MOC-123307 Evil Dead Knowby Cabin Olds Delta 88<\/p>\n<p>\u2705 The Oldsmobile Delta 88 is a notable car that has appeared in several films, most famously in Sam Raimi&#8217;s &#8220;Evil Dead&#8221; series.&nbsp;<\/p>\n<p>\ud83d\udeabIMPORTANT !<\/p>\n<p>Product Name: Evil Dead Knowby Cabin Olds Delta 88<\/p>\n<p>Cat\u00e9gorie : Construction Modulaire<\/p>\n<p>This Kit Contains: C10052<\/p>\n<p>605&nbsp; pcs Good Quality Bricks<\/p>\n<p>Size: 40 x 14 x 28 cm<\/p>\n<p>Weight: 0.6 kg<\/p>\n<p>Instructions PDF<\/p>\n<p>\ud83d\udcccNature du protagoniste<\/p>\n<p>Introducing our proud collection named \u201cEvil Dead Knowby Cabin Olds Delta 88\u201d you should not miss.<\/p>\n<p>&nbsp;It&#8217;s particularly iconic as the car driven by Ash Williams, the main character played by Bruce Campbell. The Delta 88, often referred to as &#8220;The Classic&#8221; or &#8220;The Classic Oldsmobile,&#8221; has become synonymous with the franchise and is featured prominently, especially in the first two films, &#8220;The Evil Dead&#8221; (1981) and &#8220;Evil Dead II&#8221; (1987). It&#8217;s known for its distinctive appearance and its association with the horror genre, adding to the cult status of the films.&nbsp;<\/p><\/div>","protected":false},"excerpt":{"rendered":"<p>Marque : MOC Factory<br \/>\nGenre: Unisexe<br \/>\nTranche d&#039;\u00e2ge : &gt; 6 ans<br \/>\nModel Number: 123307<br \/>\nClassement : Assemblage<br \/>\nForme de bloc en plastique\u00a0: briques autobloquantes<br \/>\nMat\u00e9riel: Plastique<br \/>\nType de plastique : ABS<br \/>\nBricks Blocks: 605 +<br \/>\nPas de boite d&#039;origine<br \/>\nLe produit n&#039;inclut pas l&#039;autocollant et les pi\u00e8ces imprim\u00e9es. Toutes les pi\u00e8ces imprim\u00e9es seront remplac\u00e9es par des pi\u00e8ces standard et ne seront pas livr\u00e9es avec des accessoires tiers.<\/p>","protected":false},"featured_media":60020,"comment_status":"open","ping_status":"closed","template":"","meta":{"_acf_changed":false},"product_cat":[1395,1502,390],"product_tag":[4883,13490,3727,13489,11099,392],"class_list":["product","first","instock","shipping-taxable","purchasable","product-type-simple"],"acf":[],"_links":{"self":[{"href":"https:\/\/mouldking.store\/fr\/wp-json\/wp\/v2\/product\/60021","targetHints":{"allow":["GET"]}}],"collection":[{"href":"https:\/\/mouldking.store\/fr\/wp-json\/wp\/v2\/product"}],"about":[{"href":"https:\/\/mouldking.store\/fr\/wp-json\/wp\/v2\/types\/product"}],"replies":[{"embeddable":true,"href":"https:\/\/mouldking.store\/fr\/wp-json\/wp\/v2\/comments?post=60021"}],"wp:featuredmedia":[{"embeddable":true,"href":"https:\/\/mouldking.store\/fr\/wp-json\/wp\/v2\/media\/60020"}],"wp:attachment":[{"href":"https:\/\/mouldking.store\/fr\/wp-json\/wp\/v2\/media?parent=60021"}],"wp:term":[{"taxonomy":"product_cat","embeddable":true,"href":"https:\/\/mouldking.store\/fr\/wp-json\/wp\/v2\/product_cat?post=60021"},{"taxonomy":"product_tag","embeddable":true,"href":"https:\/\/mouldking.store\/fr\/wp-json\/wp\/v2\/product_tag?post=60021"}],"curies":[{"name":"wp","href":"https:\/\/api.w.org\/{rel}","templated":true}]}}