{"id":60068,"date":"2024-07-10T18:13:21","date_gmt":"2024-07-10T11:13:21","guid":{"rendered":"https:\/\/mouldking.store\/shop\/mould-king-10085-small-drift-bottle-mini-queen-revenger-ship-with-885-pieces\/"},"modified":"2024-07-10T18:13:27","modified_gmt":"2024-07-10T11:13:27","slug":"mould-king-10085-small-drift-bottle-mini-queen-revenger-ship-with-885-pieces","status":"publish","type":"product","link":"https:\/\/mouldking.store\/fr\/shop\/mould-king-10085-small-drift-bottle-mini-queen-revenger-ship-with-885-pieces\/","title":{"rendered":"MOULD KING 10085 Small Drift Bottle Mini Queen Revenger Ship with 885 Pieces"},"content":{"rendered":"<div>\u2705MouldKing 10085 Small Drift Bottle Mini Queen Revenger Ship<\/p>\n<p>\u2705The concept of a &#8220;Small Drift Bottle Mini Queen Revenger Ship&#8221; isn&#8217;t a standard term or widely recognized phrase in maritime or model-making contexts. However, I can interpret it as potentially referring to a model ship contained within a drift bottle (commonly known as a ship in a bottle), which could be named the &#8220;Mini Queen Revenger.&#8221;&nbsp;<\/p>\n<p>\ud83d\udeabIMPORTANT !<\/p>\n<p>Product Name: Small Drift Bottle Mini Queen Revenger Ship<\/p>\n<p>Cat\u00e9gorie : Film<\/p>\n<p>This Kit Contains: MouldKing 10085<\/p>\n<p>885 pcs Good Quality Bricks<\/p>\n<p>Size: 31 \u00d7 10.9 \u00d7 15.5 cm<\/p>\n<p>Instructions manuelles<\/p>\n<p>\ud83d\udcccNature du protagoniste<\/p>\n<p>Introducing our proud collection named \u201cSmall Drift Bottle Mini Queen Revenger Ship\u201d you should not miss.<\/p>\n<p>&nbsp;If inspired by historical ships, the &#8220;Mini Queen Revenger&#8221; might be designed after a specific era of naval warfare, such as the Age of Sail. If fictional, it could come with a backstory involving adventures and battles on the high seas. &nbsp; Such models are prized by collectors and maritime enthusiasts for their beauty and the skill required to make them. They often serve as decorative pieces and conversation starters.&nbsp;<\/p><\/div>","protected":false},"excerpt":{"rendered":"<p>Marque : MOLD KING<br \/>\nGenre: Unisexe<br \/>\nTranche d&#039;\u00e2ge : &gt; 8 ans<br \/>\nModel Number: 10085<br \/>\nClassement : Assemblage<br \/>\nForme de bloc en plastique\u00a0: briques autobloquantes<br \/>\nMat\u00e9riel: Plastique<br \/>\nType de plastique : ABS<br \/>\nBricks Blocks: 885 +<br \/>\nPas de boite d&#039;origine<br \/>\nLe produit n&#039;inclut pas l&#039;autocollant et les pi\u00e8ces imprim\u00e9es. Toutes les pi\u00e8ces imprim\u00e9es seront remplac\u00e9es par des pi\u00e8ces standard et ne seront pas livr\u00e9es avec des accessoires tiers.<\/p>","protected":false},"featured_media":60067,"comment_status":"open","ping_status":"closed","template":"","meta":{"_acf_changed":false},"product_cat":[1357,364],"product_tag":[13496,12378,7231,12600,304,389],"class_list":["product","first","instock","shipping-taxable","purchasable","product-type-simple"],"acf":[],"_links":{"self":[{"href":"https:\/\/mouldking.store\/fr\/wp-json\/wp\/v2\/product\/60068","targetHints":{"allow":["GET"]}}],"collection":[{"href":"https:\/\/mouldking.store\/fr\/wp-json\/wp\/v2\/product"}],"about":[{"href":"https:\/\/mouldking.store\/fr\/wp-json\/wp\/v2\/types\/product"}],"replies":[{"embeddable":true,"href":"https:\/\/mouldking.store\/fr\/wp-json\/wp\/v2\/comments?post=60068"}],"wp:featuredmedia":[{"embeddable":true,"href":"https:\/\/mouldking.store\/fr\/wp-json\/wp\/v2\/media\/60067"}],"wp:attachment":[{"href":"https:\/\/mouldking.store\/fr\/wp-json\/wp\/v2\/media?parent=60068"}],"wp:term":[{"taxonomy":"product_cat","embeddable":true,"href":"https:\/\/mouldking.store\/fr\/wp-json\/wp\/v2\/product_cat?post=60068"},{"taxonomy":"product_tag","embeddable":true,"href":"https:\/\/mouldking.store\/fr\/wp-json\/wp\/v2\/product_tag?post=60068"}],"curies":[{"name":"wp","href":"https:\/\/api.w.org\/{rel}","templated":true}]}}