{"id":60084,"date":"2024-07-12T17:53:57","date_gmt":"2024-07-12T10:53:57","guid":{"rendered":"https:\/\/mouldking.store\/shop\/mould-king-10030-t1-van-with-2056-pieces\/"},"modified":"2024-07-12T17:54:00","modified_gmt":"2024-07-12T10:54:00","slug":"mould-king-10030-t1-van-with-2056-pieces","status":"publish","type":"product","link":"https:\/\/mouldking.store\/fr\/shop\/mould-king-10030-t1-van-with-2056-pieces\/","title":{"rendered":"MOULD KING 10030 T1 Van with 2056 Pieces"},"content":{"rendered":"<div>\u2705MouldKing 10030 T1 Van<\/p>\n<p>\u2705 The T1 Van, commonly known as the Volkswagen Type 2, T1, or simply the VW Bus, is a classic van that was first produced by Volkswagen in the 1950s. It is one of the most iconic vehicles of its era, renowned for its distinctive design and association with the counterculture movement of the 1960s.&nbsp;<\/p>\n<p>\ud83d\udeabIMPORTANT !<\/p>\n<p>Product Name: T1 Van<\/p>\n<p>Cat\u00e9gorie : Technique<\/p>\n<p>This Kit Contains: MouldKing 10030<\/p>\n<p>2056 pcs Good Quality Bricks<\/p>\n<p>Size: 31.8 \u00d7 15.7 \u00d7 18.1 cm<\/p>\n<p>Instructions manuelles<\/p>\n<p>\ud83d\udcccNature du protagoniste<\/p>\n<p>Introducing our proud collection named \u201cT1 Van\u201d you should not miss.<\/p>\n<p>&nbsp;The Volkswagen Type 2 (T1) was produced from 1950 to 1967. &nbsp; The T1 is characterized by its split windshield, rounded body, and rear engine layout. It often features a two-tone color scheme and has a very utilitarian design with options for passenger and cargo configurations.&nbsp; he T1 was powered by an air-cooled flat-four engine. Early models had a 1.1-liter engine, which was later upgraded to larger displacements.&nbsp;<\/p><\/div>","protected":false},"excerpt":{"rendered":"<p>Marque : MOLD KING<br \/>\nGenre: Unisexe<br \/>\nTranche d&#039;\u00e2ge : &gt; 14 ans<br \/>\nModel Number: 10030<br \/>\nClassement : Assemblage<br \/>\nForme de bloc en plastique\u00a0: briques autobloquantes<br \/>\nMat\u00e9riel: Plastique<br \/>\nType de plastique : ABS<br \/>\nBricks Blocks: 2056 +<br \/>\nPas de boite d&#039;origine<br \/>\nLe produit n&#039;inclut pas l&#039;autocollant et les pi\u00e8ces imprim\u00e9es. Toutes les pi\u00e8ces imprim\u00e9es seront remplac\u00e9es par des pi\u00e8ces standard et ne seront pas livr\u00e9es avec des accessoires tiers.<\/p>","protected":false},"featured_media":60083,"comment_status":"open","ping_status":"closed","template":"","meta":{"_acf_changed":false},"product_cat":[1357,364],"product_tag":[4572,11528,13497,389,11080,11571],"class_list":["product","first","instock","shipping-taxable","purchasable","product-type-simple"],"acf":[],"_links":{"self":[{"href":"https:\/\/mouldking.store\/fr\/wp-json\/wp\/v2\/product\/60084","targetHints":{"allow":["GET"]}}],"collection":[{"href":"https:\/\/mouldking.store\/fr\/wp-json\/wp\/v2\/product"}],"about":[{"href":"https:\/\/mouldking.store\/fr\/wp-json\/wp\/v2\/types\/product"}],"replies":[{"embeddable":true,"href":"https:\/\/mouldking.store\/fr\/wp-json\/wp\/v2\/comments?post=60084"}],"wp:featuredmedia":[{"embeddable":true,"href":"https:\/\/mouldking.store\/fr\/wp-json\/wp\/v2\/media\/60083"}],"wp:attachment":[{"href":"https:\/\/mouldking.store\/fr\/wp-json\/wp\/v2\/media?parent=60084"}],"wp:term":[{"taxonomy":"product_cat","embeddable":true,"href":"https:\/\/mouldking.store\/fr\/wp-json\/wp\/v2\/product_cat?post=60084"},{"taxonomy":"product_tag","embeddable":true,"href":"https:\/\/mouldking.store\/fr\/wp-json\/wp\/v2\/product_tag?post=60084"}],"curies":[{"name":"wp","href":"https:\/\/api.w.org\/{rel}","templated":true}]}}