{"id":60098,"date":"2024-07-12T17:55:16","date_gmt":"2024-07-12T10:55:16","guid":{"rendered":"https:\/\/mouldking.store\/shop\/mould-king-27067-mini-racing-cars-with-344-pieces\/"},"modified":"2024-07-12T17:55:22","modified_gmt":"2024-07-12T10:55:22","slug":"mould-king-27067-mini-racing-cars-with-344-pieces","status":"publish","type":"product","link":"https:\/\/mouldking.store\/fr\/shop\/mould-king-27067-mini-racing-cars-with-344-pieces\/","title":{"rendered":"MOULD KING 27067 Mini Racing Cars with 344 Pieces"},"content":{"rendered":"<div>\u2705Mould King 27067 Mini Racing Cars<\/p>\n<p>\u2705 A racing car, also known as a race car, is a specially designed vehicle built for competitive racing events. These cars are optimized for speed, agility, and performance on race tracks.&nbsp;<\/p>\n<p>\ud83d\udeabIMPORTANT !<\/p>\n<p>Nom du produit : Mini voitures de course<\/p>\n<p>Cat\u00e9gorie : Technique<\/p>\n<p>This Kit Contains: Mould King 27067<\/p>\n<p>344&nbsp; pcs Good Quality Bricks<\/p>\n<p>Size: 16.6 \u00d7 7.6 \u00d7 4.8 cm<\/p>\n<p>Instructions manuelles<\/p>\n<p>\ud83d\udcccNature du protagoniste<\/p>\n<p>Introducing our proud collection named \u201cini Racing Cars\u201d you should not miss.<\/p>\n<p>&nbsp;They typically feature lightweight construction, powerful engines, advanced aerodynamics, and specialized tires and brakes to handle high speeds and cornering forces. Racing cars can vary widely depending on the type of racing they are designed for, such as Formula 1, NASCAR, rally racing, or endurance racing like the 24 Hours of Le Mans.&nbsp;<\/p><\/div>","protected":false},"excerpt":{"rendered":"<p>Marque : MOLD KING<br \/>\nGenre: Unisexe<br \/>\nTranche d&#039;\u00e2ge : &gt; 14 ans<br \/>\nModel Number: 27067<br \/>\nClassement : Assemblage<br \/>\nForme de bloc en plastique\u00a0: briques autobloquantes<br \/>\nMat\u00e9riel: Plastique<br \/>\nType de plastique : ABS<br \/>\nBricks Blocks: 344 +<br \/>\nPas de boite d&#039;origine<br \/>\nLe produit n&#039;inclut pas l&#039;autocollant et les pi\u00e8ces imprim\u00e9es. Toutes les pi\u00e8ces imprim\u00e9es seront remplac\u00e9es par des pi\u00e8ces standard et ne seront pas livr\u00e9es avec des accessoires tiers.<\/p>","protected":false},"featured_media":60097,"comment_status":"open","ping_status":"closed","template":"","meta":{"_acf_changed":false},"product_cat":[1360,1357,364],"product_tag":[10385,479,13502,710,480,389,11080],"class_list":["product","first","instock","shipping-taxable","purchasable","product-type-simple"],"acf":[],"_links":{"self":[{"href":"https:\/\/mouldking.store\/fr\/wp-json\/wp\/v2\/product\/60098","targetHints":{"allow":["GET"]}}],"collection":[{"href":"https:\/\/mouldking.store\/fr\/wp-json\/wp\/v2\/product"}],"about":[{"href":"https:\/\/mouldking.store\/fr\/wp-json\/wp\/v2\/types\/product"}],"replies":[{"embeddable":true,"href":"https:\/\/mouldking.store\/fr\/wp-json\/wp\/v2\/comments?post=60098"}],"wp:featuredmedia":[{"embeddable":true,"href":"https:\/\/mouldking.store\/fr\/wp-json\/wp\/v2\/media\/60097"}],"wp:attachment":[{"href":"https:\/\/mouldking.store\/fr\/wp-json\/wp\/v2\/media?parent=60098"}],"wp:term":[{"taxonomy":"product_cat","embeddable":true,"href":"https:\/\/mouldking.store\/fr\/wp-json\/wp\/v2\/product_cat?post=60098"},{"taxonomy":"product_tag","embeddable":true,"href":"https:\/\/mouldking.store\/fr\/wp-json\/wp\/v2\/product_tag?post=60098"}],"curies":[{"name":"wp","href":"https:\/\/api.w.org\/{rel}","templated":true}]}}