{"id":60133,"date":"2024-07-12T17:56:49","date_gmt":"2024-07-12T10:56:49","guid":{"rendered":"https:\/\/mouldking.store\/shop\/mould-king-10101-jellyfish-music-box-with-405-pieces\/"},"modified":"2024-07-12T17:56:56","modified_gmt":"2024-07-12T10:56:56","slug":"mould-king-10101-jellyfish-music-box-with-405-pieces","status":"publish","type":"product","link":"https:\/\/mouldking.store\/fr\/shop\/mould-king-10101-jellyfish-music-box-with-405-pieces\/","title":{"rendered":"MOULD KING 10101 Jellyfish Music Box with 405 Pieces"},"content":{"rendered":"<div>\u2705MouldKing 10101 Jellyfish Music Box<\/p>\n<p>\u2705 Jellyfish are fascinating creatures that inhabit marine waters worldwide.&nbsp;<\/p>\n<p>\ud83d\udeabIMPORTANT !<\/p>\n<p>Product Name: Jellyfish Music Box<\/p>\n<p>Cat\u00e9gorie\u00a0: Cr\u00e9ateur<\/p>\n<p>This Kit Contains: MouldKing 10101<\/p>\n<p>405 pcs Good Quality Bricks<\/p>\n<p>Size: 13.6 \u00d7 23.6 cm<\/p>\n<p>Instructions manuelles<\/p>\n<p>\ud83d\udcccNature du protagoniste<\/p>\n<p>Introducing our proud collection named \u201cJellyfish Music Box\u201d you should not miss.<\/p>\n<p>&nbsp;Jellyfish have a gelatinous, umbrella-shaped bell and trailing tentacles. Their bodies are composed mostly of water and protein.&nbsp; They move by contracting and relaxing their bell, which propels them through the water. They are mostly drifters, relying on ocean currents for movement.&nbsp; Most jellyfish have specialized cells called nematocysts in their tentacles, which release venom to stun or capture prey. These stings can also be harmful to humans, depending on the species.&nbsp;<\/p><\/div>","protected":false},"excerpt":{"rendered":"<p>Marque : MOLD KING<br \/>\nGenre: Unisexe<br \/>\nTranche d&#039;\u00e2ge : &gt; 8 ans<br \/>\nModel Number: 10101<br \/>\nClassement : Assemblage<br \/>\nForme de bloc en plastique\u00a0: briques autobloquantes<br \/>\nMat\u00e9riel: Plastique<br \/>\nType de plastique : ABS<br \/>\nBricks Blocks: 405 +<br \/>\nPas de boite d&#039;origine<br \/>\nLe produit n&#039;inclut pas l&#039;autocollant et les pi\u00e8ces imprim\u00e9es. Toutes les pi\u00e8ces imprim\u00e9es seront remplac\u00e9es par des pi\u00e8ces standard et ne seront pas livr\u00e9es avec des accessoires tiers.<\/p>","protected":false},"featured_media":60132,"comment_status":"open","ping_status":"closed","template":"","meta":{"_acf_changed":false},"product_cat":[1365,371],"product_tag":[11072,11775,8452,11511,1465,1370,13505],"class_list":["product","first","instock","shipping-taxable","purchasable","product-type-simple"],"acf":[],"_links":{"self":[{"href":"https:\/\/mouldking.store\/fr\/wp-json\/wp\/v2\/product\/60133","targetHints":{"allow":["GET"]}}],"collection":[{"href":"https:\/\/mouldking.store\/fr\/wp-json\/wp\/v2\/product"}],"about":[{"href":"https:\/\/mouldking.store\/fr\/wp-json\/wp\/v2\/types\/product"}],"replies":[{"embeddable":true,"href":"https:\/\/mouldking.store\/fr\/wp-json\/wp\/v2\/comments?post=60133"}],"wp:featuredmedia":[{"embeddable":true,"href":"https:\/\/mouldking.store\/fr\/wp-json\/wp\/v2\/media\/60132"}],"wp:attachment":[{"href":"https:\/\/mouldking.store\/fr\/wp-json\/wp\/v2\/media?parent=60133"}],"wp:term":[{"taxonomy":"product_cat","embeddable":true,"href":"https:\/\/mouldking.store\/fr\/wp-json\/wp\/v2\/product_cat?post=60133"},{"taxonomy":"product_tag","embeddable":true,"href":"https:\/\/mouldking.store\/fr\/wp-json\/wp\/v2\/product_tag?post=60133"}],"curies":[{"name":"wp","href":"https:\/\/api.w.org\/{rel}","templated":true}]}}