{"id":60154,"date":"2024-07-12T17:57:45","date_gmt":"2024-07-12T10:57:45","guid":{"rendered":"https:\/\/mouldking.store\/shop\/mould-king-13193-styx-pirate-ship-with-3769-pieces\/"},"modified":"2024-07-12T17:57:50","modified_gmt":"2024-07-12T10:57:50","slug":"mould-king-13193-styx-pirate-ship-with-3769-pieces","status":"publish","type":"product","link":"https:\/\/mouldking.store\/fr\/shop\/mould-king-13193-styx-pirate-ship-with-3769-pieces\/","title":{"rendered":"MOULD KING 13193 Styx Pirate Ship with 3769 Pieces"},"content":{"rendered":"<div>\u2705MouldKing 13193 Styx Pirate Ship<\/p>\n<p>\u2705 The &#8220;Styx Pirate Ship&#8221; seems to be a reference to a fictional pirate ship associated with the band Styx, particularly from their concept album &#8220;Pieces of Eight&#8221; released in 1978. The album&#8217;s cover art prominently features a pirate ship, reflecting the thematic elements of treasure and adventure that run through the album&#8217;s songs.&nbsp;<\/p>\n<p>\ud83d\udeabIMPORTANT !<\/p>\n<p>Product Name: Styx Pirate Ship<\/p>\n<p>Cat\u00e9gorie : Technique<\/p>\n<p>This Kit Contains: MouldKing 13193<\/p>\n<p>3769 pcs Good Quality Bricks<\/p>\n<p>Size: 93.4 \u00d7 28.2 \u00d7 62.7 cm<\/p>\n<p>Instructions manuelles<\/p>\n<p>\ud83d\udcccNature du protagoniste<\/p>\n<p>Introducing our proud collection named \u201cStyx Pirate Ship\u201d you should not miss.<\/p>\n<p>&nbsp;Styx, known for their progressive rock and theatrical style, often incorporated elaborate storytelling and imagery into their music and album artwork. The pirate ship on the cover of &#8220;Pieces of Eight&#8221; is a symbol of the album&#8217;s concept, which explores themes of greed, temptation, and the search for meaning.&nbsp;<\/p><\/div>","protected":false},"excerpt":{"rendered":"<p>Marque : MOLD KING<br \/>\nGenre: Unisexe<br \/>\nTranche d&#039;\u00e2ge : &gt; 14 ans<br \/>\nModel Number: 13193<br \/>\nClassement : Assemblage<br \/>\nForme de bloc en plastique\u00a0: briques autobloquantes<br \/>\nMat\u00e9riel: Plastique<br \/>\nType de plastique : ABS<br \/>\nBricks Blocks: 3769 +<br \/>\nPas de boite d&#039;origine<br \/>\nLe produit n&#039;inclut pas l&#039;autocollant et les pi\u00e8ces imprim\u00e9es. Toutes les pi\u00e8ces imprim\u00e9es seront remplac\u00e9es par des pi\u00e8ces standard et ne seront pas livr\u00e9es avec des accessoires tiers.<\/p>","protected":false},"featured_media":60153,"comment_status":"open","ping_status":"closed","template":"","meta":{"_acf_changed":false},"product_cat":[1357,364],"product_tag":[12732,8704,304,13510,389],"class_list":["product","first","instock","shipping-taxable","purchasable","product-type-simple"],"acf":[],"_links":{"self":[{"href":"https:\/\/mouldking.store\/fr\/wp-json\/wp\/v2\/product\/60154","targetHints":{"allow":["GET"]}}],"collection":[{"href":"https:\/\/mouldking.store\/fr\/wp-json\/wp\/v2\/product"}],"about":[{"href":"https:\/\/mouldking.store\/fr\/wp-json\/wp\/v2\/types\/product"}],"replies":[{"embeddable":true,"href":"https:\/\/mouldking.store\/fr\/wp-json\/wp\/v2\/comments?post=60154"}],"wp:featuredmedia":[{"embeddable":true,"href":"https:\/\/mouldking.store\/fr\/wp-json\/wp\/v2\/media\/60153"}],"wp:attachment":[{"href":"https:\/\/mouldking.store\/fr\/wp-json\/wp\/v2\/media?parent=60154"}],"wp:term":[{"taxonomy":"product_cat","embeddable":true,"href":"https:\/\/mouldking.store\/fr\/wp-json\/wp\/v2\/product_cat?post=60154"},{"taxonomy":"product_tag","embeddable":true,"href":"https:\/\/mouldking.store\/fr\/wp-json\/wp\/v2\/product_tag?post=60154"}],"curies":[{"name":"wp","href":"https:\/\/api.w.org\/{rel}","templated":true}]}}