{"id":60222,"date":"2024-07-17T18:14:19","date_gmt":"2024-07-17T11:14:19","guid":{"rendered":"https:\/\/mouldking.store\/shop\/mould-king-12031-union-pacific-844-steam-locomotive-with-motor-with-3357-pieces\/"},"modified":"2024-07-17T18:14:50","modified_gmt":"2024-07-17T11:14:50","slug":"mould-king-12031-union-pacific-844-steam-locomotive-with-motor-with-3357-pieces","status":"publish","type":"product","link":"https:\/\/mouldking.store\/fr\/shop\/mould-king-12031-union-pacific-844-steam-locomotive-with-motor-with-3357-pieces\/","title":{"rendered":"MOULD KING 12031 Union Pacific 844 Steam Locomotive With Motor with 3357 Pieces"},"content":{"rendered":"<div>\u2705MouldKing 12031 Union Pacific 844 Steam Locomotive With Motor<\/p>\n<p>\u2705 The Union Pacific 844 is a historic steam locomotive that holds significant importance in American railroading history. The Union Pacific 844 is a 4-8-4 steam locomotive, classified as a &#8220;Northern&#8221; type.&nbsp; It was built in December 1944 by the American Locomotive Company (ALCO) and was the last steam locomotive delivered to Union Pacific. It served in high-speed passenger service until diesel locomotives took over and then continued in freight service.&nbsp;<\/p>\n<p>\ud83d\udeabIMPORTANT !<\/p>\n<p>Product Name: Union Pacific 844 Steam Locomotive With Motor<\/p>\n<p>Cat\u00e9gorie : Technique<\/p>\n<p>This Kit Contains: MouldKing 12031<\/p>\n<p>3357 pcs Good Quality Bricks<\/p>\n<p>Size: 104.7 \u00d7 9.3 \u00d7 11.1 cm<\/p>\n<p>Instructions manuelles<\/p>\n<p>\ud83d\udcccNature du protagoniste<\/p>\n<p>Introducing our proud collection named \u201cUnion Pacific 844 Steam Locomotive With Motor\u201d you should not miss.<\/p>\n<p>&nbsp;Unlike many steam locomotives of its era, the Union Pacific 844 was never retired and scrapped. Instead, it was preserved and eventually restored to operating condition by the Union Pacific Railroad. &nbsp; Today, the Union Pacific 844 serves as a heritage locomotive, used for special excursion trips and public displays, showcasing the history of steam locomotives and the Union Pacific Railroad.&nbsp; The Union Pacific 844 remains a symbol of the golden age of steam railroading and is a popular attraction for rail enthusiasts and the general public alike.&nbsp;<\/p><\/div>","protected":false},"excerpt":{"rendered":"<p>Marque : MOLD KING<br \/>\nGenre: Unisexe<br \/>\nTranche d&#039;\u00e2ge : &gt; 14 ans<br \/>\nModel Number: 12031<br \/>\nClassement : Assemblage<br \/>\nForme de bloc en plastique\u00a0: briques autobloquantes<br \/>\nMat\u00e9riel: Plastique<br \/>\nType de plastique : ABS<br \/>\nBricks Blocks: 3357 +<br \/>\nPas de boite d&#039;origine<br \/>\nLe produit n&#039;inclut pas l&#039;autocollant et les pi\u00e8ces imprim\u00e9es. Toutes les pi\u00e8ces imprim\u00e9es seront remplac\u00e9es par des pi\u00e8ces standard et ne seront pas livr\u00e9es avec des accessoires tiers.<\/p>","protected":false},"featured_media":60221,"comment_status":"open","ping_status":"closed","template":"","meta":{"_acf_changed":false},"product_cat":[1357,364],"product_tag":[12713,2635,1006,2340,389,11080,300],"class_list":["product","first","instock","shipping-taxable","purchasable","product-type-simple"],"acf":[],"_links":{"self":[{"href":"https:\/\/mouldking.store\/fr\/wp-json\/wp\/v2\/product\/60222","targetHints":{"allow":["GET"]}}],"collection":[{"href":"https:\/\/mouldking.store\/fr\/wp-json\/wp\/v2\/product"}],"about":[{"href":"https:\/\/mouldking.store\/fr\/wp-json\/wp\/v2\/types\/product"}],"replies":[{"embeddable":true,"href":"https:\/\/mouldking.store\/fr\/wp-json\/wp\/v2\/comments?post=60222"}],"wp:featuredmedia":[{"embeddable":true,"href":"https:\/\/mouldking.store\/fr\/wp-json\/wp\/v2\/media\/60221"}],"wp:attachment":[{"href":"https:\/\/mouldking.store\/fr\/wp-json\/wp\/v2\/media?parent=60222"}],"wp:term":[{"taxonomy":"product_cat","embeddable":true,"href":"https:\/\/mouldking.store\/fr\/wp-json\/wp\/v2\/product_cat?post=60222"},{"taxonomy":"product_tag","embeddable":true,"href":"https:\/\/mouldking.store\/fr\/wp-json\/wp\/v2\/product_tag?post=60222"}],"curies":[{"name":"wp","href":"https:\/\/api.w.org\/{rel}","templated":true}]}}