{"id":60248,"date":"2024-07-17T18:16:25","date_gmt":"2024-07-17T11:16:25","guid":{"rendered":"https:\/\/mouldking.store\/shop\/mould-king-18032-monster-truck-megalodon-with-786-pieces\/"},"modified":"2024-07-17T18:16:30","modified_gmt":"2024-07-17T11:16:30","slug":"mould-king-18032-monster-truck-megalodon-with-786-pieces","status":"publish","type":"product","link":"https:\/\/mouldking.store\/fr\/shop\/mould-king-18032-monster-truck-megalodon-with-786-pieces\/","title":{"rendered":"MOULD KING 18032 Monster Truck Megalodon with 786 Pieces"},"content":{"rendered":"<div>\u2705MouldKing 18032 Monster Truck Megalodon<\/p>\n<p>\u2705 The Monster Truck Megalodon is a popular and thrilling monster truck inspired by the prehistoric shark of the same name.&nbsp;<\/p>\n<p>\ud83d\udeabIMPORTANT !<\/p>\n<p>Product Name: Monster Truck Megalodon<\/p>\n<p>Cat\u00e9gorie : Technique<\/p>\n<p>This Kit Contains: MouldKing 18032<\/p>\n<p>786 pcs Good Quality Bricks<\/p>\n<p>Size: 18.6 \u00d7 22.4 \u00d7 33.5 cm<\/p>\n<p>Instructions manuelles<\/p>\n<p>\ud83d\udcccNature du protagoniste<\/p>\n<p>Introducing our proud collection named \u201cMonster Truck Megalodon\u201d you should not miss.<\/p>\n<p>&nbsp;The Monster Truck Megalodon is an exciting blend of prehistoric inspiration and modern engineering, captivating audiences with its dynamic performances and unique design. Whether at live events or through toy models, Megalodon continues to be a significant presence in the world of monster trucks.&nbsp;<\/p><\/div>","protected":false},"excerpt":{"rendered":"<p>Marque : MOLD KING<br \/>\nGenre: Unisexe<br \/>\nTranche d&#039;\u00e2ge : &gt; 14 ans<br \/>\nModel Number: 18032<br \/>\nClassement : Assemblage<br \/>\nForme de bloc en plastique\u00a0: briques autobloquantes<br \/>\nMat\u00e9riel: Plastique<br \/>\nType de plastique : ABS<br \/>\nBricks Blocks: 786 +<br \/>\nPas de boite d&#039;origine<br \/>\nLe produit n&#039;inclut pas l&#039;autocollant et les pi\u00e8ces imprim\u00e9es. Toutes les pi\u00e8ces imprim\u00e9es seront remplac\u00e9es par des pi\u00e8ces standard et ne seront pas livr\u00e9es avec des accessoires tiers.<\/p>","protected":false},"featured_media":60247,"comment_status":"open","ping_status":"closed","template":"","meta":{"_acf_changed":false},"product_cat":[1357,364],"product_tag":[13526,468,389,11080,466],"class_list":["product","first","instock","shipping-taxable","purchasable","product-type-simple"],"acf":[],"_links":{"self":[{"href":"https:\/\/mouldking.store\/fr\/wp-json\/wp\/v2\/product\/60248","targetHints":{"allow":["GET"]}}],"collection":[{"href":"https:\/\/mouldking.store\/fr\/wp-json\/wp\/v2\/product"}],"about":[{"href":"https:\/\/mouldking.store\/fr\/wp-json\/wp\/v2\/types\/product"}],"replies":[{"embeddable":true,"href":"https:\/\/mouldking.store\/fr\/wp-json\/wp\/v2\/comments?post=60248"}],"wp:featuredmedia":[{"embeddable":true,"href":"https:\/\/mouldking.store\/fr\/wp-json\/wp\/v2\/media\/60247"}],"wp:attachment":[{"href":"https:\/\/mouldking.store\/fr\/wp-json\/wp\/v2\/media?parent=60248"}],"wp:term":[{"taxonomy":"product_cat","embeddable":true,"href":"https:\/\/mouldking.store\/fr\/wp-json\/wp\/v2\/product_cat?post=60248"},{"taxonomy":"product_tag","embeddable":true,"href":"https:\/\/mouldking.store\/fr\/wp-json\/wp\/v2\/product_tag?post=60248"}],"curies":[{"name":"wp","href":"https:\/\/api.w.org\/{rel}","templated":true}]}}