{"id":60252,"date":"2024-07-17T18:16:27","date_gmt":"2024-07-17T11:16:27","guid":{"rendered":"https:\/\/mouldking.store\/shop\/mould-king-20029-bridge-laying-vehicle-with-motor-with-1759-pieces\/"},"modified":"2024-07-17T18:16:38","modified_gmt":"2024-07-17T11:16:38","slug":"mould-king-20029-bridge-laying-vehicle-with-motor-with-1759-pieces","status":"publish","type":"product","link":"https:\/\/mouldking.store\/fr\/shop\/mould-king-20029-bridge-laying-vehicle-with-motor-with-1759-pieces\/","title":{"rendered":"MOULD KING 20029 Bridge Laying Vehicle With Motor with 1759 Pieces"},"content":{"rendered":"<div>\u2705MouldKing 20029 Bridge Laying Vehicle With Motor<\/p>\n<p>\u2705 A Bridge Laying Vehicle (BLV) is a specialized military engineering vehicle designed to deploy and lay bridges quickly to allow troops and equipment to cross obstacles such as rivers, ravines, and trenches.&nbsp;<\/p>\n<p>\ud83d\udeabIMPORTANT !<\/p>\n<p>Product Name: Bridge Laying Vehicle With Motor<\/p>\n<p>Cat\u00e9gorie : Technique<\/p>\n<p>This Kit Contains: MouldKing 20029<\/p>\n<p>1759 pcs Good Quality Bricks<\/p>\n<p>Size: 51.5 \u00d7 19.5 \u00d7 21.7 cm<\/p>\n<p>Instructions manuelles<\/p>\n<p>\ud83d\udcccNature du protagoniste<\/p>\n<p>Introducing our proud collection named \u201cBridge Laying Vehicle With Motor\u201d you should not miss.<\/p>\n<p>&nbsp;Bridge laying vehicles are vital assets in military engineering, providing essential support for mobility and logistics, and ensuring that forces can maintain their operational tempo across challenging terrains and obstacles.&nbsp;<\/p><\/div>","protected":false},"excerpt":{"rendered":"<p>Marque : MOLD KING<br \/>\nGenre: Unisexe<br \/>\nTranche d&#039;\u00e2ge : &gt; 14 ans<br \/>\nModel Number: 20029<br \/>\nClassement : Assemblage<br \/>\nForme de bloc en plastique\u00a0: briques autobloquantes<br \/>\nMat\u00e9riel: Plastique<br \/>\nType de plastique : ABS<br \/>\nBricks Blocks: 1759 +<br \/>\nPas de boite d&#039;origine<br \/>\nLe produit n&#039;inclut pas l&#039;autocollant et les pi\u00e8ces imprim\u00e9es. Toutes les pi\u00e8ces imprim\u00e9es seront remplac\u00e9es par des pi\u00e8ces standard et ne seront pas livr\u00e9es avec des accessoires tiers.<\/p>","protected":false},"featured_media":60251,"comment_status":"open","ping_status":"closed","template":"","meta":{"_acf_changed":false},"product_cat":[1384,1357,364],"product_tag":[10639,13525,389,11080,2803],"class_list":["product","first","instock","shipping-taxable","purchasable","product-type-simple"],"acf":[],"_links":{"self":[{"href":"https:\/\/mouldking.store\/fr\/wp-json\/wp\/v2\/product\/60252","targetHints":{"allow":["GET"]}}],"collection":[{"href":"https:\/\/mouldking.store\/fr\/wp-json\/wp\/v2\/product"}],"about":[{"href":"https:\/\/mouldking.store\/fr\/wp-json\/wp\/v2\/types\/product"}],"replies":[{"embeddable":true,"href":"https:\/\/mouldking.store\/fr\/wp-json\/wp\/v2\/comments?post=60252"}],"wp:featuredmedia":[{"embeddable":true,"href":"https:\/\/mouldking.store\/fr\/wp-json\/wp\/v2\/media\/60251"}],"wp:attachment":[{"href":"https:\/\/mouldking.store\/fr\/wp-json\/wp\/v2\/media?parent=60252"}],"wp:term":[{"taxonomy":"product_cat","embeddable":true,"href":"https:\/\/mouldking.store\/fr\/wp-json\/wp\/v2\/product_cat?post=60252"},{"taxonomy":"product_tag","embeddable":true,"href":"https:\/\/mouldking.store\/fr\/wp-json\/wp\/v2\/product_tag?post=60252"}],"curies":[{"name":"wp","href":"https:\/\/api.w.org\/{rel}","templated":true}]}}