{"id":60262,"date":"2024-07-17T18:16:51","date_gmt":"2024-07-17T11:16:51","guid":{"rendered":"https:\/\/mouldking.store\/shop\/mould-king-18020-pneumatic-crawler-tractor-with-motor-with-1698-pieces\/"},"modified":"2024-07-17T18:16:58","modified_gmt":"2024-07-17T11:16:58","slug":"mould-king-18020-pneumatic-crawler-tractor-with-motor-with-1698-pieces","status":"publish","type":"product","link":"https:\/\/mouldking.store\/fr\/shop\/mould-king-18020-pneumatic-crawler-tractor-with-motor-with-1698-pieces\/","title":{"rendered":"MOULD KING 18020 Pneumatic Crawler Tractor With Motor with 1698 Pieces"},"content":{"rendered":"<div>\u2705MouldKing 18020 Pneumatic Crawler Tractor With Motor<\/p>\n<p>\u2705 A Pneumatic Crawler Tractor, often referred to as a pneumatic track tractor, is a type of construction and agricultural vehicle that combines pneumatic (air-filled) technology with crawler (track) mechanisms to enhance its performance and versatility.&nbsp;<\/p>\n<p>\ud83d\udeabIMPORTANT !<\/p>\n<p>Product Name: Pneumatic Crawler Tractor With Motor<\/p>\n<p>Cat\u00e9gorie : Technique<\/p>\n<p>This Kit Contains: MouldKing 18020<\/p>\n<p>1698 pcs Good Quality Bricks<\/p>\n<p>Size:&nbsp; 45 \u00d7 19 \u00d7 22.6 cm<\/p>\n<p>Instructions manuelles<\/p>\n<p>\ud83d\udcccNature du protagoniste<\/p>\n<p>Introducing our proud collection named \u201cPneumatic Crawler Tractor With Motor\u201d you should not miss.<\/p>\n<p>&nbsp;A pneumatic crawler tractor is a versatile and powerful machine that combines the benefits of crawler tracks and pneumatic technology to handle a wide range of tasks in challenging environments. Its design and features make it an essential tool in construction, agriculture, forestry, and mining operations.&nbsp;<\/p><\/div>","protected":false},"excerpt":{"rendered":"<p>Marque : MOLD KING<br \/>\nGenre: Unisexe<br \/>\nTranche d&#039;\u00e2ge : &gt; 14 ans<br \/>\nModel Number: 18020<br \/>\nClassement : Assemblage<br \/>\nForme de bloc en plastique\u00a0: briques autobloquantes<br \/>\nMat\u00e9riel: Plastique<br \/>\nType de plastique : ABS<br \/>\nBricks Blocks: 1698 +<br \/>\nPas de boite d&#039;origine<br \/>\nLe produit n&#039;inclut pas l&#039;autocollant et les pi\u00e8ces imprim\u00e9es. Toutes les pi\u00e8ces imprim\u00e9es seront remplac\u00e9es par des pi\u00e8ces standard et ne seront pas livr\u00e9es avec des accessoires tiers.<\/p>","protected":false},"featured_media":60261,"comment_status":"open","ping_status":"closed","template":"","meta":{"_acf_changed":false},"product_cat":[1357,364],"product_tag":[12472,11646,389,11080,6245],"class_list":["product","first","instock","shipping-taxable","purchasable","product-type-simple"],"acf":[],"_links":{"self":[{"href":"https:\/\/mouldking.store\/fr\/wp-json\/wp\/v2\/product\/60262","targetHints":{"allow":["GET"]}}],"collection":[{"href":"https:\/\/mouldking.store\/fr\/wp-json\/wp\/v2\/product"}],"about":[{"href":"https:\/\/mouldking.store\/fr\/wp-json\/wp\/v2\/types\/product"}],"replies":[{"embeddable":true,"href":"https:\/\/mouldking.store\/fr\/wp-json\/wp\/v2\/comments?post=60262"}],"wp:featuredmedia":[{"embeddable":true,"href":"https:\/\/mouldking.store\/fr\/wp-json\/wp\/v2\/media\/60261"}],"wp:attachment":[{"href":"https:\/\/mouldking.store\/fr\/wp-json\/wp\/v2\/media?parent=60262"}],"wp:term":[{"taxonomy":"product_cat","embeddable":true,"href":"https:\/\/mouldking.store\/fr\/wp-json\/wp\/v2\/product_cat?post=60262"},{"taxonomy":"product_tag","embeddable":true,"href":"https:\/\/mouldking.store\/fr\/wp-json\/wp\/v2\/product_tag?post=60262"}],"curies":[{"name":"wp","href":"https:\/\/api.w.org\/{rel}","templated":true}]}}