{"id":60268,"date":"2024-07-17T18:16:56","date_gmt":"2024-07-17T11:16:56","guid":{"rendered":"https:\/\/mouldking.store\/shop\/mould-king-24050-tandem-rotor-helicopter-with-270-pieces\/"},"modified":"2024-07-17T18:17:11","modified_gmt":"2024-07-17T11:17:11","slug":"mould-king-24050-tandem-rotor-helicopter-with-270-pieces","status":"publish","type":"product","link":"https:\/\/mouldking.store\/fr\/shop\/mould-king-24050-tandem-rotor-helicopter-with-270-pieces\/","title":{"rendered":"MOULD KING 24050 Tandem Rotor Helicopter with 270 Pieces"},"content":{"rendered":"<div>\u2705MouldKing 24050 Tandem Rotor Helicopter<\/p>\n<p>\u2705 A tandem rotor helicopter is a type of helicopter that uses two large horizontal rotor assemblies mounted one in front of the other, as opposed to the single main rotor and tail rotor configuration commonly seen in most helicopters. This design has several unique features and advantages, making tandem rotor helicopters particularly effective for specific applications.&nbsp;<\/p>\n<p>\ud83d\udeabIMPORTANT !<\/p>\n<p>Product Name: Tandem Rotor Helicopter<\/p>\n<p>Cat\u00e9gorie : Technique<\/p>\n<p>This Kit Contains: MouldKing 24050<\/p>\n<p>270 pcs Good Quality Bricks<\/p>\n<p>Size: 30.8 \u00d7 14.5 \u00d7 9.7 cm<\/p>\n<p>Instructions manuelles<\/p>\n<p>\ud83d\udcccNature du protagoniste<\/p>\n<p>Introducing our proud collection named \u201cTandem Rotor Helicopter\u201d you should not miss.<\/p>\n<p>&nbsp;Tandem rotor helicopters are highly valued for their unique capabilities and are indispensable in scenarios requiring heavy lifting and stable flight. Their design and operational advantages make them a crucial asset in both military and civilian applications.&nbsp;<\/p><\/div>","protected":false},"excerpt":{"rendered":"<p>Marque : MOLD KING<br \/>\nGenre: Unisexe<br \/>\nTranche d&#039;\u00e2ge : &gt; 8 ans<br \/>\nModel Number: 24050<br \/>\nClassement : Assemblage<br \/>\nForme de bloc en plastique\u00a0: briques autobloquantes<br \/>\nMat\u00e9riel: Plastique<br \/>\nType de plastique : ABS<br \/>\nBricks Blocks: 270 +<br \/>\nPas de boite d&#039;origine<br \/>\nLe produit n&#039;inclut pas l&#039;autocollant et les pi\u00e8ces imprim\u00e9es. Toutes les pi\u00e8ces imprim\u00e9es seront remplac\u00e9es par des pi\u00e8ces standard et ne seront pas livr\u00e9es avec des accessoires tiers.<\/p>","protected":false},"featured_media":60267,"comment_status":"open","ping_status":"closed","template":"","meta":{"_acf_changed":false},"product_cat":[1357,364],"product_tag":[5298,13528,13527,389,11080,11501],"class_list":["product","first","instock","shipping-taxable","purchasable","product-type-simple"],"acf":[],"_links":{"self":[{"href":"https:\/\/mouldking.store\/fr\/wp-json\/wp\/v2\/product\/60268","targetHints":{"allow":["GET"]}}],"collection":[{"href":"https:\/\/mouldking.store\/fr\/wp-json\/wp\/v2\/product"}],"about":[{"href":"https:\/\/mouldking.store\/fr\/wp-json\/wp\/v2\/types\/product"}],"replies":[{"embeddable":true,"href":"https:\/\/mouldking.store\/fr\/wp-json\/wp\/v2\/comments?post=60268"}],"wp:featuredmedia":[{"embeddable":true,"href":"https:\/\/mouldking.store\/fr\/wp-json\/wp\/v2\/media\/60267"}],"wp:attachment":[{"href":"https:\/\/mouldking.store\/fr\/wp-json\/wp\/v2\/media?parent=60268"}],"wp:term":[{"taxonomy":"product_cat","embeddable":true,"href":"https:\/\/mouldking.store\/fr\/wp-json\/wp\/v2\/product_cat?post=60268"},{"taxonomy":"product_tag","embeddable":true,"href":"https:\/\/mouldking.store\/fr\/wp-json\/wp\/v2\/product_tag?post=60268"}],"curies":[{"name":"wp","href":"https:\/\/api.w.org\/{rel}","templated":true}]}}